{"id":1297,"date":"2025-04-03T15:46:53","date_gmt":"2025-04-03T15:46:53","guid":{"rendered":"https:\/\/bebest-coaching.com\/privacy-policy\/"},"modified":"2026-01-14T09:57:27","modified_gmt":"2026-01-14T09:57:27","slug":"rechtliche-hinweise","status":"publish","type":"page","link":"https:\/\/bebest-coaching.com\/de\/rechtliche-hinweise\/","title":{"rendered":"Rechtliche Hinweise"},"content":{"rendered":"\n<section class=\"wp-block-group wrap_top_page has-background\" style=\"background-color:#152948\"><div class=\"wp-block-group__inner-container is-layout-constrained wp-block-group-is-layout-constrained\">\n<div class=\"wp-block-group wrap_content\"><div class=\"wp-block-group__inner-container is-layout-constrained wp-block-group-is-layout-constrained\">\n<h1 class=\"wp-block-heading has-white-color has-text-color has-link-color wp-elements-ec1a1cb124d3262dd990f6da37f02386\">Rechtliche Hinweise<\/h1>\n\n\n\n<div class=\"arrow-down-top\"><i class=\"fa-solid fa-arrow-down-long\"><\/i><\/div>\n<\/div><\/div>\n<\/div><\/section>\n\n\n\n<div class=\"wp-block-group wrap_content pt80 pb80\"><div class=\"wp-block-group__inner-container is-layout-constrained wp-block-group-is-layout-constrained\">\n<h2 class=\"wp-block-heading\" id=\"h-informations\">Informationen<\/h2>\n\n\n\n<p>Die Website <a href=\"https:\/\/bebest-coaching.com\/de\/\">https:\/\/bebest-coaching.com<\/a> wird herausgegeben von <strong>Audrey JEANROND<\/strong>.<\/p>\n\n\n\n<p><strong>Firmensitz:<\/strong><br>Kreuzerberg 8<br>54309 Newel<br>Deutschland<\/p>\n\n\n\n<p><strong>Umsatzsteuer-Identifikationsnummer:<\/strong> DE350110217<\/p>\n\n\n\n<h2 class=\"wp-block-heading\" id=\"h-credits\">Bildnachweise<\/h2>\n\n\n\n<p><strong>Design und Umsetzung:<\/strong> Momentum<br><strong>Webmaster:<\/strong> Momentum<\/p>\n\n\n\n<p><strong>Fotos:<\/strong><\/p>\n\n\n\n<ul class=\"wp-block-list\">\n<li>Envato<\/li>\n\n\n\n<li>Adobe Stock<\/li>\n<\/ul>\n\n\n\n<div style=\"height:40px\" aria-hidden=\"true\" class=\"wp-block-spacer\"><\/div>\n\n\n\n<h2 class=\"wp-block-heading\" id=\"h-medias\">Medien<\/h2>\n\n\n\n<p>Wenn Sie Bilder auf diese Website hochladen, empfehlen wir Ihnen, Bilder mit eingebetteten GPS-Standortdaten (EXIF-Daten) zu vermeiden. Besucher dieser Website k\u00f6nnen diese Bilder herunterladen und Standortinformationen daraus extrahieren.<\/p>\n\n\n\n<h2 class=\"wp-block-heading\" id=\"h-propriete-intellectuelle\">Geistiges Eigentum<\/h2>\n\n\n\n<p>Alle auf dieser Website vorhandenen Softwareentwicklungen, einschlie\u00dflich der Administrationsoberfl\u00e4chen sowie der angebotenen Dienste (Forum, Chat, G\u00e4stebuch usw.), sind originale Werke und durch das Urheberrecht gesch\u00fctzt.<\/p>\n\n\n\n<p>Alle Bestandteile der Struktur dieser Website (Fotos, Bilder, Logos usw.) sind ebenfalls urheberrechtlich gesch\u00fctzt und ausschlie\u00dfliches Eigentum der oben genannten Person bzw. des Unternehmens.<\/p>\n\n\n\n<p>Die Inhalte der Website (Texte, Artikel usw.) sind ausschlie\u00dfliches Eigentum ihrer jeweiligen Autoren und d\u00fcrfen ohne deren vorherige Zustimmung weder vervielf\u00e4ltigt noch verwendet werden. Inhalte aus externen Quellen wurden mit ausdr\u00fccklicher oder stillschweigender Zustimmung der jeweiligen Autoren \u00fcbernommen.<\/p>\n\n\n\n<p>Entsprechende Hinweise auf die Quellen und Autoren sind auf den jeweiligen Websites angegeben.<\/p>\n\n\n\n<h2 class=\"wp-block-heading\" id=\"h-droit-de-reponse-sur-le-site\">Recht auf Gegendarstellung<\/h2>\n\n\n\n<p>Gem\u00e4\u00df Artikel 6 IV des franz\u00f6sischen Gesetzes Nr. 2004-575 hat jede nat\u00fcrliche oder juristische Person, die auf der Website bebest-coaching.com genannt oder bezeichnet wird, ein Recht auf Gegendarstellung, unbeschadet etwaiger Antr\u00e4ge auf Berichtigung oder L\u00f6schung des betreffenden Inhalts, die an den Firmensitz gerichtet werden k\u00f6nnen.<\/p>\n\n\n\n<p>Der Antrag auf Aus\u00fcbung des Rechts auf Gegendarstellung, der an den Verantwortlichen f\u00fcr die Ver\u00f6ffentlichung zu richten ist, muss sp\u00e4testens innerhalb von drei Monaten nach der \u00f6ffentlichen Zug\u00e4nglichmachung des betreffenden Inhalts gestellt werden.<\/p>\n\n\n\n<h2 class=\"wp-block-heading\" id=\"h-gestion-des-cookies\">Cookie-Verwaltung<\/h2>\n\n\n\n<p>Beim Aufrufen der Login-Seite wird ein tempor\u00e4res Cookie gesetzt, um festzustellen, ob Ihr Browser Cookies akzeptiert. Dieses Cookie enth\u00e4lt keine personenbezogenen Daten und wird automatisch gel\u00f6scht, sobald Sie Ihren Browser schlie\u00dfen.<\/p>\n\n\n\n<p>Wenn Sie sich anmelden, werden mehrere Cookies gesetzt, um Ihre Anmeldeinformationen sowie Ihre Anzeigeeinstellungen zu speichern. Die G\u00fcltigkeitsdauer eines Login-Cookies betr\u00e4gt zwei Tage, die eines Cookies f\u00fcr Anzeigeoptionen ein Jahr.<\/p>\n\n\n\n<p>Die Verwaltung der Cookies kann \u00fcber die Einstellungen Ihres Browsers erfolgen.<\/p>\n\n\n\n<p>Wir weisen darauf hin, dass eine optimale Nutzung dieser Website sowie der Zugriff auf bestimmte Dienste den Einsatz von Cookies erfordern.<\/p>\n\n\n\n<p>Sie k\u00f6nnen au\u00dferdem die Dienste verwalten, denen Sie die Erfassung von Informationen erlauben, indem Sie auf die Schaltfl\u00e4che <strong>\u201eCookie-Einstellungen\u201c<\/strong> am unteren Rand der Website klicken.<\/p>\n\n\n\n<p>Nachfolgend finden Sie Links zur Konfiguration von Cookies in den g\u00e4ngigsten Browsern:<\/p>\n\n\n\n<ul class=\"wp-block-list liste-points\">\n<li>Chrome : <a rel=\"noreferrer noopener\" href=\"https:\/\/support.google.com\/chrome\/answer\/95647?hl=fr\" target=\"_blank\">https:\/\/support.google.com\/chrome\/answer\/95647?hl=fr<\/a><\/li>\n\n\n\n<li>Internet explorer : <a rel=\"noreferrer noopener\" href=\"https:\/\/support.microsoft.com\/fr-fr\/help\/17442\/windows-internet-explorer-delete-manage-cookies\" target=\"_blank\">https:\/\/support.microsoft.com\/fr-fr\/help\/17442\/windows-internet-explorer-delete-manage-cookies<\/a><\/li>\n\n\n\n<li>Firefox : <a rel=\"noreferrer noopener\" href=\"https:\/\/support.mozilla.org\/fr\/kb\/activer-desactiver-cookies-preferences\" target=\"_blank\">https:\/\/support.mozilla.org\/fr\/kb\/activer-desactiver-cookies-preferences<\/a><\/li>\n\n\n\n<li>Safari : <a rel=\"noreferrer noopener\" href=\"https:\/\/support.apple.com\/fr-fr\/guide\/safari\/sfri11471\/mac\" target=\"_blank\">https:\/\/support.apple.com\/fr-fr\/guide\/safari\/sfri11471\/maccale=fr_FR<\/a><\/li>\n<\/ul>\n\n\n\n<div style=\"height:20px\" aria-hidden=\"true\" class=\"wp-block-spacer\"><\/div>\n\n\n\n<h2 class=\"wp-block-heading\" id=\"h-hebergement\">Hosting<\/h2>\n\n\n\n<p>Diese Website wird auf Servern von <strong>IONOS<\/strong> gehostet.<\/p>\n\n\n\n<h2 class=\"wp-block-heading\" id=\"h-contact\">Kontakt<\/h2>\n\n\n\n<p>F\u00fcr Ausk\u00fcnfte oder zur Aus\u00fcbung Ihres Auskunftsrechts k\u00f6nnen Sie uns unter folgender E-Mail-Adresse kontaktieren: <a href=\"mailto:audrey@bebest-coaching.com\">audrey@bebest-coaching.com<\/a><\/p>\n\n\n\n<div style=\"height:50px\" aria-hidden=\"true\" class=\"wp-block-spacer\"><\/div>\n<\/div><\/div>\n","protected":false},"excerpt":{"rendered":"<p>Rechtliche Hinweise Informationen Die Website https:\/\/bebest-coaching.com wird herausgegeben von Audrey [&hellip;]<\/p>\n","protected":false},"author":1,"featured_media":0,"parent":0,"menu_order":20,"comment_status":"closed","ping_status":"open","template":"","meta":{"_acf_changed":false,"footnotes":""},"class_list":["post-1297","page","type-page","status-publish","hentry"],"acf":[],"yoast_head":"<!-- This site is optimized with the Yoast SEO plugin v27.4 - https:\/\/yoast.com\/product\/yoast-seo-wordpress\/ -->\n<title>Rechtliche Hinweise | Bebest Coaching<\/title>\n<meta name=\"robots\" content=\"index, follow, max-snippet:-1, max-image-preview:large, max-video-preview:-1\" \/>\n<link rel=\"canonical\" href=\"https:\/\/bebest-coaching.com\/de\/rechtliche-hinweise\/\" \/>\n<meta property=\"og:locale\" content=\"de_DE\" \/>\n<meta property=\"og:type\" content=\"article\" \/>\n<meta property=\"og:title\" content=\"Rechtliche Hinweise | Bebest Coaching\" \/>\n<meta property=\"og:description\" content=\"Rechtliche Hinweise Informationen Die Website https:\/\/bebest-coaching.com wird herausgegeben von Audrey [&hellip;]\" \/>\n<meta property=\"og:url\" content=\"https:\/\/bebest-coaching.com\/de\/rechtliche-hinweise\/\" \/>\n<meta property=\"og:site_name\" content=\"Bebest Coaching\" \/>\n<meta property=\"article:modified_time\" content=\"2026-01-14T09:57:27+00:00\" \/>\n<meta name=\"twitter:card\" content=\"summary_large_image\" \/>\n<meta name=\"twitter:label1\" content=\"Gesch\u00e4tzte Lesezeit\" \/>\n\t<meta name=\"twitter:data1\" content=\"3\u00a0Minuten\" \/>\n<script type=\"application\/ld+json\" class=\"yoast-schema-graph\">{\"@context\":\"https:\\\/\\\/schema.org\",\"@graph\":[{\"@type\":\"WebPage\",\"@id\":\"https:\\\/\\\/bebest-coaching.com\\\/de\\\/rechtliche-hinweise\\\/\",\"url\":\"https:\\\/\\\/bebest-coaching.com\\\/de\\\/rechtliche-hinweise\\\/\",\"name\":\"Rechtliche Hinweise | Bebest Coaching\",\"isPartOf\":{\"@id\":\"https:\\\/\\\/bebest-coaching.com\\\/de\\\/#website\"},\"datePublished\":\"2025-04-03T15:46:53+00:00\",\"dateModified\":\"2026-01-14T09:57:27+00:00\",\"breadcrumb\":{\"@id\":\"https:\\\/\\\/bebest-coaching.com\\\/de\\\/rechtliche-hinweise\\\/#breadcrumb\"},\"inLanguage\":\"de\",\"potentialAction\":[{\"@type\":\"ReadAction\",\"target\":[\"https:\\\/\\\/bebest-coaching.com\\\/de\\\/rechtliche-hinweise\\\/\"]}]},{\"@type\":\"BreadcrumbList\",\"@id\":\"https:\\\/\\\/bebest-coaching.com\\\/de\\\/rechtliche-hinweise\\\/#breadcrumb\",\"itemListElement\":[{\"@type\":\"ListItem\",\"position\":1,\"name\":\"Startseite\",\"item\":\"https:\\\/\\\/bebest-coaching.com\\\/de\\\/\"},{\"@type\":\"ListItem\",\"position\":2,\"name\":\"Rechtliche Hinweise\"}]},{\"@type\":\"WebSite\",\"@id\":\"https:\\\/\\\/bebest-coaching.com\\\/de\\\/#website\",\"url\":\"https:\\\/\\\/bebest-coaching.com\\\/de\\\/\",\"name\":\"Bebest Coaching\",\"description\":\"Au del\u00e0 du coaching business, une m\u00e9thode et une transformation.\",\"publisher\":{\"@id\":\"https:\\\/\\\/bebest-coaching.com\\\/de\\\/#organization\"},\"potentialAction\":[{\"@type\":\"SearchAction\",\"target\":{\"@type\":\"EntryPoint\",\"urlTemplate\":\"https:\\\/\\\/bebest-coaching.com\\\/de\\\/?s={search_term_string}\"},\"query-input\":{\"@type\":\"PropertyValueSpecification\",\"valueRequired\":true,\"valueName\":\"search_term_string\"}}],\"inLanguage\":\"de\"},{\"@type\":\"Organization\",\"@id\":\"https:\\\/\\\/bebest-coaching.com\\\/de\\\/#organization\",\"name\":\"Bebest Coaching\",\"url\":\"https:\\\/\\\/bebest-coaching.com\\\/de\\\/\",\"logo\":{\"@type\":\"ImageObject\",\"inLanguage\":\"de\",\"@id\":\"https:\\\/\\\/bebest-coaching.com\\\/de\\\/#\\\/schema\\\/logo\\\/image\\\/\",\"url\":\"https:\\\/\\\/bebest-coaching.com\\\/wp-content\\\/uploads\\\/2025\\\/12\\\/logo-bebest.png\",\"contentUrl\":\"https:\\\/\\\/bebest-coaching.com\\\/wp-content\\\/uploads\\\/2025\\\/12\\\/logo-bebest.png\",\"width\":220,\"height\":218,\"caption\":\"Bebest Coaching\"},\"image\":{\"@id\":\"https:\\\/\\\/bebest-coaching.com\\\/de\\\/#\\\/schema\\\/logo\\\/image\\\/\"},\"sameAs\":[\"https:\\\/\\\/www.linkedin.com\\\/in\\\/audrey-jeanrond\\\/\",\"https:\\\/\\\/www.instagram.com\\\/audreyjeanrond\\\/\"]}]}<\/script>\n<!-- \/ Yoast SEO plugin. -->","yoast_head_json":{"title":"Rechtliche Hinweise | Bebest Coaching","robots":{"index":"index","follow":"follow","max-snippet":"max-snippet:-1","max-image-preview":"max-image-preview:large","max-video-preview":"max-video-preview:-1"},"canonical":"https:\/\/bebest-coaching.com\/de\/rechtliche-hinweise\/","og_locale":"de_DE","og_type":"article","og_title":"Rechtliche Hinweise | Bebest Coaching","og_description":"Rechtliche Hinweise Informationen Die Website https:\/\/bebest-coaching.com wird herausgegeben von Audrey [&hellip;]","og_url":"https:\/\/bebest-coaching.com\/de\/rechtliche-hinweise\/","og_site_name":"Bebest Coaching","article_modified_time":"2026-01-14T09:57:27+00:00","twitter_card":"summary_large_image","twitter_misc":{"Gesch\u00e4tzte Lesezeit":"3\u00a0Minuten"},"schema":{"@context":"https:\/\/schema.org","@graph":[{"@type":"WebPage","@id":"https:\/\/bebest-coaching.com\/de\/rechtliche-hinweise\/","url":"https:\/\/bebest-coaching.com\/de\/rechtliche-hinweise\/","name":"Rechtliche Hinweise | Bebest Coaching","isPartOf":{"@id":"https:\/\/bebest-coaching.com\/de\/#website"},"datePublished":"2025-04-03T15:46:53+00:00","dateModified":"2026-01-14T09:57:27+00:00","breadcrumb":{"@id":"https:\/\/bebest-coaching.com\/de\/rechtliche-hinweise\/#breadcrumb"},"inLanguage":"de","potentialAction":[{"@type":"ReadAction","target":["https:\/\/bebest-coaching.com\/de\/rechtliche-hinweise\/"]}]},{"@type":"BreadcrumbList","@id":"https:\/\/bebest-coaching.com\/de\/rechtliche-hinweise\/#breadcrumb","itemListElement":[{"@type":"ListItem","position":1,"name":"Startseite","item":"https:\/\/bebest-coaching.com\/de\/"},{"@type":"ListItem","position":2,"name":"Rechtliche Hinweise"}]},{"@type":"WebSite","@id":"https:\/\/bebest-coaching.com\/de\/#website","url":"https:\/\/bebest-coaching.com\/de\/","name":"Bebest Coaching","description":"Au del\u00e0 du coaching business, une m\u00e9thode et une transformation.","publisher":{"@id":"https:\/\/bebest-coaching.com\/de\/#organization"},"potentialAction":[{"@type":"SearchAction","target":{"@type":"EntryPoint","urlTemplate":"https:\/\/bebest-coaching.com\/de\/?s={search_term_string}"},"query-input":{"@type":"PropertyValueSpecification","valueRequired":true,"valueName":"search_term_string"}}],"inLanguage":"de"},{"@type":"Organization","@id":"https:\/\/bebest-coaching.com\/de\/#organization","name":"Bebest Coaching","url":"https:\/\/bebest-coaching.com\/de\/","logo":{"@type":"ImageObject","inLanguage":"de","@id":"https:\/\/bebest-coaching.com\/de\/#\/schema\/logo\/image\/","url":"https:\/\/bebest-coaching.com\/wp-content\/uploads\/2025\/12\/logo-bebest.png","contentUrl":"https:\/\/bebest-coaching.com\/wp-content\/uploads\/2025\/12\/logo-bebest.png","width":220,"height":218,"caption":"Bebest Coaching"},"image":{"@id":"https:\/\/bebest-coaching.com\/de\/#\/schema\/logo\/image\/"},"sameAs":["https:\/\/www.linkedin.com\/in\/audrey-jeanrond\/","https:\/\/www.instagram.com\/audreyjeanrond\/"]}]}},"_links":{"self":[{"href":"https:\/\/bebest-coaching.com\/de\/wp-json\/wp\/v2\/pages\/1297","targetHints":{"allow":["GET"]}}],"collection":[{"href":"https:\/\/bebest-coaching.com\/de\/wp-json\/wp\/v2\/pages"}],"about":[{"href":"https:\/\/bebest-coaching.com\/de\/wp-json\/wp\/v2\/types\/page"}],"author":[{"embeddable":true,"href":"https:\/\/bebest-coaching.com\/de\/wp-json\/wp\/v2\/users\/1"}],"replies":[{"embeddable":true,"href":"https:\/\/bebest-coaching.com\/de\/wp-json\/wp\/v2\/comments?post=1297"}],"version-history":[{"count":2,"href":"https:\/\/bebest-coaching.com\/de\/wp-json\/wp\/v2\/pages\/1297\/revisions"}],"predecessor-version":[{"id":1390,"href":"https:\/\/bebest-coaching.com\/de\/wp-json\/wp\/v2\/pages\/1297\/revisions\/1390"}],"wp:attachment":[{"href":"https:\/\/bebest-coaching.com\/de\/wp-json\/wp\/v2\/media?parent=1297"}],"curies":[{"name":"wp","href":"https:\/\/api.w.org\/{rel}","templated":true}]}}