{"id":1336,"date":"2025-04-04T21:14:56","date_gmt":"2025-04-04T21:14:56","guid":{"rendered":"https:\/\/bebest-coaching.com\/services\/"},"modified":"2026-01-14T10:10:03","modified_gmt":"2026-01-14T10:10:03","slug":"services","status":"publish","type":"page","link":"https:\/\/bebest-coaching.com\/de\/services\/","title":{"rendered":"Leistungen"},"content":{"rendered":"\n<section class=\"wp-block-group wrap_top_page mb100 has-background\" style=\"background-color:#152948\"><div class=\"wp-block-group__inner-container is-layout-constrained wp-block-group-is-layout-constrained\">\n<div class=\"wp-block-group wrap_content\"><div class=\"wp-block-group__inner-container is-layout-constrained wp-block-group-is-layout-constrained\"><div class=\"yoast-breadcrumbs\"><span><span><a href=\"https:\/\/bebest-coaching.com\/de\/\">Startseite<\/a><\/span> \/ <span class=\"breadcrumb_last\" aria-current=\"page\">Leistungen<\/span><\/span><\/div>\n\n\n<h1 class=\"wp-block-heading has-white-color has-text-color has-link-color wp-elements-8f381e058105e688d3b8989f311546cd\">Unsere Leistungen<\/h1>\n\n\n\n<p class=\"has-white-color has-text-color has-link-color wp-elements-c63fc4a5b22e78d91239255a1da7eae9\">Ein \u00d6kosystem im Dienst Ihrer Bed\u00fcrfnisse und Ambitionen.<\/p>\n\n\n\n<div class=\"arrow-down-top\"><i class=\"fa-solid fa-arrow-down-long\"><\/i><\/div>\n<\/div><\/div>\n<\/div><\/section>\n\n\n\n<div class=\"wp-block-media-text has-media-on-the-right is-stacked-on-mobile is-image-fill-element wrap_content mb100\"><div class=\"wp-block-media-text__content\">\n<h2 class=\"wp-block-heading\">Coaching, Training \u2013 und noch viel mehr<\/h2>\n\n\n\n<p>Bei BeBest begleiten wir F\u00fchrungskr\u00e4fte, Manager:innen und Teams in jeder Phase ihrer Entwicklung.<\/p>\n\n\n\n<p>Unser Ziel: konkrete, ma\u00dfgeschneiderte L\u00f6sungen f\u00fcr Ihre gesch\u00e4ftlichen und menschlichen Herausforderungen \u2013 ob pers\u00f6nliche Leadership-Entwicklung, Teamdynamik oder organisationale Transformation.<\/p>\n\n\n\n<p>Unsere Leistungen basieren auf strukturierten Methodologien \u2013 und bleiben dennoch flexibel, um Ihren Zielen und Ambitionen zu entsprechen.<\/p>\n<\/div><figure class=\"wp-block-media-text__media\"><img loading=\"lazy\" decoding=\"async\" width=\"1800\" height=\"1474\" src=\"https:\/\/bebest-coaching.com\/wp-content\/uploads\/2025\/09\/bebest-coaching-services.jpg\" alt=\"bebest-coaching-services\" class=\"wp-image-1135 size-full\" style=\"object-position:48% 27%\" srcset=\"https:\/\/bebest-coaching.com\/wp-content\/uploads\/2025\/09\/bebest-coaching-services.jpg 1800w, https:\/\/bebest-coaching.com\/wp-content\/uploads\/2025\/09\/bebest-coaching-services-650x532.jpg 650w, https:\/\/bebest-coaching.com\/wp-content\/uploads\/2025\/09\/bebest-coaching-services-1400x1146.jpg 1400w, https:\/\/bebest-coaching.com\/wp-content\/uploads\/2025\/09\/bebest-coaching-services-768x629.jpg 768w, https:\/\/bebest-coaching.com\/wp-content\/uploads\/2025\/09\/bebest-coaching-services-1536x1258.jpg 1536w\" sizes=\"auto, (max-width: 1800px) 100vw, 1800px\" \/><\/figure><\/div>\n\n\n\n<div class=\"wp-block-group wrap_content mt120 mb120\"><div class=\"wp-block-group__inner-container is-layout-constrained wp-block-group-is-layout-constrained\">\n<h2 class=\"wp-block-heading has-text-align-center\">Alle BeBest-Leistungen entdecken<\/h2>\n\n\n\n\t<div id=\"les-services\" class=\"wp-block-group liste_services_dans_page\">\n\t\t<div class=\"wp-block-columns wrap_services mt40 is-layout-flex\">\n\t\t\t\t\t\t\t<div class=\"wp-block-column is-layout-flow\">\n\t\t\t\t\t<a href=\"https:\/\/bebest-coaching.com\/de\/services\/bebest-individuals\/\">\n\t\t\t\t\t\t\t\t\t\t\t\t\t<figure class=\"wp-block-image size-full\">\n\t\t\t\t\t\t\t\t<img decoding=\"async\"\n\t\t\t\t\t\t\t\t\t src=\"https:\/\/bebest-coaching.com\/wp-content\/uploads\/2025\/09\/bebest-individuals.jpg\"\n\t\t\t\t\t\t\t\t\t alt=\"BeBest Individuals\" \/>\n\t\t\t\t\t\t\t<\/figure>\n\t\t\t\t\t\t\t\t\t\t\t\t<h3 class=\"wp-block-heading\">BeBest Individuals<\/h3>\n\t\t\t\t\t\t\t\t\t\t\t\t\t<p>100 % personalisiertes Coaching.<\/p>\n\t\t\t\t\t\t\t\t\t\t\t<\/a>\n\t\t\t\t<\/div>\n\t\t\t\t\t\t\t<div class=\"wp-block-column is-layout-flow\">\n\t\t\t\t\t<a href=\"https:\/\/bebest-coaching.com\/de\/services\/bebest-assessments-and-development-centres\/\">\n\t\t\t\t\t\t\t\t\t\t\t\t\t<figure class=\"wp-block-image size-full\">\n\t\t\t\t\t\t\t\t<img decoding=\"async\"\n\t\t\t\t\t\t\t\t\t src=\"https:\/\/bebest-coaching.com\/wp-content\/uploads\/2025\/09\/bebest-assessments-coaching.jpg\"\n\t\t\t\t\t\t\t\t\t alt=\"BeBest Assessments &amp; Development Centers\" \/>\n\t\t\t\t\t\t\t<\/figure>\n\t\t\t\t\t\t\t\t\t\t\t\t<h3 class=\"wp-block-heading\">BeBest Assessments &amp; Development Centers<\/h3>\n\t\t\t\t\t\t\t\t\t\t\t\t\t<p>Leistungsstarke Assessment- und Development-Programme.<\/p>\n\t\t\t\t\t\t\t\t\t\t\t<\/a>\n\t\t\t\t<\/div>\n\t\t\t\t\t\t\t<div class=\"wp-block-column is-layout-flow\">\n\t\t\t\t\t<a href=\"https:\/\/bebest-coaching.com\/de\/services\/bebest-in-training\/\">\n\t\t\t\t\t\t\t\t\t\t\t\t\t<figure class=\"wp-block-image size-full\">\n\t\t\t\t\t\t\t\t<img decoding=\"async\"\n\t\t\t\t\t\t\t\t\t src=\"https:\/\/bebest-coaching.com\/wp-content\/uploads\/2025\/09\/bebest-training.jpg\"\n\t\t\t\t\t\t\t\t\t alt=\"BeBest in Training\" \/>\n\t\t\t\t\t\t\t<\/figure>\n\t\t\t\t\t\t\t\t\t\t\t\t<h3 class=\"wp-block-heading\">BeBest in Training<\/h3>\n\t\t\t\t\t\t\t\t\t\t\t\t\t<p>Inspirierende Workshops &amp; Masterclasses.<\/p>\n\t\t\t\t\t\t\t\t\t\t\t<\/a>\n\t\t\t\t<\/div>\n\t\t\t\t\t\t\t<div class=\"wp-block-column is-layout-flow\">\n\t\t\t\t\t<a href=\"https:\/\/bebest-coaching.com\/de\/services\/bebest-for-executives\/\">\n\t\t\t\t\t\t\t\t\t\t\t\t\t<figure class=\"wp-block-image size-full\">\n\t\t\t\t\t\t\t\t<img decoding=\"async\"\n\t\t\t\t\t\t\t\t\t src=\"https:\/\/bebest-coaching.com\/wp-content\/uploads\/2025\/09\/bebest-coach-executive.jpg\"\n\t\t\t\t\t\t\t\t\t alt=\"BeBest for Executives\" \/>\n\t\t\t\t\t\t\t<\/figure>\n\t\t\t\t\t\t\t\t\t\t\t\t<h3 class=\"wp-block-heading\">BeBest for Executives<\/h3>\n\t\t\t\t\t\t\t\t\t\t\t\t\t<p>Ma\u00dfgeschneidertes strategisches Executive Coaching.<\/p>\n\t\t\t\t\t\t\t\t\t\t\t<\/a>\n\t\t\t\t<\/div>\n\t\t\t\t\t\t\t<div class=\"wp-block-column is-layout-flow\">\n\t\t\t\t\t<a href=\"https:\/\/bebest-coaching.com\/de\/services\/bebest-for-teams\/\">\n\t\t\t\t\t\t\t\t\t\t\t\t\t<figure class=\"wp-block-image size-full\">\n\t\t\t\t\t\t\t\t<img decoding=\"async\"\n\t\t\t\t\t\t\t\t\t src=\"https:\/\/bebest-coaching.com\/wp-content\/uploads\/2025\/09\/bebest-teams.jpg\"\n\t\t\t\t\t\t\t\t\t alt=\"BeBest for Teams\" \/>\n\t\t\t\t\t\t\t<\/figure>\n\t\t\t\t\t\t\t\t\t\t\t\t<h3 class=\"wp-block-heading\">BeBest for Teams<\/h3>\n\t\t\t\t\t\t\t\t\t\t\t\t\t<p>Systemisches Teamcoaching &amp; Transformation.<\/p>\n\t\t\t\t\t\t\t\t\t\t\t<\/a>\n\t\t\t\t<\/div>\n\t\t\t\t\t<\/div>\n\t<\/div>\n\n\t\n<\/div><\/div>\n\n\n\n<figure class=\"wp-block-image size-full img-full\"><img loading=\"lazy\" decoding=\"async\" width=\"2500\" height=\"1666\" src=\"https:\/\/bebest-coaching.com\/wp-content\/uploads\/2025\/07\/services-coaching-business.jpg\" alt=\"services-coaching-business\" class=\"wp-image-683\" srcset=\"https:\/\/bebest-coaching.com\/wp-content\/uploads\/2025\/07\/services-coaching-business.jpg 2500w, https:\/\/bebest-coaching.com\/wp-content\/uploads\/2025\/07\/services-coaching-business-650x433.jpg 650w, https:\/\/bebest-coaching.com\/wp-content\/uploads\/2025\/07\/services-coaching-business-1400x933.jpg 1400w, https:\/\/bebest-coaching.com\/wp-content\/uploads\/2025\/07\/services-coaching-business-768x512.jpg 768w, https:\/\/bebest-coaching.com\/wp-content\/uploads\/2025\/07\/services-coaching-business-1536x1024.jpg 1536w, https:\/\/bebest-coaching.com\/wp-content\/uploads\/2025\/07\/services-coaching-business-2048x1365.jpg 2048w\" sizes=\"auto, (max-width: 2500px) 100vw, 2500px\" \/><\/figure>\n\n\n\n<div class=\"wp-block-media-text has-media-on-the-right is-stacked-on-mobile is-image-fill-element pt140 pb140 wrap_content\"><div class=\"wp-block-media-text__content\">\n<h2 class=\"wp-block-heading\">Psychometrische Tools f\u00fcr ein besseres Selbst- und Fremdverst\u00e4ndnis.<\/h2>\n\n\n\n<p>In unseren Einzel- oder Teamcoachings nutzen wir leistungsstarke psychometrische Tools \u2013 weit \u00fcber reine Pers\u00f6nlichkeitstests hinaus.<\/p>\n\n\n\n<p>Diese Diagnostiken zeigen St\u00e4rken, Spannungsfelder und Performance-Hebel auf. Vor allem aber machen sie die systemische Teamdynamik sichtbar: Interaktionen, Friktionen und deren Potenzial als strategische Ressource.<\/p>\n\n\n\n<div class=\"wp-block-group focus mt20\"><div class=\"wp-block-group__inner-container is-layout-constrained wp-block-group-is-layout-constrained\">\n<p>Ergebnis: mehr Selbstkenntnis, pr\u00e4ziseres Verst\u00e4ndnis anderer \u2013 und Teams mit mehr Koh\u00e4sion, Agilit\u00e4t und Wirkung.<\/p>\n<\/div><\/div>\n<\/div><figure class=\"wp-block-media-text__media\"><img loading=\"lazy\" decoding=\"async\" width=\"1800\" height=\"1009\" src=\"https:\/\/bebest-coaching.com\/wp-content\/uploads\/2025\/09\/outils-psychometriques-bebest.jpg\" alt=\"outils-psychometriques-bebest\" class=\"wp-image-994 size-full\" style=\"object-position:50% 50%\" srcset=\"https:\/\/bebest-coaching.com\/wp-content\/uploads\/2025\/09\/outils-psychometriques-bebest.jpg 1800w, https:\/\/bebest-coaching.com\/wp-content\/uploads\/2025\/09\/outils-psychometriques-bebest-650x364.jpg 650w, https:\/\/bebest-coaching.com\/wp-content\/uploads\/2025\/09\/outils-psychometriques-bebest-1400x785.jpg 1400w, https:\/\/bebest-coaching.com\/wp-content\/uploads\/2025\/09\/outils-psychometriques-bebest-768x431.jpg 768w, https:\/\/bebest-coaching.com\/wp-content\/uploads\/2025\/09\/outils-psychometriques-bebest-1536x861.jpg 1536w\" sizes=\"auto, (max-width: 1800px) 100vw, 1800px\" \/><\/figure><\/div>\n\n\n\n<div class=\"wp-block-media-text is-stacked-on-mobile is-image-fill-element pt140 pb140 wrap_content\"><figure class=\"wp-block-media-text__media\"><img loading=\"lazy\" decoding=\"async\" width=\"2000\" height=\"1333\" src=\"https:\/\/bebest-coaching.com\/wp-content\/uploads\/2025\/07\/la-plateforme-bebest.jpg\" alt=\"la-plateforme-bebest\" class=\"wp-image-686 size-full\" style=\"object-position:39% 59%\" srcset=\"https:\/\/bebest-coaching.com\/wp-content\/uploads\/2025\/07\/la-plateforme-bebest.jpg 2000w, https:\/\/bebest-coaching.com\/wp-content\/uploads\/2025\/07\/la-plateforme-bebest-650x433.jpg 650w, https:\/\/bebest-coaching.com\/wp-content\/uploads\/2025\/07\/la-plateforme-bebest-1400x933.jpg 1400w, https:\/\/bebest-coaching.com\/wp-content\/uploads\/2025\/07\/la-plateforme-bebest-768x512.jpg 768w, https:\/\/bebest-coaching.com\/wp-content\/uploads\/2025\/07\/la-plateforme-bebest-1536x1024.jpg 1536w\" sizes=\"auto, (max-width: 2000px) 100vw, 2000px\" \/><\/figure><div class=\"wp-block-media-text__content\">\n<h2 class=\"wp-block-heading\">Die BeBest-Plattform<\/h2>\n\n\n\n<p><strong>Ihr Coaching \u2013 strukturiert, effizient und messbar.<\/strong><\/p>\n\n\n\n<p>Zur Steigerung der Coaching-Wirkung nutzen wir eine sichere digitale Plattform \u2013 zur Begleitung in jeder Phase.<\/p>\n\n\n\n<div class=\"wp-block-group wrap_accordion mt40\"><div class=\"wp-block-group__inner-container is-layout-constrained wp-block-group-is-layout-constrained\">\n<div class=\"wp-block-group accordion active\"><div class=\"wp-block-group__inner-container is-layout-constrained wp-block-group-is-layout-constrained\">\n<h3 class=\"wp-block-heading\" id=\"lumiere-naturelle\"><strong>F\u00fcr Coachees:<\/strong><\/h3>\n\n\n\n<div class=\"wp-block-group contenu_accordion\"><div class=\"wp-block-group__inner-container is-layout-constrained wp-block-group-is-layout-constrained\">\n<ul class=\"wp-block-list liste-arrow\">\n<li>Zielvisualisierung und Fortschritts\u00fcbersicht<\/li>\n\n\n\n<li>Zugang zu Ressourcen, Tools und Feedback<\/li>\n\n\n\n<li>Journal zwischen den Sessions<\/li>\n\n\n\n<li>Klarheit, Motivation und nachhaltige Verankerung<\/li>\n<\/ul>\n<\/div><\/div>\n<\/div><\/div>\n\n\n\n<div class=\"wp-block-group accordion\"><div class=\"wp-block-group__inner-container is-layout-constrained wp-block-group-is-layout-constrained\">\n<h3 class=\"wp-block-heading\" id=\"details-soignes\"><strong>F\u00fcr Sponsoren (HR, L&amp;D, Management):<\/strong><\/h3>\n\n\n\n<div class=\"wp-block-group contenu_accordion\"><div class=\"wp-block-group__inner-container is-layout-constrained wp-block-group-is-layout-constrained\">\n<ul class=\"wp-block-list liste-arrow\">\n<li>Strukturierter \u00dcberblick \u00fcber Coaching-Meilensteine (unter Wahrung der Vertraulichkeit)<\/li>\n\n\n\n<li>Strategisches Alignment der Entwicklungsziele<\/li>\n\n\n\n<li>Wirkungsmessung und ROI<\/li>\n\n\n\n<li>\u00dcbersicht \u00fcber Sessions und Programmverlauf<\/li>\n\n\n\n<li>Zentralisierung von Vertr\u00e4gen und Rechnungen<\/li>\n<\/ul>\n<\/div><\/div>\n<\/div><\/div>\n\n\n\n<div class=\"wp-block-group accordion\"><div class=\"wp-block-group__inner-container is-layout-constrained wp-block-group-is-layout-constrained\">\n<h3 class=\"wp-block-heading\" id=\"lumiere-naturelle\"><strong>DSGVO-konform und in Europa gehostet<\/strong><\/h3>\n\n\n\n<div class=\"wp-block-group contenu_accordion\"><div class=\"wp-block-group__inner-container is-layout-constrained wp-block-group-is-layout-constrained\">\n<ul class=\"wp-block-list liste-arrow mb20\">\n<li>Die BeBest-Coachingplattform wurde nach dem Prinzip \u201eSecurity by Design\u201c entwickelt und erf\u00fcllt strengste Standards: SOC 2, HIPAA und DSGVO f\u00fcr Europa und UK.<\/li>\n\n\n\n<li>Ihre Daten werden in einem dedizierten Virtual Private Cloud bei AWS (Amazon Web Services) gehostet, gesch\u00fctzt durch strikte Firewalls und gesicherte Zug\u00e4nge \u2013 selbst f\u00fcr die Hosting-Ingenieure nicht zug\u00e4nglich.<\/li>\n\n\n\n<li>Alle Daten sind bei \u00dcbertragung via TLS und im Ruhezustand mit 2048-Bit SHA-256 verschl\u00fcsselt.<\/li>\n<\/ul>\n\n\n\n<p><strong>Ergebnis: eine hochzuverl\u00e4ssige und konforme Umgebung, in der Vertraulichkeit, Integrit\u00e4t und Verf\u00fcgbarkeit Ihrer Daten nie kompromittiert werden. Und Sie k\u00f6nnen sich auf das Wesentliche konzentrieren \u2013 Transformation und Wirkung.<\/strong><\/p>\n<\/div><\/div>\n<\/div><\/div>\n<\/div><\/div>\n<\/div><\/div>\n\n\n\n<div class=\"wp-block-group wrap_cta_bottom\"><div class=\"wp-block-group__inner-container is-layout-constrained wp-block-group-is-layout-constrained\">\n<div class=\"wp-block-group wrap_content\"><div class=\"wp-block-group__inner-container is-layout-constrained wp-block-group-is-layout-constrained\">\n<a href=\"https:\/\/bebest-coaching.com\/de\/contact-us\/\">\n\n\n\n<figure class=\"wp-block-image size-full\"><img loading=\"lazy\" decoding=\"async\" width=\"2000\" height=\"1079\" src=\"https:\/\/bebest-coaching.com\/wp-content\/uploads\/2025\/07\/contact-services-bebest.jpg\" alt=\"contact-services-bebest\" class=\"wp-image-691\" srcset=\"https:\/\/bebest-coaching.com\/wp-content\/uploads\/2025\/07\/contact-services-bebest.jpg 2000w, https:\/\/bebest-coaching.com\/wp-content\/uploads\/2025\/07\/contact-services-bebest-650x351.jpg 650w, https:\/\/bebest-coaching.com\/wp-content\/uploads\/2025\/07\/contact-services-bebest-1400x755.jpg 1400w, https:\/\/bebest-coaching.com\/wp-content\/uploads\/2025\/07\/contact-services-bebest-768x414.jpg 768w, https:\/\/bebest-coaching.com\/wp-content\/uploads\/2025\/07\/contact-services-bebest-1536x829.jpg 1536w\" sizes=\"auto, (max-width: 2000px) 100vw, 2000px\" \/><\/figure>\n\n\n\n<div class=\"content_cta\">\n<span class=\"reserver\">Bereit f\u00fcr den ersten Schritt?<\/span>\n<span>Jede Transformation beginnt mit einer Entscheidung<\/span>\n<\/div>\n\n\n\n<\/a>\n<\/div><\/div>\n<\/div><\/div>\n","protected":false},"excerpt":{"rendered":"<p>Unsere Leistungen Ein \u00d6kosystem im Dienst Ihrer Bed\u00fcrfnisse und Ambitionen. [&hellip;]<\/p>\n","protected":false},"author":1,"featured_media":0,"parent":0,"menu_order":31,"comment_status":"closed","ping_status":"closed","template":"","meta":{"_acf_changed":false,"footnotes":""},"class_list":["post-1336","page","type-page","status-publish","hentry"],"acf":[],"yoast_head":"<!-- This site is optimized with the Yoast SEO plugin v27.4 - https:\/\/yoast.com\/product\/yoast-seo-wordpress\/ -->\n<title>Business Coaching Leistungen | Leadership &amp; Performance<\/title>\n<meta name=\"description\" content=\"Business Coaching Leistungen f\u00fcr F\u00fchrungskr\u00e4fte, Manager und Teams. Leadership-Entwicklung, Trainings und Assessments f\u00fcr nachhaltige kollektive Leistung.\" \/>\n<meta name=\"robots\" content=\"index, follow, max-snippet:-1, max-image-preview:large, max-video-preview:-1\" \/>\n<link rel=\"canonical\" href=\"https:\/\/bebest-coaching.com\/de\/services\/\" \/>\n<meta property=\"og:locale\" content=\"de_DE\" \/>\n<meta property=\"og:type\" content=\"article\" \/>\n<meta property=\"og:title\" content=\"Business Coaching Leistungen | Leadership &amp; Performance\" \/>\n<meta property=\"og:description\" content=\"Business Coaching Leistungen f\u00fcr F\u00fchrungskr\u00e4fte, Manager und Teams. Leadership-Entwicklung, Trainings und Assessments f\u00fcr nachhaltige kollektive Leistung.\" \/>\n<meta property=\"og:url\" content=\"https:\/\/bebest-coaching.com\/de\/services\/\" \/>\n<meta property=\"og:site_name\" content=\"Bebest Coaching\" \/>\n<meta property=\"article:modified_time\" content=\"2026-01-14T10:10:03+00:00\" \/>\n<meta property=\"og:image\" content=\"https:\/\/bebest-coaching.com\/wp-content\/uploads\/2025\/09\/bebest-coaching-services.jpg\" \/>\n\t<meta property=\"og:image:width\" content=\"1800\" \/>\n\t<meta property=\"og:image:height\" content=\"1474\" \/>\n\t<meta property=\"og:image:type\" content=\"image\/jpeg\" \/>\n<meta name=\"twitter:card\" content=\"summary_large_image\" \/>\n<meta name=\"twitter:label1\" content=\"Gesch\u00e4tzte Lesezeit\" \/>\n\t<meta name=\"twitter:data1\" content=\"3\u00a0Minuten\" \/>\n<script type=\"application\/ld+json\" class=\"yoast-schema-graph\">{\"@context\":\"https:\\\/\\\/schema.org\",\"@graph\":[{\"@type\":\"WebPage\",\"@id\":\"https:\\\/\\\/bebest-coaching.com\\\/de\\\/services\\\/\",\"url\":\"https:\\\/\\\/bebest-coaching.com\\\/de\\\/services\\\/\",\"name\":\"Business Coaching Leistungen | Leadership & Performance\",\"isPartOf\":{\"@id\":\"https:\\\/\\\/bebest-coaching.com\\\/de\\\/#website\"},\"primaryImageOfPage\":{\"@id\":\"https:\\\/\\\/bebest-coaching.com\\\/de\\\/services\\\/#primaryimage\"},\"image\":{\"@id\":\"https:\\\/\\\/bebest-coaching.com\\\/de\\\/services\\\/#primaryimage\"},\"thumbnailUrl\":\"https:\\\/\\\/bebest-coaching.com\\\/wp-content\\\/uploads\\\/2025\\\/09\\\/bebest-coaching-services.jpg\",\"datePublished\":\"2025-04-04T21:14:56+00:00\",\"dateModified\":\"2026-01-14T10:10:03+00:00\",\"description\":\"Business Coaching Leistungen f\u00fcr F\u00fchrungskr\u00e4fte, Manager und Teams. Leadership-Entwicklung, Trainings und Assessments f\u00fcr nachhaltige kollektive Leistung.\",\"breadcrumb\":{\"@id\":\"https:\\\/\\\/bebest-coaching.com\\\/de\\\/services\\\/#breadcrumb\"},\"inLanguage\":\"de\",\"potentialAction\":[{\"@type\":\"ReadAction\",\"target\":[\"https:\\\/\\\/bebest-coaching.com\\\/de\\\/services\\\/\"]}]},{\"@type\":\"ImageObject\",\"inLanguage\":\"de\",\"@id\":\"https:\\\/\\\/bebest-coaching.com\\\/de\\\/services\\\/#primaryimage\",\"url\":\"https:\\\/\\\/bebest-coaching.com\\\/wp-content\\\/uploads\\\/2025\\\/09\\\/bebest-coaching-services.jpg\",\"contentUrl\":\"https:\\\/\\\/bebest-coaching.com\\\/wp-content\\\/uploads\\\/2025\\\/09\\\/bebest-coaching-services.jpg\"},{\"@type\":\"BreadcrumbList\",\"@id\":\"https:\\\/\\\/bebest-coaching.com\\\/de\\\/services\\\/#breadcrumb\",\"itemListElement\":[{\"@type\":\"ListItem\",\"position\":1,\"name\":\"Startseite\",\"item\":\"https:\\\/\\\/bebest-coaching.com\\\/de\\\/\"},{\"@type\":\"ListItem\",\"position\":2,\"name\":\"Leistungen\"}]},{\"@type\":\"WebSite\",\"@id\":\"https:\\\/\\\/bebest-coaching.com\\\/de\\\/#website\",\"url\":\"https:\\\/\\\/bebest-coaching.com\\\/de\\\/\",\"name\":\"Bebest Coaching\",\"description\":\"Au del\u00e0 du coaching business, une m\u00e9thode et une transformation.\",\"publisher\":{\"@id\":\"https:\\\/\\\/bebest-coaching.com\\\/de\\\/#organization\"},\"potentialAction\":[{\"@type\":\"SearchAction\",\"target\":{\"@type\":\"EntryPoint\",\"urlTemplate\":\"https:\\\/\\\/bebest-coaching.com\\\/de\\\/?s={search_term_string}\"},\"query-input\":{\"@type\":\"PropertyValueSpecification\",\"valueRequired\":true,\"valueName\":\"search_term_string\"}}],\"inLanguage\":\"de\"},{\"@type\":\"Organization\",\"@id\":\"https:\\\/\\\/bebest-coaching.com\\\/de\\\/#organization\",\"name\":\"Bebest Coaching\",\"url\":\"https:\\\/\\\/bebest-coaching.com\\\/de\\\/\",\"logo\":{\"@type\":\"ImageObject\",\"inLanguage\":\"de\",\"@id\":\"https:\\\/\\\/bebest-coaching.com\\\/de\\\/#\\\/schema\\\/logo\\\/image\\\/\",\"url\":\"https:\\\/\\\/bebest-coaching.com\\\/wp-content\\\/uploads\\\/2025\\\/12\\\/logo-bebest.png\",\"contentUrl\":\"https:\\\/\\\/bebest-coaching.com\\\/wp-content\\\/uploads\\\/2025\\\/12\\\/logo-bebest.png\",\"width\":220,\"height\":218,\"caption\":\"Bebest Coaching\"},\"image\":{\"@id\":\"https:\\\/\\\/bebest-coaching.com\\\/de\\\/#\\\/schema\\\/logo\\\/image\\\/\"},\"sameAs\":[\"https:\\\/\\\/www.linkedin.com\\\/in\\\/audrey-jeanrond\\\/\",\"https:\\\/\\\/www.instagram.com\\\/audreyjeanrond\\\/\"]}]}<\/script>\n<!-- \/ Yoast SEO plugin. -->","yoast_head_json":{"title":"Business Coaching Leistungen | Leadership & Performance","description":"Business Coaching Leistungen f\u00fcr F\u00fchrungskr\u00e4fte, Manager und Teams. Leadership-Entwicklung, Trainings und Assessments f\u00fcr nachhaltige kollektive Leistung.","robots":{"index":"index","follow":"follow","max-snippet":"max-snippet:-1","max-image-preview":"max-image-preview:large","max-video-preview":"max-video-preview:-1"},"canonical":"https:\/\/bebest-coaching.com\/de\/services\/","og_locale":"de_DE","og_type":"article","og_title":"Business Coaching Leistungen | Leadership & Performance","og_description":"Business Coaching Leistungen f\u00fcr F\u00fchrungskr\u00e4fte, Manager und Teams. Leadership-Entwicklung, Trainings und Assessments f\u00fcr nachhaltige kollektive Leistung.","og_url":"https:\/\/bebest-coaching.com\/de\/services\/","og_site_name":"Bebest Coaching","article_modified_time":"2026-01-14T10:10:03+00:00","og_image":[{"width":1800,"height":1474,"url":"https:\/\/bebest-coaching.com\/wp-content\/uploads\/2025\/09\/bebest-coaching-services.jpg","type":"image\/jpeg"}],"twitter_card":"summary_large_image","twitter_misc":{"Gesch\u00e4tzte Lesezeit":"3\u00a0Minuten"},"schema":{"@context":"https:\/\/schema.org","@graph":[{"@type":"WebPage","@id":"https:\/\/bebest-coaching.com\/de\/services\/","url":"https:\/\/bebest-coaching.com\/de\/services\/","name":"Business Coaching Leistungen | Leadership & Performance","isPartOf":{"@id":"https:\/\/bebest-coaching.com\/de\/#website"},"primaryImageOfPage":{"@id":"https:\/\/bebest-coaching.com\/de\/services\/#primaryimage"},"image":{"@id":"https:\/\/bebest-coaching.com\/de\/services\/#primaryimage"},"thumbnailUrl":"https:\/\/bebest-coaching.com\/wp-content\/uploads\/2025\/09\/bebest-coaching-services.jpg","datePublished":"2025-04-04T21:14:56+00:00","dateModified":"2026-01-14T10:10:03+00:00","description":"Business Coaching Leistungen f\u00fcr F\u00fchrungskr\u00e4fte, Manager und Teams. Leadership-Entwicklung, Trainings und Assessments f\u00fcr nachhaltige kollektive Leistung.","breadcrumb":{"@id":"https:\/\/bebest-coaching.com\/de\/services\/#breadcrumb"},"inLanguage":"de","potentialAction":[{"@type":"ReadAction","target":["https:\/\/bebest-coaching.com\/de\/services\/"]}]},{"@type":"ImageObject","inLanguage":"de","@id":"https:\/\/bebest-coaching.com\/de\/services\/#primaryimage","url":"https:\/\/bebest-coaching.com\/wp-content\/uploads\/2025\/09\/bebest-coaching-services.jpg","contentUrl":"https:\/\/bebest-coaching.com\/wp-content\/uploads\/2025\/09\/bebest-coaching-services.jpg"},{"@type":"BreadcrumbList","@id":"https:\/\/bebest-coaching.com\/de\/services\/#breadcrumb","itemListElement":[{"@type":"ListItem","position":1,"name":"Startseite","item":"https:\/\/bebest-coaching.com\/de\/"},{"@type":"ListItem","position":2,"name":"Leistungen"}]},{"@type":"WebSite","@id":"https:\/\/bebest-coaching.com\/de\/#website","url":"https:\/\/bebest-coaching.com\/de\/","name":"Bebest Coaching","description":"Au del\u00e0 du coaching business, une m\u00e9thode et une transformation.","publisher":{"@id":"https:\/\/bebest-coaching.com\/de\/#organization"},"potentialAction":[{"@type":"SearchAction","target":{"@type":"EntryPoint","urlTemplate":"https:\/\/bebest-coaching.com\/de\/?s={search_term_string}"},"query-input":{"@type":"PropertyValueSpecification","valueRequired":true,"valueName":"search_term_string"}}],"inLanguage":"de"},{"@type":"Organization","@id":"https:\/\/bebest-coaching.com\/de\/#organization","name":"Bebest Coaching","url":"https:\/\/bebest-coaching.com\/de\/","logo":{"@type":"ImageObject","inLanguage":"de","@id":"https:\/\/bebest-coaching.com\/de\/#\/schema\/logo\/image\/","url":"https:\/\/bebest-coaching.com\/wp-content\/uploads\/2025\/12\/logo-bebest.png","contentUrl":"https:\/\/bebest-coaching.com\/wp-content\/uploads\/2025\/12\/logo-bebest.png","width":220,"height":218,"caption":"Bebest Coaching"},"image":{"@id":"https:\/\/bebest-coaching.com\/de\/#\/schema\/logo\/image\/"},"sameAs":["https:\/\/www.linkedin.com\/in\/audrey-jeanrond\/","https:\/\/www.instagram.com\/audreyjeanrond\/"]}]}},"_links":{"self":[{"href":"https:\/\/bebest-coaching.com\/de\/wp-json\/wp\/v2\/pages\/1336","targetHints":{"allow":["GET"]}}],"collection":[{"href":"https:\/\/bebest-coaching.com\/de\/wp-json\/wp\/v2\/pages"}],"about":[{"href":"https:\/\/bebest-coaching.com\/de\/wp-json\/wp\/v2\/types\/page"}],"author":[{"embeddable":true,"href":"https:\/\/bebest-coaching.com\/de\/wp-json\/wp\/v2\/users\/1"}],"replies":[{"embeddable":true,"href":"https:\/\/bebest-coaching.com\/de\/wp-json\/wp\/v2\/comments?post=1336"}],"version-history":[{"count":4,"href":"https:\/\/bebest-coaching.com\/de\/wp-json\/wp\/v2\/pages\/1336\/revisions"}],"predecessor-version":[{"id":1396,"href":"https:\/\/bebest-coaching.com\/de\/wp-json\/wp\/v2\/pages\/1336\/revisions\/1396"}],"wp:attachment":[{"href":"https:\/\/bebest-coaching.com\/de\/wp-json\/wp\/v2\/media?parent=1336"}],"curies":[{"name":"wp","href":"https:\/\/api.w.org\/{rel}","templated":true}]}}