{"id":1341,"date":"2025-07-06T19:29:26","date_gmt":"2025-07-06T19:29:26","guid":{"rendered":"https:\/\/bebest-coaching.com\/services\/bebest-individuel\/"},"modified":"2026-01-14T10:46:42","modified_gmt":"2026-01-14T10:46:42","slug":"bebest-individuals","status":"publish","type":"page","link":"https:\/\/bebest-coaching.com\/de\/services\/bebest-individuals\/","title":{"rendered":"BeBest Individuals"},"content":{"rendered":"\n<section class=\"wp-block-group wrap_top_page wrap_top_page_image mb100\"><div class=\"wp-block-group__inner-container is-layout-constrained wp-block-group-is-layout-constrained\">\n<figure class=\"wp-block-image size-full\"><img loading=\"lazy\" decoding=\"async\" width=\"2500\" height=\"1245\" src=\"https:\/\/bebest-coaching.com\/wp-content\/uploads\/2025\/07\/service-bebest-individuel-1.jpg\" alt=\"service-bebest-individuel-1\" class=\"wp-image-771\" srcset=\"https:\/\/bebest-coaching.com\/wp-content\/uploads\/2025\/07\/service-bebest-individuel-1.jpg 2500w, https:\/\/bebest-coaching.com\/wp-content\/uploads\/2025\/07\/service-bebest-individuel-1-650x324.jpg 650w, https:\/\/bebest-coaching.com\/wp-content\/uploads\/2025\/07\/service-bebest-individuel-1-1400x697.jpg 1400w, https:\/\/bebest-coaching.com\/wp-content\/uploads\/2025\/07\/service-bebest-individuel-1-768x382.jpg 768w, https:\/\/bebest-coaching.com\/wp-content\/uploads\/2025\/07\/service-bebest-individuel-1-1536x765.jpg 1536w, https:\/\/bebest-coaching.com\/wp-content\/uploads\/2025\/07\/service-bebest-individuel-1-2048x1020.jpg 2048w\" sizes=\"auto, (max-width: 2500px) 100vw, 2500px\" \/><\/figure>\n\n\n\n<div class=\"wp-block-group wrap_content\"><div class=\"wp-block-group__inner-container is-layout-constrained wp-block-group-is-layout-constrained\"><div class=\"yoast-breadcrumbs\"><span><span><a href=\"https:\/\/bebest-coaching.com\/de\/\">Startseite<\/a><\/span> \/ <span><a href=\"https:\/\/bebest-coaching.com\/de\/services\/\">Leistungen<\/a><\/span> \/ <span class=\"breadcrumb_last\" aria-current=\"page\">BeBest Individuals<\/span><\/span><\/div>\n\n\n<h1 class=\"wp-block-heading\">BeBest Individuals<\/h1>\n\n\n\n<p>100 % personalisiertes Coaching. Individuelles Coaching zur Erreichung beruflicher Ziele, zur \u00dcberwindung von Schwellenmomenten oder zur Wiedergewinnung von Antrieb und Klarheit. Sie entwickeln sich in Ihrem eigenen Tempo \u2013 mit konkreten Werkzeugen und einem sicheren Rahmen, um St\u00e4rken, Entwicklungsfelder und M\u00f6glichkeiten zu erkunden.<\/p>\n\n\n\n<div class=\"arrow-down-top\"><i class=\"fa-solid fa-arrow-down-long\"><\/i><\/div>\n<\/div><\/div>\n<\/div><\/section>\n\n\n\n<div class=\"wp-block-media-text is-stacked-on-mobile wrap_content mb100\" id=\"pour-vous\"><figure class=\"wp-block-media-text__media\"><img loading=\"lazy\" decoding=\"async\" width=\"1400\" height=\"933\" src=\"https:\/\/bebest-coaching.com\/wp-content\/uploads\/2025\/07\/service-bebest-individuel-2-1400x933.jpg\" alt=\"service-bebest-individuel-2\" class=\"wp-image-774 size-full\" srcset=\"https:\/\/bebest-coaching.com\/wp-content\/uploads\/2025\/07\/service-bebest-individuel-2-1400x933.jpg 1400w, https:\/\/bebest-coaching.com\/wp-content\/uploads\/2025\/07\/service-bebest-individuel-2-650x433.jpg 650w, https:\/\/bebest-coaching.com\/wp-content\/uploads\/2025\/07\/service-bebest-individuel-2-768x512.jpg 768w, https:\/\/bebest-coaching.com\/wp-content\/uploads\/2025\/07\/service-bebest-individuel-2-1536x1024.jpg 1536w, https:\/\/bebest-coaching.com\/wp-content\/uploads\/2025\/07\/service-bebest-individuel-2.jpg 2000w\" sizes=\"auto, (max-width: 1400px) 100vw, 1400px\" \/><\/figure><div class=\"wp-block-media-text__content\">\n<h2 class=\"wp-block-heading\">Geeignet f\u00fcr Sie, wenn\u2026<\/h2>\n\n\n\n<ul class=\"wp-block-list liste-ok\">\n<li>Sie F\u00fchrungskraft, Expert:in, Unternehmer:in oder in beruflicher Transition sind \u2013 und sp\u00fcren, dass sich etwas in Ihrer Haltung, Karriere oder Arbeitsrealit\u00e4t ver\u00e4ndern muss.<\/li>\n\n\n\n<li>Sie Priorit\u00e4ten kl\u00e4ren, Sinn zur\u00fcckgewinnen oder Zeit, Selbstvertrauen und Interaktionen besser gestalten m\u00f6chten.<\/li>\n<\/ul>\n\n\n\n<div class=\"wp-block-group focus mt40\"><div class=\"wp-block-group__inner-container is-layout-constrained wp-block-group-is-layout-constrained\">\n<p>Unsere Klient:innen sind\u2026 F\u00fchrungskr\u00e4fte mit Motivationsverlust, Beraterinnen vor dem n\u00e4chsten Karriereschritt, junge Manager auf dem Weg zu mehr Pr\u00e4senz in der Kommunikation oder Unternehmer:innen, die ihre Vision sch\u00e4rfen wollen.<\/p>\n<\/div><\/div>\n<\/div><\/div>\n\n\n\n<div class=\"wp-block-media-text has-media-on-the-right is-stacked-on-mobile wrap_content\" id=\"pas-pour-vous\"><div class=\"wp-block-media-text__content\">\n<h2 class=\"wp-block-heading\">Nicht geeignet f\u00fcr Sie, wenn\u2026<\/h2>\n\n\n\n<ul class=\"wp-block-list liste-wrong mb20\">\n<li>Sie vorgefertigte L\u00f6sungen oder Ratschl\u00e4ge erwarten \u2013 oder nicht bereit sind, sich selbst zu reflektieren.<\/li>\n\n\n\n<li>Sie einen Mentor w\u00fcnschen, der Ihnen sagt, was zu tun ist \u2013 statt eines Coachs, der Sie zu eigenen Antworten f\u00fchrt.<\/li>\n<\/ul>\n\n\n\n<p>Individuelles Coaching erfordert Engagement, Regelm\u00e4\u00dfigkeit und eine Ver\u00e4nderungsbereitschaft, die \u00fcber die L\u00f6sung eines Einzelproblems hinausgeht.<\/p>\n<\/div><figure class=\"wp-block-media-text__media\"><img loading=\"lazy\" decoding=\"async\" width=\"1400\" height=\"934\" src=\"https:\/\/bebest-coaching.com\/wp-content\/uploads\/2025\/07\/service-bebest-individuel-3-1400x934.jpg\" alt=\"service-bebest-individuel-3\" class=\"wp-image-777 size-full\" srcset=\"https:\/\/bebest-coaching.com\/wp-content\/uploads\/2025\/07\/service-bebest-individuel-3-1400x934.jpg 1400w, https:\/\/bebest-coaching.com\/wp-content\/uploads\/2025\/07\/service-bebest-individuel-3-650x434.jpg 650w, https:\/\/bebest-coaching.com\/wp-content\/uploads\/2025\/07\/service-bebest-individuel-3-768x512.jpg 768w, https:\/\/bebest-coaching.com\/wp-content\/uploads\/2025\/07\/service-bebest-individuel-3-1536x1025.jpg 1536w, https:\/\/bebest-coaching.com\/wp-content\/uploads\/2025\/07\/service-bebest-individuel-3.jpg 2000w\" sizes=\"auto, (max-width: 1400px) 100vw, 1400px\" \/><\/figure><\/div>\n\n\n\n<section class=\"wp-block-group pt100 pb100 mt120 has-background\" style=\"background-color:#152948\"><div class=\"wp-block-group__inner-container is-layout-constrained wp-block-group-is-layout-constrained\">\n<div class=\"wp-block-group wrap_content\"><div class=\"wp-block-group__inner-container is-layout-constrained wp-block-group-is-layout-constrained\">\n<h2 class=\"wp-block-heading has-white-color has-text-color has-link-color wp-elements-4415e1937d6505dda3c39a086b9672f4\">Die Praxis<\/h2>\n\n\n\n<div class=\"wp-block-group wrap_accordion mt40 has-white-color has-text-color has-link-color wp-elements-47e30473debd35c2ff3eca31ce346efd\"><div class=\"wp-block-group__inner-container is-layout-constrained wp-block-group-is-layout-constrained\">\n<div class=\"wp-block-group accordion active\"><div class=\"wp-block-group__inner-container is-layout-constrained wp-block-group-is-layout-constrained\">\n<h3 class=\"wp-block-heading\" id=\"lumiere-naturelle\"><strong>Ein ganzheitlicher Coaching-Ansatz<\/strong><\/h3>\n\n\n\n<div class=\"wp-block-group contenu_accordion\"><div class=\"wp-block-group__inner-container is-layout-constrained wp-block-group-is-layout-constrained\">\n<p>Die BeBest-Methode im Einzelcoaching verbindet Klarheit, Anspruch und Menschlichkeit. Jede Begleitung umfasst 60\u201390-min\u00fctige Sessions im Abstand von 2\u20133 Wochen \u2013 um Umsetzung und Transfer zu f\u00f6rdern.<\/p>\n\n\n\n<p>Bei Bedarf arbeiten wir mit f\u00fchrenden psychometrischen Tools (Insights Discovery\u00ae, IDI\u00ae, LEA\u00ae, Zortify\u00ae \u2026), die Leadership-Stil, Motivation und Entwicklungshebel pr\u00e4zise sichtbar machen. Dieser Ansatz zeigt St\u00e4rken, Wachstumsfelder und erm\u00f6glicht konkrete Action-Plans im Einklang mit Ihren Ambitionen.<\/p>\n<\/div><\/div>\n<\/div><\/div>\n\n\n\n<div class=\"wp-block-group accordion\"><div class=\"wp-block-group__inner-container is-layout-constrained wp-block-group-is-layout-constrained\">\n<h3 class=\"wp-block-heading\" id=\"details-soignes\"><strong>Die BeBest-Plattform zur Unterst\u00fctzung der Umsetzung<\/strong><\/h3>\n\n\n\n<div class=\"wp-block-group contenu_accordion\"><div class=\"wp-block-group__inner-container is-layout-constrained wp-block-group-is-layout-constrained\">\n<p>Jede Begleitung wird durch die BeBest-Plattform unterst\u00fctzt \u2013 ein vertraulicher digitaler Raum zur Zielverfolgung und Reflexion.<\/p>\n\n\n\n<p>Sie behalten Action-Plans, Ressourcen und individuelle Insights jederzeit im Blick.<\/p>\n\n\n\n<p>F\u00fcr Sponsoren (HR, Vorgesetzte, Mentoren) bietet die Plattform eine strukturierte, vertrauliche und kontrollierte Sicht auf Fortschritte.<\/p>\n\n\n\n<figure class=\"wp-block-gallery has-nested-images columns-default mt20 wp-block-gallery-1 is-layout-flex wp-block-gallery-is-layout-flex\">\n<figure class=\"wp-block-image size-large\"><a href=\"https:\/\/bebest-coaching.com\/wp-content\/uploads\/2025\/09\/plateforme-print-screen-1.png\"><img loading=\"lazy\" decoding=\"async\" width=\"1324\" height=\"494\" data-id=\"934\" src=\"https:\/\/bebest-coaching.com\/wp-content\/uploads\/2025\/09\/plateforme-print-screen-1.png\" alt=\"plateforme-print-screen-1\" class=\"wp-image-934\" srcset=\"https:\/\/bebest-coaching.com\/wp-content\/uploads\/2025\/09\/plateforme-print-screen-1.png 1324w, https:\/\/bebest-coaching.com\/wp-content\/uploads\/2025\/09\/plateforme-print-screen-1-650x243.png 650w, https:\/\/bebest-coaching.com\/wp-content\/uploads\/2025\/09\/plateforme-print-screen-1-768x287.png 768w\" sizes=\"auto, (max-width: 1324px) 100vw, 1324px\" \/><\/a><\/figure>\n\n\n\n<figure class=\"wp-block-image size-large\"><a href=\"https:\/\/bebest-coaching.com\/wp-content\/uploads\/2025\/09\/plateforme-print-screen-2.png\"><img loading=\"lazy\" decoding=\"async\" width=\"1400\" height=\"949\" data-id=\"937\" src=\"https:\/\/bebest-coaching.com\/wp-content\/uploads\/2025\/09\/plateforme-print-screen-2-1400x949.png\" alt=\"plateforme-print-screen-2\" class=\"wp-image-937\" srcset=\"https:\/\/bebest-coaching.com\/wp-content\/uploads\/2025\/09\/plateforme-print-screen-2-1400x949.png 1400w, https:\/\/bebest-coaching.com\/wp-content\/uploads\/2025\/09\/plateforme-print-screen-2-650x440.png 650w, https:\/\/bebest-coaching.com\/wp-content\/uploads\/2025\/09\/plateforme-print-screen-2-768x520.png 768w, https:\/\/bebest-coaching.com\/wp-content\/uploads\/2025\/09\/plateforme-print-screen-2-1536x1041.png 1536w, https:\/\/bebest-coaching.com\/wp-content\/uploads\/2025\/09\/plateforme-print-screen-2-2048x1388.png 2048w\" sizes=\"auto, (max-width: 1400px) 100vw, 1400px\" \/><\/a><\/figure>\n\n\n\n<figure class=\"wp-block-image size-large\"><a href=\"https:\/\/bebest-coaching.com\/wp-content\/uploads\/2025\/09\/plateforme-print-screen-3.png\"><img loading=\"lazy\" decoding=\"async\" width=\"1400\" height=\"1021\" data-id=\"940\" src=\"https:\/\/bebest-coaching.com\/wp-content\/uploads\/2025\/09\/plateforme-print-screen-3-1400x1021.png\" alt=\"plateforme-print-screen-3\" class=\"wp-image-940\" srcset=\"https:\/\/bebest-coaching.com\/wp-content\/uploads\/2025\/09\/plateforme-print-screen-3-1400x1021.png 1400w, https:\/\/bebest-coaching.com\/wp-content\/uploads\/2025\/09\/plateforme-print-screen-3-650x474.png 650w, https:\/\/bebest-coaching.com\/wp-content\/uploads\/2025\/09\/plateforme-print-screen-3-768x560.png 768w, https:\/\/bebest-coaching.com\/wp-content\/uploads\/2025\/09\/plateforme-print-screen-3-1536x1120.png 1536w, https:\/\/bebest-coaching.com\/wp-content\/uploads\/2025\/09\/plateforme-print-screen-3.png 1957w\" sizes=\"auto, (max-width: 1400px) 100vw, 1400px\" \/><\/a><\/figure>\n<\/figure>\n<\/div><\/div>\n<\/div><\/div>\n\n\n\n<div class=\"wp-block-group accordion\"><div class=\"wp-block-group__inner-container is-layout-constrained wp-block-group-is-layout-constrained\">\n<h3 class=\"wp-block-heading\" id=\"lumiere-naturelle\"><strong>F\u00fcr eine tiefere Arbeit<\/strong><\/h3>\n\n\n\n<div class=\"wp-block-group contenu_accordion\"><div class=\"wp-block-group__inner-container is-layout-constrained wp-block-group-is-layout-constrained\">\n<p>F\u00fcr tiefere Arbeit k\u00f6nnen Deep Coaching und Hypnotherapie integriert werden \u2013 zur Transformation limitierender Glaubenss\u00e4tze und zur Entfaltung Ihres Potenzials.<\/p>\n\n\n\n<div class=\"wp-block-buttons is-layout-flex wp-block-buttons-is-layout-flex\">\n<div class=\"wp-block-button\"><a class=\"wp-block-button__link wp-element-button\" href=\"https:\/\/bebest-coaching.com\/de\/hypnotherapie\/\">Hypnotherapie entdecken<\/a><\/div>\n<\/div>\n<\/div><\/div>\n<\/div><\/div>\n<\/div><\/div>\n<\/div><\/div>\n<\/div><\/section>\n\n\n\n<div class=\"wp-block-group wrap_cta_bottom\"><div class=\"wp-block-group__inner-container is-layout-constrained wp-block-group-is-layout-constrained\">\n<div class=\"wp-block-group wrap_content\"><div class=\"wp-block-group__inner-container is-layout-constrained wp-block-group-is-layout-constrained\">\n<a href=\"https:\/\/bebest-coaching.com\/de\/contact-us\/\">\n\n\n\n<figure class=\"wp-block-image size-full\"><img loading=\"lazy\" decoding=\"async\" width=\"2000\" height=\"1328\" src=\"https:\/\/bebest-coaching.com\/wp-content\/uploads\/2025\/07\/service-bebest-individuel-4.jpg\" alt=\"service-bebest-individuel-4\" class=\"wp-image-780\" srcset=\"https:\/\/bebest-coaching.com\/wp-content\/uploads\/2025\/07\/service-bebest-individuel-4.jpg 2000w, https:\/\/bebest-coaching.com\/wp-content\/uploads\/2025\/07\/service-bebest-individuel-4-650x432.jpg 650w, https:\/\/bebest-coaching.com\/wp-content\/uploads\/2025\/07\/service-bebest-individuel-4-1400x930.jpg 1400w, https:\/\/bebest-coaching.com\/wp-content\/uploads\/2025\/07\/service-bebest-individuel-4-768x510.jpg 768w, https:\/\/bebest-coaching.com\/wp-content\/uploads\/2025\/07\/service-bebest-individuel-4-1536x1020.jpg 1536w\" sizes=\"auto, (max-width: 2000px) 100vw, 2000px\" \/><\/figure>\n\n\n\n<div class=\"content_cta\">\n<span class=\"reserver\">Starten Sie jetzt mit BeBest Individuals<\/span>\n<span>Kontaktieren Sie uns<\/span>\n<\/div>\n\n\n\n<\/a>\n<\/div><\/div>\n<\/div><\/div>\n","protected":false},"excerpt":{"rendered":"<p>100 % personalisiertes Coaching.<\/p>\n","protected":false},"author":1,"featured_media":865,"parent":1336,"menu_order":35,"comment_status":"closed","ping_status":"closed","template":"","meta":{"_acf_changed":false,"footnotes":""},"class_list":["post-1341","page","type-page","status-publish","has-post-thumbnail","hentry"],"acf":[],"yoast_head":"<!-- This site is optimized with the Yoast SEO plugin v27.4 - https:\/\/yoast.com\/product\/yoast-seo-wordpress\/ -->\n<title>Professionelles Einzelcoaching | BeBest Coaching<\/title>\n<meta name=\"description\" content=\"Professionelles Einzelcoaching zur Entwicklung von F\u00fchrungskompetenz, Haltung und Karriere. Ein individueller, ergebnisorientierter Ansatz mit nachhaltiger Wirkung.\" \/>\n<meta name=\"robots\" content=\"index, follow, max-snippet:-1, max-image-preview:large, max-video-preview:-1\" \/>\n<link rel=\"canonical\" href=\"https:\/\/bebest-coaching.com\/de\/services\/bebest-individuals\/\" \/>\n<meta property=\"og:locale\" content=\"de_DE\" \/>\n<meta property=\"og:type\" content=\"article\" \/>\n<meta property=\"og:title\" content=\"Professionelles Einzelcoaching | BeBest Coaching\" \/>\n<meta property=\"og:description\" content=\"Professionelles Einzelcoaching zur Entwicklung von F\u00fchrungskompetenz, Haltung und Karriere. Ein individueller, ergebnisorientierter Ansatz mit nachhaltiger Wirkung.\" \/>\n<meta property=\"og:url\" content=\"https:\/\/bebest-coaching.com\/de\/services\/bebest-individuals\/\" \/>\n<meta property=\"og:site_name\" content=\"Bebest Coaching\" \/>\n<meta property=\"article:modified_time\" content=\"2026-01-14T10:46:42+00:00\" \/>\n<meta property=\"og:image\" content=\"https:\/\/bebest-coaching.com\/wp-content\/uploads\/2025\/09\/bebest-individuals.jpg\" \/>\n\t<meta property=\"og:image:width\" content=\"1200\" \/>\n\t<meta property=\"og:image:height\" content=\"1200\" \/>\n\t<meta property=\"og:image:type\" content=\"image\/jpeg\" \/>\n<meta name=\"twitter:card\" content=\"summary_large_image\" \/>\n<meta name=\"twitter:label1\" content=\"Gesch\u00e4tzte Lesezeit\" \/>\n\t<meta name=\"twitter:data1\" content=\"4\u00a0Minuten\" \/>\n<script type=\"application\/ld+json\" class=\"yoast-schema-graph\">{\"@context\":\"https:\\\/\\\/schema.org\",\"@graph\":[{\"@type\":\"WebPage\",\"@id\":\"https:\\\/\\\/bebest-coaching.com\\\/de\\\/services\\\/bebest-individuals\\\/\",\"url\":\"https:\\\/\\\/bebest-coaching.com\\\/de\\\/services\\\/bebest-individuals\\\/\",\"name\":\"Professionelles Einzelcoaching | BeBest Coaching\",\"isPartOf\":{\"@id\":\"https:\\\/\\\/bebest-coaching.com\\\/de\\\/#website\"},\"primaryImageOfPage\":{\"@id\":\"https:\\\/\\\/bebest-coaching.com\\\/de\\\/services\\\/bebest-individuals\\\/#primaryimage\"},\"image\":{\"@id\":\"https:\\\/\\\/bebest-coaching.com\\\/de\\\/services\\\/bebest-individuals\\\/#primaryimage\"},\"thumbnailUrl\":\"https:\\\/\\\/bebest-coaching.com\\\/wp-content\\\/uploads\\\/2025\\\/09\\\/bebest-individuals.jpg\",\"datePublished\":\"2025-07-06T19:29:26+00:00\",\"dateModified\":\"2026-01-14T10:46:42+00:00\",\"description\":\"Professionelles Einzelcoaching zur Entwicklung von F\u00fchrungskompetenz, Haltung und Karriere. Ein individueller, ergebnisorientierter Ansatz mit nachhaltiger Wirkung.\",\"breadcrumb\":{\"@id\":\"https:\\\/\\\/bebest-coaching.com\\\/de\\\/services\\\/bebest-individuals\\\/#breadcrumb\"},\"inLanguage\":\"de\",\"potentialAction\":[{\"@type\":\"ReadAction\",\"target\":[\"https:\\\/\\\/bebest-coaching.com\\\/de\\\/services\\\/bebest-individuals\\\/\"]}]},{\"@type\":\"ImageObject\",\"inLanguage\":\"de\",\"@id\":\"https:\\\/\\\/bebest-coaching.com\\\/de\\\/services\\\/bebest-individuals\\\/#primaryimage\",\"url\":\"https:\\\/\\\/bebest-coaching.com\\\/wp-content\\\/uploads\\\/2025\\\/09\\\/bebest-individuals.jpg\",\"contentUrl\":\"https:\\\/\\\/bebest-coaching.com\\\/wp-content\\\/uploads\\\/2025\\\/09\\\/bebest-individuals.jpg\",\"width\":1200,\"height\":1200,\"caption\":\"bebest-individuals\"},{\"@type\":\"BreadcrumbList\",\"@id\":\"https:\\\/\\\/bebest-coaching.com\\\/de\\\/services\\\/bebest-individuals\\\/#breadcrumb\",\"itemListElement\":[{\"@type\":\"ListItem\",\"position\":1,\"name\":\"Startseite\",\"item\":\"https:\\\/\\\/bebest-coaching.com\\\/de\\\/\"},{\"@type\":\"ListItem\",\"position\":2,\"name\":\"Leistungen\",\"item\":\"https:\\\/\\\/bebest-coaching.com\\\/de\\\/services\\\/\"},{\"@type\":\"ListItem\",\"position\":3,\"name\":\"BeBest Individuals\"}]},{\"@type\":\"WebSite\",\"@id\":\"https:\\\/\\\/bebest-coaching.com\\\/de\\\/#website\",\"url\":\"https:\\\/\\\/bebest-coaching.com\\\/de\\\/\",\"name\":\"Bebest Coaching\",\"description\":\"Au del\u00e0 du coaching business, une m\u00e9thode et une transformation.\",\"publisher\":{\"@id\":\"https:\\\/\\\/bebest-coaching.com\\\/de\\\/#organization\"},\"potentialAction\":[{\"@type\":\"SearchAction\",\"target\":{\"@type\":\"EntryPoint\",\"urlTemplate\":\"https:\\\/\\\/bebest-coaching.com\\\/de\\\/?s={search_term_string}\"},\"query-input\":{\"@type\":\"PropertyValueSpecification\",\"valueRequired\":true,\"valueName\":\"search_term_string\"}}],\"inLanguage\":\"de\"},{\"@type\":\"Organization\",\"@id\":\"https:\\\/\\\/bebest-coaching.com\\\/de\\\/#organization\",\"name\":\"Bebest Coaching\",\"url\":\"https:\\\/\\\/bebest-coaching.com\\\/de\\\/\",\"logo\":{\"@type\":\"ImageObject\",\"inLanguage\":\"de\",\"@id\":\"https:\\\/\\\/bebest-coaching.com\\\/de\\\/#\\\/schema\\\/logo\\\/image\\\/\",\"url\":\"https:\\\/\\\/bebest-coaching.com\\\/wp-content\\\/uploads\\\/2025\\\/12\\\/logo-bebest.png\",\"contentUrl\":\"https:\\\/\\\/bebest-coaching.com\\\/wp-content\\\/uploads\\\/2025\\\/12\\\/logo-bebest.png\",\"width\":220,\"height\":218,\"caption\":\"Bebest Coaching\"},\"image\":{\"@id\":\"https:\\\/\\\/bebest-coaching.com\\\/de\\\/#\\\/schema\\\/logo\\\/image\\\/\"},\"sameAs\":[\"https:\\\/\\\/www.linkedin.com\\\/in\\\/audrey-jeanrond\\\/\",\"https:\\\/\\\/www.instagram.com\\\/audreyjeanrond\\\/\"]}]}<\/script>\n<!-- \/ Yoast SEO plugin. -->","yoast_head_json":{"title":"Professionelles Einzelcoaching | BeBest Coaching","description":"Professionelles Einzelcoaching zur Entwicklung von F\u00fchrungskompetenz, Haltung und Karriere. Ein individueller, ergebnisorientierter Ansatz mit nachhaltiger Wirkung.","robots":{"index":"index","follow":"follow","max-snippet":"max-snippet:-1","max-image-preview":"max-image-preview:large","max-video-preview":"max-video-preview:-1"},"canonical":"https:\/\/bebest-coaching.com\/de\/services\/bebest-individuals\/","og_locale":"de_DE","og_type":"article","og_title":"Professionelles Einzelcoaching | BeBest Coaching","og_description":"Professionelles Einzelcoaching zur Entwicklung von F\u00fchrungskompetenz, Haltung und Karriere. Ein individueller, ergebnisorientierter Ansatz mit nachhaltiger Wirkung.","og_url":"https:\/\/bebest-coaching.com\/de\/services\/bebest-individuals\/","og_site_name":"Bebest Coaching","article_modified_time":"2026-01-14T10:46:42+00:00","og_image":[{"width":1200,"height":1200,"url":"https:\/\/bebest-coaching.com\/wp-content\/uploads\/2025\/09\/bebest-individuals.jpg","type":"image\/jpeg"}],"twitter_card":"summary_large_image","twitter_misc":{"Gesch\u00e4tzte Lesezeit":"4\u00a0Minuten"},"schema":{"@context":"https:\/\/schema.org","@graph":[{"@type":"WebPage","@id":"https:\/\/bebest-coaching.com\/de\/services\/bebest-individuals\/","url":"https:\/\/bebest-coaching.com\/de\/services\/bebest-individuals\/","name":"Professionelles Einzelcoaching | BeBest Coaching","isPartOf":{"@id":"https:\/\/bebest-coaching.com\/de\/#website"},"primaryImageOfPage":{"@id":"https:\/\/bebest-coaching.com\/de\/services\/bebest-individuals\/#primaryimage"},"image":{"@id":"https:\/\/bebest-coaching.com\/de\/services\/bebest-individuals\/#primaryimage"},"thumbnailUrl":"https:\/\/bebest-coaching.com\/wp-content\/uploads\/2025\/09\/bebest-individuals.jpg","datePublished":"2025-07-06T19:29:26+00:00","dateModified":"2026-01-14T10:46:42+00:00","description":"Professionelles Einzelcoaching zur Entwicklung von F\u00fchrungskompetenz, Haltung und Karriere. Ein individueller, ergebnisorientierter Ansatz mit nachhaltiger Wirkung.","breadcrumb":{"@id":"https:\/\/bebest-coaching.com\/de\/services\/bebest-individuals\/#breadcrumb"},"inLanguage":"de","potentialAction":[{"@type":"ReadAction","target":["https:\/\/bebest-coaching.com\/de\/services\/bebest-individuals\/"]}]},{"@type":"ImageObject","inLanguage":"de","@id":"https:\/\/bebest-coaching.com\/de\/services\/bebest-individuals\/#primaryimage","url":"https:\/\/bebest-coaching.com\/wp-content\/uploads\/2025\/09\/bebest-individuals.jpg","contentUrl":"https:\/\/bebest-coaching.com\/wp-content\/uploads\/2025\/09\/bebest-individuals.jpg","width":1200,"height":1200,"caption":"bebest-individuals"},{"@type":"BreadcrumbList","@id":"https:\/\/bebest-coaching.com\/de\/services\/bebest-individuals\/#breadcrumb","itemListElement":[{"@type":"ListItem","position":1,"name":"Startseite","item":"https:\/\/bebest-coaching.com\/de\/"},{"@type":"ListItem","position":2,"name":"Leistungen","item":"https:\/\/bebest-coaching.com\/de\/services\/"},{"@type":"ListItem","position":3,"name":"BeBest Individuals"}]},{"@type":"WebSite","@id":"https:\/\/bebest-coaching.com\/de\/#website","url":"https:\/\/bebest-coaching.com\/de\/","name":"Bebest Coaching","description":"Au del\u00e0 du coaching business, une m\u00e9thode et une transformation.","publisher":{"@id":"https:\/\/bebest-coaching.com\/de\/#organization"},"potentialAction":[{"@type":"SearchAction","target":{"@type":"EntryPoint","urlTemplate":"https:\/\/bebest-coaching.com\/de\/?s={search_term_string}"},"query-input":{"@type":"PropertyValueSpecification","valueRequired":true,"valueName":"search_term_string"}}],"inLanguage":"de"},{"@type":"Organization","@id":"https:\/\/bebest-coaching.com\/de\/#organization","name":"Bebest Coaching","url":"https:\/\/bebest-coaching.com\/de\/","logo":{"@type":"ImageObject","inLanguage":"de","@id":"https:\/\/bebest-coaching.com\/de\/#\/schema\/logo\/image\/","url":"https:\/\/bebest-coaching.com\/wp-content\/uploads\/2025\/12\/logo-bebest.png","contentUrl":"https:\/\/bebest-coaching.com\/wp-content\/uploads\/2025\/12\/logo-bebest.png","width":220,"height":218,"caption":"Bebest Coaching"},"image":{"@id":"https:\/\/bebest-coaching.com\/de\/#\/schema\/logo\/image\/"},"sameAs":["https:\/\/www.linkedin.com\/in\/audrey-jeanrond\/","https:\/\/www.instagram.com\/audreyjeanrond\/"]}]}},"_links":{"self":[{"href":"https:\/\/bebest-coaching.com\/de\/wp-json\/wp\/v2\/pages\/1341","targetHints":{"allow":["GET"]}}],"collection":[{"href":"https:\/\/bebest-coaching.com\/de\/wp-json\/wp\/v2\/pages"}],"about":[{"href":"https:\/\/bebest-coaching.com\/de\/wp-json\/wp\/v2\/types\/page"}],"author":[{"embeddable":true,"href":"https:\/\/bebest-coaching.com\/de\/wp-json\/wp\/v2\/users\/1"}],"replies":[{"embeddable":true,"href":"https:\/\/bebest-coaching.com\/de\/wp-json\/wp\/v2\/comments?post=1341"}],"version-history":[{"count":7,"href":"https:\/\/bebest-coaching.com\/de\/wp-json\/wp\/v2\/pages\/1341\/revisions"}],"predecessor-version":[{"id":1405,"href":"https:\/\/bebest-coaching.com\/de\/wp-json\/wp\/v2\/pages\/1341\/revisions\/1405"}],"up":[{"embeddable":true,"href":"https:\/\/bebest-coaching.com\/de\/wp-json\/wp\/v2\/pages\/1336"}],"wp:featuredmedia":[{"embeddable":true,"href":"https:\/\/bebest-coaching.com\/de\/wp-json\/wp\/v2\/media\/865"}],"wp:attachment":[{"href":"https:\/\/bebest-coaching.com\/de\/wp-json\/wp\/v2\/media?parent=1341"}],"curies":[{"name":"wp","href":"https:\/\/api.w.org\/{rel}","templated":true}]}}