{"id":1346,"date":"2025-07-06T19:34:28","date_gmt":"2025-07-06T19:34:28","guid":{"rendered":"https:\/\/bebest-coaching.com\/services\/bebest-assessments-et-development-centres\/"},"modified":"2026-01-14T10:14:49","modified_gmt":"2026-01-14T10:14:49","slug":"bebest-assessments-and-development-centres","status":"publish","type":"page","link":"https:\/\/bebest-coaching.com\/de\/services\/bebest-assessments-and-development-centres\/","title":{"rendered":"BeBest Assessments &amp; Development Centers"},"content":{"rendered":"\n<section class=\"wp-block-group wrap_top_page wrap_top_page_image mb100\"><div class=\"wp-block-group__inner-container is-layout-constrained wp-block-group-is-layout-constrained\">\n<figure class=\"wp-block-image size-full\"><img loading=\"lazy\" decoding=\"async\" width=\"2500\" height=\"1079\" src=\"https:\/\/bebest-coaching.com\/wp-content\/uploads\/2025\/07\/bebest-assessments-services-head.jpg\" alt=\"bebest-assessments-services-head\" class=\"wp-image-698\" srcset=\"https:\/\/bebest-coaching.com\/wp-content\/uploads\/2025\/07\/bebest-assessments-services-head.jpg 2500w, https:\/\/bebest-coaching.com\/wp-content\/uploads\/2025\/07\/bebest-assessments-services-head-650x281.jpg 650w, https:\/\/bebest-coaching.com\/wp-content\/uploads\/2025\/07\/bebest-assessments-services-head-1400x604.jpg 1400w, https:\/\/bebest-coaching.com\/wp-content\/uploads\/2025\/07\/bebest-assessments-services-head-768x331.jpg 768w, https:\/\/bebest-coaching.com\/wp-content\/uploads\/2025\/07\/bebest-assessments-services-head-1536x663.jpg 1536w, https:\/\/bebest-coaching.com\/wp-content\/uploads\/2025\/07\/bebest-assessments-services-head-2048x884.jpg 2048w\" sizes=\"auto, (max-width: 2500px) 100vw, 2500px\" \/><\/figure>\n\n\n\n<div class=\"wp-block-group wrap_content\"><div class=\"wp-block-group__inner-container is-layout-constrained wp-block-group-is-layout-constrained\"><div class=\"yoast-breadcrumbs\"><span><span><a href=\"https:\/\/bebest-coaching.com\/de\/\">Startseite<\/a><\/span> \/ <span><a href=\"https:\/\/bebest-coaching.com\/de\/services\/\">Leistungen<\/a><\/span> \/ <span class=\"breadcrumb_last\" aria-current=\"page\">BeBest Assessments &amp; Development Centers<\/span><\/span><\/div>\n\n\n<h1 class=\"wp-block-heading\">BeBest Assessments &amp; Development Centers<\/h1>\n\n\n\n<p>Mehr als nur Assessment.<\/p>\n\n\n\n<div class=\"arrow-down-top\"><i class=\"fa-solid fa-arrow-down-long\"><\/i><\/div>\n<\/div><\/div>\n<\/div><\/section>\n\n\n\n<div class=\"wp-block-group mb100 wrap_content\"><div class=\"wp-block-group__inner-container is-layout-constrained wp-block-group-is-layout-constrained\">\n<p>Ma\u00dfgeschneiderte Assessment- und Development-Tage f\u00fcr Ihr Unternehmen \u2013 mit praxisnahen Simulationen, 360\u00b0-Feedback, psychometrischen Tools und integriertem Coaching.<\/p>\n\n\n\n<p>In diesen Programmen sind wir Ihr Partner zur Identifikation von Potenzialen, zur Vorbereitung von Rollen\u00fcbernahmen oder zur Kalibrierung von Talententwicklungsprogrammen.<\/p>\n<\/div><\/div>\n\n\n\n<div class=\"wp-block-media-text is-stacked-on-mobile wrap_content mb100\" id=\"pour-vous\"><figure class=\"wp-block-media-text__media\"><img loading=\"lazy\" decoding=\"async\" width=\"1400\" height=\"933\" src=\"https:\/\/bebest-coaching.com\/wp-content\/uploads\/2025\/07\/bebest-assessments-services-1400x933.jpg\" alt=\"bebest-assessments-services\" class=\"wp-image-695 size-full\" srcset=\"https:\/\/bebest-coaching.com\/wp-content\/uploads\/2025\/07\/bebest-assessments-services-1400x933.jpg 1400w, https:\/\/bebest-coaching.com\/wp-content\/uploads\/2025\/07\/bebest-assessments-services-650x433.jpg 650w, https:\/\/bebest-coaching.com\/wp-content\/uploads\/2025\/07\/bebest-assessments-services-768x512.jpg 768w, https:\/\/bebest-coaching.com\/wp-content\/uploads\/2025\/07\/bebest-assessments-services-1536x1024.jpg 1536w, https:\/\/bebest-coaching.com\/wp-content\/uploads\/2025\/07\/bebest-assessments-services.jpg 2000w\" sizes=\"auto, (max-width: 1400px) 100vw, 1400px\" \/><\/figure><div class=\"wp-block-media-text__content\">\n<h2 class=\"wp-block-heading\">Geeignet f\u00fcr Sie, wenn\u2026<\/h2>\n\n\n\n<p>Sie Potenziale objektivieren, Nachfolgen vorbereiten oder Entwicklungspl\u00e4ne mit einer rigorosen, personalisierten und motivierenden Methodik aufsetzen wollen.<\/p>\n\n\n\n<div class=\"wp-block-group focus mt40\"><div class=\"wp-block-group__inner-container is-layout-constrained wp-block-group-is-layout-constrained\">\n<p>Unsere Klient:innen sind z. B. HR-Abteilungen, die Middle Management vor Promotion evaluieren, Leadership-Diagnostik in Teams durchf\u00fchren oder post-Merger Skill-Aufbau begleiten wollen.<\/p>\n<\/div><\/div>\n<\/div><\/div>\n\n\n\n<div class=\"wp-block-media-text has-media-on-the-right is-stacked-on-mobile wrap_content\" id=\"pas-pour-vous\"><div class=\"wp-block-media-text__content\">\n<h2 class=\"wp-block-heading\">Nicht geeignet f\u00fcr Sie, wenn\u2026<\/h2>\n\n\n\n<p>Sie ein generisches Tool oder automatisierte Tests ohne qualitative Beobachtung erwarten.<\/p>\n\n\n\n<p>Unser Ansatz ist ma\u00dfgeschneidert, wird von zertifizierten Coaches durchgef\u00fchrt und setzt echtes Investment in menschliche Entwicklung voraus \u2013 nicht das blo\u00dfe \u201eRH-Boxen abhaken\u201c.<\/p>\n<\/div><figure class=\"wp-block-media-text__media\"><img loading=\"lazy\" decoding=\"async\" width=\"1400\" height=\"933\" src=\"https:\/\/bebest-coaching.com\/wp-content\/uploads\/2025\/07\/bebest-assessments-pas-pour-vous-1400x933.jpg\" alt=\"bebest-assessments-pas-pour-vous\" class=\"wp-image-702 size-full\" srcset=\"https:\/\/bebest-coaching.com\/wp-content\/uploads\/2025\/07\/bebest-assessments-pas-pour-vous-1400x933.jpg 1400w, https:\/\/bebest-coaching.com\/wp-content\/uploads\/2025\/07\/bebest-assessments-pas-pour-vous-650x433.jpg 650w, https:\/\/bebest-coaching.com\/wp-content\/uploads\/2025\/07\/bebest-assessments-pas-pour-vous-768x512.jpg 768w, https:\/\/bebest-coaching.com\/wp-content\/uploads\/2025\/07\/bebest-assessments-pas-pour-vous-1536x1024.jpg 1536w, https:\/\/bebest-coaching.com\/wp-content\/uploads\/2025\/07\/bebest-assessments-pas-pour-vous.jpg 2000w\" sizes=\"auto, (max-width: 1400px) 100vw, 1400px\" \/><\/figure><\/div>\n\n\n\n<section class=\"wp-block-group pt100 pb100 mt120 has-background\" style=\"background-color:#152948\"><div class=\"wp-block-group__inner-container is-layout-constrained wp-block-group-is-layout-constrained\">\n<div class=\"wp-block-group wrap_content\"><div class=\"wp-block-group__inner-container is-layout-constrained wp-block-group-is-layout-constrained\">\n<h2 class=\"wp-block-heading has-white-color has-text-color has-link-color wp-elements-4415e1937d6505dda3c39a086b9672f4\">Die Praxis<\/h2>\n\n\n\n<div class=\"wp-block-group wrap_accordion mt40 has-white-color has-text-color has-link-color wp-elements-d2636e84d165056eccec959ab949c26d\"><div class=\"wp-block-group__inner-container is-layout-constrained wp-block-group-is-layout-constrained\">\n<div class=\"wp-block-group accordion active\"><div class=\"wp-block-group__inner-container is-layout-constrained wp-block-group-is-layout-constrained\">\n<h3 class=\"wp-block-heading\" id=\"lumiere-naturelle\"><strong>Eine solide Methodik aus dem Corporate Consulting.<\/strong><\/h3>\n\n\n\n<div class=\"wp-block-group contenu_accordion\"><div class=\"wp-block-group__inner-container is-layout-constrained wp-block-group-is-layout-constrained\">\n<p>Bei BeBest basiert unser Assessment-Ansatz auf jahrelang bew\u00e4hrten Praktiken aus anspruchsvollen Corporate-Umfeldern. Unsere Methode ist rigoros, kalibriert und stets strategisch ausgerichtet.<\/p>\n\n\n\n<p>Konkret kombiniert ein Assessment mehrere komplement\u00e4re Elemente:<\/p>\n\n\n\n<ul class=\"wp-block-list mt20\">\n<li>Competency-Based Interviews (auf klaren Kompetenzmodellen basierend)<\/li>\n\n\n\n<li>Realistische Rollenspiele und Simulationen aus dem beruflichen Alltag<\/li>\n\n\n\n<li>Vielf\u00e4ltige psychometrische Tools (Pers\u00f6nlichkeit, Leadership-Stile, Kommunikationspr\u00e4ferenzen)<\/li>\n\n\n\n<li>Reflexions- und Strategie-\u00dcbungen zur Beobachtung von Entscheidungsfindung und Weitblick<\/li>\n<\/ul>\n<\/div><\/div>\n<\/div><\/div>\n\n\n\n<div class=\"wp-block-group accordion\"><div class=\"wp-block-group__inner-container is-layout-constrained wp-block-group-is-layout-constrained\">\n<h3 class=\"wp-block-heading\" id=\"details-soignes\"><strong>Doppelziel: Entscheidung &amp; Entwicklung<\/strong><\/h3>\n\n\n\n<div class=\"wp-block-group contenu_accordion\"><div class=\"wp-block-group__inner-container is-layout-constrained wp-block-group-is-layout-constrained\">\n<p>Unser Mehrwert: Jedes Assessment f\u00fchrt zu einem vollst\u00e4ndigen, praxisrelevanten Bericht, der:<\/p>\n\n\n\n<ul class=\"wp-block-list mt20\">\n<li>Sponsoren (HR, F\u00fchrung, Exekutive) zu fundierten Talent- und Karriereentscheidungen bef\u00e4higt<\/li>\n\n\n\n<li>Teilnehmende beim Bewusstsein und Wachstum unterst\u00fctzt \u2013 mit klarer Sicht auf St\u00e4rken und Entwicklungsfelder<\/li>\n<\/ul>\n<\/div><\/div>\n<\/div><\/div>\n\n\n\n<div class=\"wp-block-group accordion\"><div class=\"wp-block-group__inner-container is-layout-constrained wp-block-group-is-layout-constrained\">\n<h3 class=\"wp-block-heading\" id=\"lumiere-naturelle\"><strong>Individuell oder Gruppe \u2013 zwei wirksame Formate<\/strong><\/h3>\n\n\n\n<div class=\"wp-block-group contenu_accordion\"><div class=\"wp-block-group__inner-container is-layout-constrained wp-block-group-is-layout-constrained\">\n<p>Wir bieten Einzel-Assessments sowie Development Centers in Gruppenformaten an.<\/p>\n\n\n\n<p>In kollektiven Programmen arbeiten mehrere Coaches und Assessor:innen zusammen \u2013 f\u00fcr eine differenzierte, faire und umfassende Sicht auf Talente.<\/p>\n<\/div><\/div>\n<\/div><\/div>\n<\/div><\/div>\n<\/div><\/div>\n<\/div><\/section>\n\n\n\n<div class=\"wp-block-group wrap_cta_bottom\"><div class=\"wp-block-group__inner-container is-layout-constrained wp-block-group-is-layout-constrained\">\n<div class=\"wp-block-group wrap_content\"><div class=\"wp-block-group__inner-container is-layout-constrained wp-block-group-is-layout-constrained\">\n<a href=\"https:\/\/bebest-coaching.com\/de\/contact-us\/\">\n\n\n\n<figure class=\"wp-block-image size-full\"><img loading=\"lazy\" decoding=\"async\" width=\"2000\" height=\"1079\" src=\"https:\/\/bebest-coaching.com\/wp-content\/uploads\/2025\/07\/contact-bebest-assessments.jpg\" alt=\"contact-bebest-assessments\" class=\"wp-image-705\" srcset=\"https:\/\/bebest-coaching.com\/wp-content\/uploads\/2025\/07\/contact-bebest-assessments.jpg 2000w, https:\/\/bebest-coaching.com\/wp-content\/uploads\/2025\/07\/contact-bebest-assessments-650x351.jpg 650w, https:\/\/bebest-coaching.com\/wp-content\/uploads\/2025\/07\/contact-bebest-assessments-1400x755.jpg 1400w, https:\/\/bebest-coaching.com\/wp-content\/uploads\/2025\/07\/contact-bebest-assessments-768x414.jpg 768w, https:\/\/bebest-coaching.com\/wp-content\/uploads\/2025\/07\/contact-bebest-assessments-1536x829.jpg 1536w\" sizes=\"auto, (max-width: 2000px) 100vw, 2000px\" \/><\/figure>\n\n\n\n<div class=\"content_cta\">\n<span class=\"reserver\">Starten Sie jetzt mit BeBest Assessments &#038; Development Centers<\/span>\n<span>Kontaktieren Sie uns<\/span>\n<\/div>\n\n\n\n<\/a>\n<\/div><\/div>\n<\/div><\/div>\n","protected":false},"excerpt":{"rendered":"<p>Leistungsstarke Assessment- und Development-Programme.<\/p>\n","protected":false},"author":1,"featured_media":854,"parent":1336,"menu_order":39,"comment_status":"closed","ping_status":"closed","template":"","meta":{"_acf_changed":false,"footnotes":""},"class_list":["post-1346","page","type-page","status-publish","has-post-thumbnail","hentry"],"acf":[],"yoast_head":"<!-- This site is optimized with the Yoast SEO plugin v27.4 - https:\/\/yoast.com\/product\/yoast-seo-wordpress\/ -->\n<title>Assessment &amp; Development Center | BeBest<\/title>\n<meta name=\"description\" content=\"Assessment und Development Center zur Bewertung, Entwicklung und Absicherung von HR-Entscheidungen f\u00fcr F\u00fchrungskr\u00e4fte und Manager.\" \/>\n<meta name=\"robots\" content=\"index, follow, max-snippet:-1, max-image-preview:large, max-video-preview:-1\" \/>\n<link rel=\"canonical\" href=\"https:\/\/bebest-coaching.com\/de\/services\/bebest-assessments-and-development-centres\/\" \/>\n<meta property=\"og:locale\" content=\"de_DE\" \/>\n<meta property=\"og:type\" content=\"article\" \/>\n<meta property=\"og:title\" content=\"Assessment &amp; Development Center | BeBest\" \/>\n<meta property=\"og:description\" content=\"Assessment und Development Center zur Bewertung, Entwicklung und Absicherung von HR-Entscheidungen f\u00fcr F\u00fchrungskr\u00e4fte und Manager.\" \/>\n<meta property=\"og:url\" content=\"https:\/\/bebest-coaching.com\/de\/services\/bebest-assessments-and-development-centres\/\" \/>\n<meta property=\"og:site_name\" content=\"Bebest Coaching\" \/>\n<meta property=\"article:modified_time\" content=\"2026-01-14T10:14:49+00:00\" \/>\n<meta property=\"og:image\" content=\"https:\/\/bebest-coaching.com\/wp-content\/uploads\/2025\/09\/bebest-assessments-coaching.jpg\" \/>\n\t<meta property=\"og:image:width\" content=\"1200\" \/>\n\t<meta property=\"og:image:height\" content=\"978\" \/>\n\t<meta property=\"og:image:type\" content=\"image\/jpeg\" \/>\n<meta name=\"twitter:card\" content=\"summary_large_image\" \/>\n<meta name=\"twitter:label1\" content=\"Gesch\u00e4tzte Lesezeit\" \/>\n\t<meta name=\"twitter:data1\" content=\"3\u00a0Minuten\" \/>\n<script type=\"application\/ld+json\" class=\"yoast-schema-graph\">{\"@context\":\"https:\\\/\\\/schema.org\",\"@graph\":[{\"@type\":\"WebPage\",\"@id\":\"https:\\\/\\\/bebest-coaching.com\\\/de\\\/services\\\/bebest-assessments-and-development-centres\\\/\",\"url\":\"https:\\\/\\\/bebest-coaching.com\\\/de\\\/services\\\/bebest-assessments-and-development-centres\\\/\",\"name\":\"Assessment & Development Center | BeBest\",\"isPartOf\":{\"@id\":\"https:\\\/\\\/bebest-coaching.com\\\/de\\\/#website\"},\"primaryImageOfPage\":{\"@id\":\"https:\\\/\\\/bebest-coaching.com\\\/de\\\/services\\\/bebest-assessments-and-development-centres\\\/#primaryimage\"},\"image\":{\"@id\":\"https:\\\/\\\/bebest-coaching.com\\\/de\\\/services\\\/bebest-assessments-and-development-centres\\\/#primaryimage\"},\"thumbnailUrl\":\"https:\\\/\\\/bebest-coaching.com\\\/wp-content\\\/uploads\\\/2025\\\/09\\\/bebest-assessments-coaching.jpg\",\"datePublished\":\"2025-07-06T19:34:28+00:00\",\"dateModified\":\"2026-01-14T10:14:49+00:00\",\"description\":\"Assessment und Development Center zur Bewertung, Entwicklung und Absicherung von HR-Entscheidungen f\u00fcr F\u00fchrungskr\u00e4fte und Manager.\",\"breadcrumb\":{\"@id\":\"https:\\\/\\\/bebest-coaching.com\\\/de\\\/services\\\/bebest-assessments-and-development-centres\\\/#breadcrumb\"},\"inLanguage\":\"de\",\"potentialAction\":[{\"@type\":\"ReadAction\",\"target\":[\"https:\\\/\\\/bebest-coaching.com\\\/de\\\/services\\\/bebest-assessments-and-development-centres\\\/\"]}]},{\"@type\":\"ImageObject\",\"inLanguage\":\"de\",\"@id\":\"https:\\\/\\\/bebest-coaching.com\\\/de\\\/services\\\/bebest-assessments-and-development-centres\\\/#primaryimage\",\"url\":\"https:\\\/\\\/bebest-coaching.com\\\/wp-content\\\/uploads\\\/2025\\\/09\\\/bebest-assessments-coaching.jpg\",\"contentUrl\":\"https:\\\/\\\/bebest-coaching.com\\\/wp-content\\\/uploads\\\/2025\\\/09\\\/bebest-assessments-coaching.jpg\",\"width\":1200,\"height\":978,\"caption\":\"bebest-assessments-coaching\"},{\"@type\":\"BreadcrumbList\",\"@id\":\"https:\\\/\\\/bebest-coaching.com\\\/de\\\/services\\\/bebest-assessments-and-development-centres\\\/#breadcrumb\",\"itemListElement\":[{\"@type\":\"ListItem\",\"position\":1,\"name\":\"Startseite\",\"item\":\"https:\\\/\\\/bebest-coaching.com\\\/de\\\/\"},{\"@type\":\"ListItem\",\"position\":2,\"name\":\"Leistungen\",\"item\":\"https:\\\/\\\/bebest-coaching.com\\\/de\\\/services\\\/\"},{\"@type\":\"ListItem\",\"position\":3,\"name\":\"BeBest Assessments &amp; Development Centers\"}]},{\"@type\":\"WebSite\",\"@id\":\"https:\\\/\\\/bebest-coaching.com\\\/de\\\/#website\",\"url\":\"https:\\\/\\\/bebest-coaching.com\\\/de\\\/\",\"name\":\"Bebest Coaching\",\"description\":\"Au del\u00e0 du coaching business, une m\u00e9thode et une transformation.\",\"publisher\":{\"@id\":\"https:\\\/\\\/bebest-coaching.com\\\/de\\\/#organization\"},\"potentialAction\":[{\"@type\":\"SearchAction\",\"target\":{\"@type\":\"EntryPoint\",\"urlTemplate\":\"https:\\\/\\\/bebest-coaching.com\\\/de\\\/?s={search_term_string}\"},\"query-input\":{\"@type\":\"PropertyValueSpecification\",\"valueRequired\":true,\"valueName\":\"search_term_string\"}}],\"inLanguage\":\"de\"},{\"@type\":\"Organization\",\"@id\":\"https:\\\/\\\/bebest-coaching.com\\\/de\\\/#organization\",\"name\":\"Bebest Coaching\",\"url\":\"https:\\\/\\\/bebest-coaching.com\\\/de\\\/\",\"logo\":{\"@type\":\"ImageObject\",\"inLanguage\":\"de\",\"@id\":\"https:\\\/\\\/bebest-coaching.com\\\/de\\\/#\\\/schema\\\/logo\\\/image\\\/\",\"url\":\"https:\\\/\\\/bebest-coaching.com\\\/wp-content\\\/uploads\\\/2025\\\/12\\\/logo-bebest.png\",\"contentUrl\":\"https:\\\/\\\/bebest-coaching.com\\\/wp-content\\\/uploads\\\/2025\\\/12\\\/logo-bebest.png\",\"width\":220,\"height\":218,\"caption\":\"Bebest Coaching\"},\"image\":{\"@id\":\"https:\\\/\\\/bebest-coaching.com\\\/de\\\/#\\\/schema\\\/logo\\\/image\\\/\"},\"sameAs\":[\"https:\\\/\\\/www.linkedin.com\\\/in\\\/audrey-jeanrond\\\/\",\"https:\\\/\\\/www.instagram.com\\\/audreyjeanrond\\\/\"]}]}<\/script>\n<!-- \/ Yoast SEO plugin. -->","yoast_head_json":{"title":"Assessment & Development Center | BeBest","description":"Assessment und Development Center zur Bewertung, Entwicklung und Absicherung von HR-Entscheidungen f\u00fcr F\u00fchrungskr\u00e4fte und Manager.","robots":{"index":"index","follow":"follow","max-snippet":"max-snippet:-1","max-image-preview":"max-image-preview:large","max-video-preview":"max-video-preview:-1"},"canonical":"https:\/\/bebest-coaching.com\/de\/services\/bebest-assessments-and-development-centres\/","og_locale":"de_DE","og_type":"article","og_title":"Assessment & Development Center | BeBest","og_description":"Assessment und Development Center zur Bewertung, Entwicklung und Absicherung von HR-Entscheidungen f\u00fcr F\u00fchrungskr\u00e4fte und Manager.","og_url":"https:\/\/bebest-coaching.com\/de\/services\/bebest-assessments-and-development-centres\/","og_site_name":"Bebest Coaching","article_modified_time":"2026-01-14T10:14:49+00:00","og_image":[{"width":1200,"height":978,"url":"https:\/\/bebest-coaching.com\/wp-content\/uploads\/2025\/09\/bebest-assessments-coaching.jpg","type":"image\/jpeg"}],"twitter_card":"summary_large_image","twitter_misc":{"Gesch\u00e4tzte Lesezeit":"3\u00a0Minuten"},"schema":{"@context":"https:\/\/schema.org","@graph":[{"@type":"WebPage","@id":"https:\/\/bebest-coaching.com\/de\/services\/bebest-assessments-and-development-centres\/","url":"https:\/\/bebest-coaching.com\/de\/services\/bebest-assessments-and-development-centres\/","name":"Assessment & Development Center | BeBest","isPartOf":{"@id":"https:\/\/bebest-coaching.com\/de\/#website"},"primaryImageOfPage":{"@id":"https:\/\/bebest-coaching.com\/de\/services\/bebest-assessments-and-development-centres\/#primaryimage"},"image":{"@id":"https:\/\/bebest-coaching.com\/de\/services\/bebest-assessments-and-development-centres\/#primaryimage"},"thumbnailUrl":"https:\/\/bebest-coaching.com\/wp-content\/uploads\/2025\/09\/bebest-assessments-coaching.jpg","datePublished":"2025-07-06T19:34:28+00:00","dateModified":"2026-01-14T10:14:49+00:00","description":"Assessment und Development Center zur Bewertung, Entwicklung und Absicherung von HR-Entscheidungen f\u00fcr F\u00fchrungskr\u00e4fte und Manager.","breadcrumb":{"@id":"https:\/\/bebest-coaching.com\/de\/services\/bebest-assessments-and-development-centres\/#breadcrumb"},"inLanguage":"de","potentialAction":[{"@type":"ReadAction","target":["https:\/\/bebest-coaching.com\/de\/services\/bebest-assessments-and-development-centres\/"]}]},{"@type":"ImageObject","inLanguage":"de","@id":"https:\/\/bebest-coaching.com\/de\/services\/bebest-assessments-and-development-centres\/#primaryimage","url":"https:\/\/bebest-coaching.com\/wp-content\/uploads\/2025\/09\/bebest-assessments-coaching.jpg","contentUrl":"https:\/\/bebest-coaching.com\/wp-content\/uploads\/2025\/09\/bebest-assessments-coaching.jpg","width":1200,"height":978,"caption":"bebest-assessments-coaching"},{"@type":"BreadcrumbList","@id":"https:\/\/bebest-coaching.com\/de\/services\/bebest-assessments-and-development-centres\/#breadcrumb","itemListElement":[{"@type":"ListItem","position":1,"name":"Startseite","item":"https:\/\/bebest-coaching.com\/de\/"},{"@type":"ListItem","position":2,"name":"Leistungen","item":"https:\/\/bebest-coaching.com\/de\/services\/"},{"@type":"ListItem","position":3,"name":"BeBest Assessments &amp; Development Centers"}]},{"@type":"WebSite","@id":"https:\/\/bebest-coaching.com\/de\/#website","url":"https:\/\/bebest-coaching.com\/de\/","name":"Bebest Coaching","description":"Au del\u00e0 du coaching business, une m\u00e9thode et une transformation.","publisher":{"@id":"https:\/\/bebest-coaching.com\/de\/#organization"},"potentialAction":[{"@type":"SearchAction","target":{"@type":"EntryPoint","urlTemplate":"https:\/\/bebest-coaching.com\/de\/?s={search_term_string}"},"query-input":{"@type":"PropertyValueSpecification","valueRequired":true,"valueName":"search_term_string"}}],"inLanguage":"de"},{"@type":"Organization","@id":"https:\/\/bebest-coaching.com\/de\/#organization","name":"Bebest Coaching","url":"https:\/\/bebest-coaching.com\/de\/","logo":{"@type":"ImageObject","inLanguage":"de","@id":"https:\/\/bebest-coaching.com\/de\/#\/schema\/logo\/image\/","url":"https:\/\/bebest-coaching.com\/wp-content\/uploads\/2025\/12\/logo-bebest.png","contentUrl":"https:\/\/bebest-coaching.com\/wp-content\/uploads\/2025\/12\/logo-bebest.png","width":220,"height":218,"caption":"Bebest Coaching"},"image":{"@id":"https:\/\/bebest-coaching.com\/de\/#\/schema\/logo\/image\/"},"sameAs":["https:\/\/www.linkedin.com\/in\/audrey-jeanrond\/","https:\/\/www.instagram.com\/audreyjeanrond\/"]}]}},"_links":{"self":[{"href":"https:\/\/bebest-coaching.com\/de\/wp-json\/wp\/v2\/pages\/1346","targetHints":{"allow":["GET"]}}],"collection":[{"href":"https:\/\/bebest-coaching.com\/de\/wp-json\/wp\/v2\/pages"}],"about":[{"href":"https:\/\/bebest-coaching.com\/de\/wp-json\/wp\/v2\/types\/page"}],"author":[{"embeddable":true,"href":"https:\/\/bebest-coaching.com\/de\/wp-json\/wp\/v2\/users\/1"}],"replies":[{"embeddable":true,"href":"https:\/\/bebest-coaching.com\/de\/wp-json\/wp\/v2\/comments?post=1346"}],"version-history":[{"count":4,"href":"https:\/\/bebest-coaching.com\/de\/wp-json\/wp\/v2\/pages\/1346\/revisions"}],"predecessor-version":[{"id":1398,"href":"https:\/\/bebest-coaching.com\/de\/wp-json\/wp\/v2\/pages\/1346\/revisions\/1398"}],"up":[{"embeddable":true,"href":"https:\/\/bebest-coaching.com\/de\/wp-json\/wp\/v2\/pages\/1336"}],"wp:featuredmedia":[{"embeddable":true,"href":"https:\/\/bebest-coaching.com\/de\/wp-json\/wp\/v2\/media\/854"}],"wp:attachment":[{"href":"https:\/\/bebest-coaching.com\/de\/wp-json\/wp\/v2\/media?parent=1346"}],"curies":[{"name":"wp","href":"https:\/\/api.w.org\/{rel}","templated":true}]}}