{"id":1349,"date":"2025-07-06T19:32:32","date_gmt":"2025-07-06T19:32:32","guid":{"rendered":"https:\/\/bebest-coaching.com\/services\/bebest-in-training\/"},"modified":"2026-01-14T10:17:25","modified_gmt":"2026-01-14T10:17:25","slug":"bebest-in-training","status":"publish","type":"page","link":"https:\/\/bebest-coaching.com\/de\/services\/bebest-in-training\/","title":{"rendered":"BeBest in Training"},"content":{"rendered":"\n<section class=\"wp-block-group wrap_top_page wrap_top_page_image mb100\"><div class=\"wp-block-group__inner-container is-layout-constrained wp-block-group-is-layout-constrained\">\n<figure class=\"wp-block-image size-full\"><img loading=\"lazy\" decoding=\"async\" width=\"2500\" height=\"1615\" src=\"https:\/\/bebest-coaching.com\/wp-content\/uploads\/2025\/09\/bebest-coaching-training.jpg\" alt=\"bebest-coaching-training\" class=\"wp-image-1024\" srcset=\"https:\/\/bebest-coaching.com\/wp-content\/uploads\/2025\/09\/bebest-coaching-training.jpg 2500w, https:\/\/bebest-coaching.com\/wp-content\/uploads\/2025\/09\/bebest-coaching-training-650x420.jpg 650w, https:\/\/bebest-coaching.com\/wp-content\/uploads\/2025\/09\/bebest-coaching-training-1400x904.jpg 1400w, https:\/\/bebest-coaching.com\/wp-content\/uploads\/2025\/09\/bebest-coaching-training-768x496.jpg 768w, https:\/\/bebest-coaching.com\/wp-content\/uploads\/2025\/09\/bebest-coaching-training-1536x992.jpg 1536w, https:\/\/bebest-coaching.com\/wp-content\/uploads\/2025\/09\/bebest-coaching-training-2048x1323.jpg 2048w\" sizes=\"auto, (max-width: 2500px) 100vw, 2500px\" \/><\/figure>\n\n\n\n<div class=\"wp-block-group wrap_content\"><div class=\"wp-block-group__inner-container is-layout-constrained wp-block-group-is-layout-constrained\"><div class=\"yoast-breadcrumbs\"><span><span><a href=\"https:\/\/bebest-coaching.com\/de\/\">Startseite<\/a><\/span> \/ <span><a href=\"https:\/\/bebest-coaching.com\/de\/services\/\">Leistungen<\/a><\/span> \/ <span class=\"breadcrumb_last\" aria-current=\"page\">BeBest in Training<\/span><\/span><\/div>\n\n\n<h1 class=\"wp-block-heading\">BeBest in Training<\/h1>\n\n\n\n<p>Effektstarke Workshops &amp; inspirierende Masterclasses.<\/p>\n\n\n\n<div class=\"arrow-down-top\"><i class=\"fa-solid fa-arrow-down-long\"><\/i><\/div>\n<\/div><\/div>\n<\/div><\/section>\n\n\n\n<div class=\"wp-block-group mb100 wrap_content\"><div class=\"wp-block-group__inner-container is-layout-constrained wp-block-group-is-layout-constrained\">\n<p>Interaktive, praxisnahe und inspirierende Formate zur Weiterentwicklung von F\u00fchrungs- und Beziehungskompetenzen.<\/p>\n\n\n\n<p>Jede Session wird auf Ihre konkreten Herausforderungen zugeschnitten und zielt auf unmittelbare Wirkung im Arbeitsalltag von Teams. Themen reichen von Change Management, assertiver Kommunikation, Leadership-Levers, konstruktivem Feedback, Vertrauensaufbau, Team-Effektivit\u00e4t bis zu optimiertem Zeit- und Priorit\u00e4tenmanagement.<\/p>\n<\/div><\/div>\n\n\n\n<div class=\"wp-block-media-text is-stacked-on-mobile wrap_content mb100\" id=\"pour-vous\"><figure class=\"wp-block-media-text__media\"><img loading=\"lazy\" decoding=\"async\" width=\"1400\" height=\"933\" src=\"https:\/\/bebest-coaching.com\/wp-content\/uploads\/2025\/07\/service-bebest-in-training-2-1400x933.jpg\" alt=\"service-bebest-in-training-2\" class=\"wp-image-754 size-full\" srcset=\"https:\/\/bebest-coaching.com\/wp-content\/uploads\/2025\/07\/service-bebest-in-training-2-1400x933.jpg 1400w, https:\/\/bebest-coaching.com\/wp-content\/uploads\/2025\/07\/service-bebest-in-training-2-650x433.jpg 650w, https:\/\/bebest-coaching.com\/wp-content\/uploads\/2025\/07\/service-bebest-in-training-2-768x512.jpg 768w, https:\/\/bebest-coaching.com\/wp-content\/uploads\/2025\/07\/service-bebest-in-training-2-1536x1024.jpg 1536w, https:\/\/bebest-coaching.com\/wp-content\/uploads\/2025\/07\/service-bebest-in-training-2.jpg 2000w\" sizes=\"auto, (max-width: 1400px) 100vw, 1400px\" \/><\/figure><div class=\"wp-block-media-text__content\">\n<h2 class=\"wp-block-heading\">Geeignet f\u00fcr Sie, wenn\u2026<\/h2>\n\n\n\n<p>Sie kurze, dynamische und konkrete Formate suchen, um Teams zu mobilisieren, Denkweisen zu ver\u00e4ndern und sofort umsetzbare Tools mitzunehmen. Uns ist wichtig, Workshops in einen koh\u00e4renten und nachhaltigen Entwicklungsrahmen Ihres Unternehmens einzubetten.<\/p>\n\n\n\n<div class=\"wp-block-group focus mt40\"><div class=\"wp-block-group__inner-container is-layout-constrained wp-block-group-is-layout-constrained\">\n<p>Unsere Klient:innen implementieren z. B. Feedback-Workshops f\u00fcr F\u00fchrungskr\u00e4fte, Stressmanagement-Sessions f\u00fcr belastete Teams oder Masterclasses zur F\u00fchrungshaltung.<\/p>\n<\/div><\/div>\n<\/div><\/div>\n\n\n\n<div class=\"wp-block-media-text has-media-on-the-right is-stacked-on-mobile wrap_content\" id=\"pas-pour-vous\"><div class=\"wp-block-media-text__content\">\n<h2 class=\"wp-block-heading\">Nicht geeignet f\u00fcr Sie, wenn\u2026<\/h2>\n\n\n\n<p>Sie theoretische, normierte oder standardisierte Programme ohne Praxisbezug suchen.<\/p>\n\n\n\n<p>Bei BeBest sind Trainings lebendig, anspruchsvoll und durchaus konfrontativ: Teilnehmende werden aktiviert und in Verantwortung gebracht \u2013 nicht nur \u201ebespielt\u201c. Und sie gehen mit konkreten Tools nach Hause \u2013 kein \u201eBack to Business as usual\u201c!<\/p>\n<\/div><figure class=\"wp-block-media-text__media\"><img loading=\"lazy\" decoding=\"async\" width=\"1400\" height=\"934\" src=\"https:\/\/bebest-coaching.com\/wp-content\/uploads\/2025\/07\/service-bebest-in-training-3-1400x934.jpg\" alt=\"service-bebest-in-training-3\" class=\"wp-image-757 size-full\" srcset=\"https:\/\/bebest-coaching.com\/wp-content\/uploads\/2025\/07\/service-bebest-in-training-3-1400x934.jpg 1400w, https:\/\/bebest-coaching.com\/wp-content\/uploads\/2025\/07\/service-bebest-in-training-3-650x434.jpg 650w, https:\/\/bebest-coaching.com\/wp-content\/uploads\/2025\/07\/service-bebest-in-training-3-768x512.jpg 768w, https:\/\/bebest-coaching.com\/wp-content\/uploads\/2025\/07\/service-bebest-in-training-3-1536x1025.jpg 1536w, https:\/\/bebest-coaching.com\/wp-content\/uploads\/2025\/07\/service-bebest-in-training-3.jpg 2000w\" sizes=\"auto, (max-width: 1400px) 100vw, 1400px\" \/><\/figure><\/div>\n\n\n\n<section class=\"wp-block-group pt160 pb160 mt120 has-background\" style=\"background-color:#152948\"><div class=\"wp-block-group__inner-container is-layout-constrained wp-block-group-is-layout-constrained\">\n<div class=\"wp-block-group wrap_content\"><div class=\"wp-block-group__inner-container is-layout-constrained wp-block-group-is-layout-constrained\">\n<h2 class=\"wp-block-heading has-white-color has-text-color has-link-color wp-elements-9366c30c1b40a9021128b18cf1a058bb\"><strong>Unsere wichtigsten Trainingsthemen<\/strong><\/h2>\n\n\n\n<p class=\"has-white-color has-text-color has-link-color wp-elements-10ed5efeff8c48b2650bc45b9f1a3e4a\">Bei BeBest entwickeln wir ma\u00dfgeschneiderte Programme f\u00fcr die konkreten Herausforderungen von F\u00fchrungskr\u00e4ften und Teams.<\/p>\n\n\n\n<p class=\"has-white-color has-text-color has-link-color wp-elements-ee2ae0c4c8280066e3e053c34b2e2b27\"><strong>Schwerpunkt-Themen:<\/strong><\/p>\n\n\n\n<ul class=\"wp-block-list mb20\">\n<li class=\"has-white-color has-text-color has-link-color wp-elements-cbfdc369dc64ecdcc89a456a8253a12b\">Change &amp; Transformation: Teams in Ver\u00e4nderung begleiten, Resilienz und Agilit\u00e4t st\u00e4rken.<\/li>\n\n\n\n<li class=\"has-white-color has-text-color has-link-color wp-elements-156a753610d26cc8f72c153f95201b8a\">Leadership &amp; Kommunikation: authentische F\u00fchrung, Feedback geben &amp; nehmen, Konflikte gestalten.<\/li>\n\n\n\n<li class=\"has-white-color has-text-color has-link-color wp-elements-d3d28320c3050211e97b746a9aa578e2\">Stress &amp; Wellbeing: Ersch\u00f6pfung vorbeugen, mentale Last managen, unterst\u00fctzende Umgebungen schaffen.<\/li>\n\n\n\n<li class=\"has-white-color has-text-color has-link-color wp-elements-ec0d92facbdf9367e6c00201bbe4c7d5\">Diversit\u00e4t, Equity &amp; Inklusion: sensibilisieren, unbewusste Bias abbauen und gerechte, leistungsstarke Kulturen gestalten.<\/li>\n\n\n\n<li class=\"has-white-color has-text-color has-link-color wp-elements-d7b72304230e8a5df17aee37d9de84f4\">Kollektive Performance &amp; Zusammenarbeit: Teamkoh\u00e4sion st\u00e4rken, Rollen kl\u00e4ren, Effektivit\u00e4t steigern.<\/li>\n<\/ul>\n\n\n\n<p class=\"mt40 has-white-color has-text-color has-link-color wp-elements-4cd935dc82bdbbbc19cba5b88bc0b006\"><strong>Alle Trainings sind erfahrungsorientiert, interaktiv und strategisch ausgerichtet \u2013 f\u00fcr menschliche Wirkung und nachhaltige Performance.<\/strong><\/p>\n<\/div><\/div>\n<\/div><\/section>\n\n\n\n<div class=\"wp-block-group wrap_cta_bottom\"><div class=\"wp-block-group__inner-container is-layout-constrained wp-block-group-is-layout-constrained\">\n<div class=\"wp-block-group wrap_content\"><div class=\"wp-block-group__inner-container is-layout-constrained wp-block-group-is-layout-constrained\">\n<a href=\"https:\/\/bebest-coaching.com\/de\/contact-us\/\">\n\n\n\n<figure class=\"wp-block-image size-full\"><img loading=\"lazy\" decoding=\"async\" width=\"2000\" height=\"1304\" src=\"https:\/\/bebest-coaching.com\/wp-content\/uploads\/2025\/09\/contact-bebest-training.jpg\" alt=\"contact-bebest-training\" class=\"wp-image-1031\" srcset=\"https:\/\/bebest-coaching.com\/wp-content\/uploads\/2025\/09\/contact-bebest-training.jpg 2000w, https:\/\/bebest-coaching.com\/wp-content\/uploads\/2025\/09\/contact-bebest-training-650x424.jpg 650w, https:\/\/bebest-coaching.com\/wp-content\/uploads\/2025\/09\/contact-bebest-training-1400x913.jpg 1400w, https:\/\/bebest-coaching.com\/wp-content\/uploads\/2025\/09\/contact-bebest-training-768x501.jpg 768w, https:\/\/bebest-coaching.com\/wp-content\/uploads\/2025\/09\/contact-bebest-training-1536x1001.jpg 1536w\" sizes=\"auto, (max-width: 2000px) 100vw, 2000px\" \/><\/figure>\n\n\n\n<div class=\"content_cta\">\n<span class=\"reserver\">Starten Sie jetzt mit BeBest in Training<\/span>\n<span>Kontaktieren Sie uns<\/span>\n<\/div>\n\n\n\n<\/a>\n<\/div><\/div>\n<\/div><\/div>\n","protected":false},"excerpt":{"rendered":"<p>Inspirierende Workshops &#038; Masterclasses.<\/p>\n","protected":false},"author":1,"featured_media":872,"parent":1336,"menu_order":42,"comment_status":"closed","ping_status":"closed","template":"","meta":{"_acf_changed":false,"footnotes":""},"class_list":["post-1349","page","type-page","status-publish","has-post-thumbnail","hentry"],"acf":[],"yoast_head":"<!-- This site is optimized with the Yoast SEO plugin v27.4 - https:\/\/yoast.com\/product\/yoast-seo-wordpress\/ -->\n<title>Leadership Training f\u00fcr Unternehmen | Workshops &amp; Trainings \u2013 BeBest<\/title>\n<meta name=\"description\" content=\"Leadership Training f\u00fcr Unternehmen mit Fokus auf Kommunikation, Management, Feedback und kollektive Leistung. Praxisnahe und wirkungsvolle Workshops.\" \/>\n<meta name=\"robots\" content=\"index, follow, max-snippet:-1, max-image-preview:large, max-video-preview:-1\" \/>\n<link rel=\"canonical\" href=\"https:\/\/bebest-coaching.com\/de\/services\/bebest-in-training\/\" \/>\n<meta property=\"og:locale\" content=\"de_DE\" \/>\n<meta property=\"og:type\" content=\"article\" \/>\n<meta property=\"og:title\" content=\"Leadership Training f\u00fcr Unternehmen | Workshops &amp; Trainings \u2013 BeBest\" \/>\n<meta property=\"og:description\" content=\"Leadership Training f\u00fcr Unternehmen mit Fokus auf Kommunikation, Management, Feedback und kollektive Leistung. Praxisnahe und wirkungsvolle Workshops.\" \/>\n<meta property=\"og:url\" content=\"https:\/\/bebest-coaching.com\/de\/services\/bebest-in-training\/\" \/>\n<meta property=\"og:site_name\" content=\"Bebest Coaching\" \/>\n<meta property=\"article:modified_time\" content=\"2026-01-14T10:17:25+00:00\" \/>\n<meta property=\"og:image\" content=\"https:\/\/bebest-coaching.com\/wp-content\/uploads\/2025\/09\/bebest-training.jpg\" \/>\n\t<meta property=\"og:image:width\" content=\"1200\" \/>\n\t<meta property=\"og:image:height\" content=\"1200\" \/>\n\t<meta property=\"og:image:type\" content=\"image\/jpeg\" \/>\n<meta name=\"twitter:card\" content=\"summary_large_image\" \/>\n<meta name=\"twitter:label1\" content=\"Gesch\u00e4tzte Lesezeit\" \/>\n\t<meta name=\"twitter:data1\" content=\"3\u00a0Minuten\" \/>\n<script type=\"application\/ld+json\" class=\"yoast-schema-graph\">{\"@context\":\"https:\\\/\\\/schema.org\",\"@graph\":[{\"@type\":\"WebPage\",\"@id\":\"https:\\\/\\\/bebest-coaching.com\\\/de\\\/services\\\/bebest-in-training\\\/\",\"url\":\"https:\\\/\\\/bebest-coaching.com\\\/de\\\/services\\\/bebest-in-training\\\/\",\"name\":\"Leadership Training f\u00fcr Unternehmen | Workshops & Trainings \u2013 BeBest\",\"isPartOf\":{\"@id\":\"https:\\\/\\\/bebest-coaching.com\\\/de\\\/#website\"},\"primaryImageOfPage\":{\"@id\":\"https:\\\/\\\/bebest-coaching.com\\\/de\\\/services\\\/bebest-in-training\\\/#primaryimage\"},\"image\":{\"@id\":\"https:\\\/\\\/bebest-coaching.com\\\/de\\\/services\\\/bebest-in-training\\\/#primaryimage\"},\"thumbnailUrl\":\"https:\\\/\\\/bebest-coaching.com\\\/wp-content\\\/uploads\\\/2025\\\/09\\\/bebest-training.jpg\",\"datePublished\":\"2025-07-06T19:32:32+00:00\",\"dateModified\":\"2026-01-14T10:17:25+00:00\",\"description\":\"Leadership Training f\u00fcr Unternehmen mit Fokus auf Kommunikation, Management, Feedback und kollektive Leistung. Praxisnahe und wirkungsvolle Workshops.\",\"breadcrumb\":{\"@id\":\"https:\\\/\\\/bebest-coaching.com\\\/de\\\/services\\\/bebest-in-training\\\/#breadcrumb\"},\"inLanguage\":\"de\",\"potentialAction\":[{\"@type\":\"ReadAction\",\"target\":[\"https:\\\/\\\/bebest-coaching.com\\\/de\\\/services\\\/bebest-in-training\\\/\"]}]},{\"@type\":\"ImageObject\",\"inLanguage\":\"de\",\"@id\":\"https:\\\/\\\/bebest-coaching.com\\\/de\\\/services\\\/bebest-in-training\\\/#primaryimage\",\"url\":\"https:\\\/\\\/bebest-coaching.com\\\/wp-content\\\/uploads\\\/2025\\\/09\\\/bebest-training.jpg\",\"contentUrl\":\"https:\\\/\\\/bebest-coaching.com\\\/wp-content\\\/uploads\\\/2025\\\/09\\\/bebest-training.jpg\",\"width\":1200,\"height\":1200,\"caption\":\"bebest-training\"},{\"@type\":\"BreadcrumbList\",\"@id\":\"https:\\\/\\\/bebest-coaching.com\\\/de\\\/services\\\/bebest-in-training\\\/#breadcrumb\",\"itemListElement\":[{\"@type\":\"ListItem\",\"position\":1,\"name\":\"Startseite\",\"item\":\"https:\\\/\\\/bebest-coaching.com\\\/de\\\/\"},{\"@type\":\"ListItem\",\"position\":2,\"name\":\"Leistungen\",\"item\":\"https:\\\/\\\/bebest-coaching.com\\\/de\\\/services\\\/\"},{\"@type\":\"ListItem\",\"position\":3,\"name\":\"BeBest in Training\"}]},{\"@type\":\"WebSite\",\"@id\":\"https:\\\/\\\/bebest-coaching.com\\\/de\\\/#website\",\"url\":\"https:\\\/\\\/bebest-coaching.com\\\/de\\\/\",\"name\":\"Bebest Coaching\",\"description\":\"Au del\u00e0 du coaching business, une m\u00e9thode et une transformation.\",\"publisher\":{\"@id\":\"https:\\\/\\\/bebest-coaching.com\\\/de\\\/#organization\"},\"potentialAction\":[{\"@type\":\"SearchAction\",\"target\":{\"@type\":\"EntryPoint\",\"urlTemplate\":\"https:\\\/\\\/bebest-coaching.com\\\/de\\\/?s={search_term_string}\"},\"query-input\":{\"@type\":\"PropertyValueSpecification\",\"valueRequired\":true,\"valueName\":\"search_term_string\"}}],\"inLanguage\":\"de\"},{\"@type\":\"Organization\",\"@id\":\"https:\\\/\\\/bebest-coaching.com\\\/de\\\/#organization\",\"name\":\"Bebest Coaching\",\"url\":\"https:\\\/\\\/bebest-coaching.com\\\/de\\\/\",\"logo\":{\"@type\":\"ImageObject\",\"inLanguage\":\"de\",\"@id\":\"https:\\\/\\\/bebest-coaching.com\\\/de\\\/#\\\/schema\\\/logo\\\/image\\\/\",\"url\":\"https:\\\/\\\/bebest-coaching.com\\\/wp-content\\\/uploads\\\/2025\\\/12\\\/logo-bebest.png\",\"contentUrl\":\"https:\\\/\\\/bebest-coaching.com\\\/wp-content\\\/uploads\\\/2025\\\/12\\\/logo-bebest.png\",\"width\":220,\"height\":218,\"caption\":\"Bebest Coaching\"},\"image\":{\"@id\":\"https:\\\/\\\/bebest-coaching.com\\\/de\\\/#\\\/schema\\\/logo\\\/image\\\/\"},\"sameAs\":[\"https:\\\/\\\/www.linkedin.com\\\/in\\\/audrey-jeanrond\\\/\",\"https:\\\/\\\/www.instagram.com\\\/audreyjeanrond\\\/\"]}]}<\/script>\n<!-- \/ Yoast SEO plugin. -->","yoast_head_json":{"title":"Leadership Training f\u00fcr Unternehmen | Workshops & Trainings \u2013 BeBest","description":"Leadership Training f\u00fcr Unternehmen mit Fokus auf Kommunikation, Management, Feedback und kollektive Leistung. Praxisnahe und wirkungsvolle Workshops.","robots":{"index":"index","follow":"follow","max-snippet":"max-snippet:-1","max-image-preview":"max-image-preview:large","max-video-preview":"max-video-preview:-1"},"canonical":"https:\/\/bebest-coaching.com\/de\/services\/bebest-in-training\/","og_locale":"de_DE","og_type":"article","og_title":"Leadership Training f\u00fcr Unternehmen | Workshops & Trainings \u2013 BeBest","og_description":"Leadership Training f\u00fcr Unternehmen mit Fokus auf Kommunikation, Management, Feedback und kollektive Leistung. Praxisnahe und wirkungsvolle Workshops.","og_url":"https:\/\/bebest-coaching.com\/de\/services\/bebest-in-training\/","og_site_name":"Bebest Coaching","article_modified_time":"2026-01-14T10:17:25+00:00","og_image":[{"width":1200,"height":1200,"url":"https:\/\/bebest-coaching.com\/wp-content\/uploads\/2025\/09\/bebest-training.jpg","type":"image\/jpeg"}],"twitter_card":"summary_large_image","twitter_misc":{"Gesch\u00e4tzte Lesezeit":"3\u00a0Minuten"},"schema":{"@context":"https:\/\/schema.org","@graph":[{"@type":"WebPage","@id":"https:\/\/bebest-coaching.com\/de\/services\/bebest-in-training\/","url":"https:\/\/bebest-coaching.com\/de\/services\/bebest-in-training\/","name":"Leadership Training f\u00fcr Unternehmen | Workshops & Trainings \u2013 BeBest","isPartOf":{"@id":"https:\/\/bebest-coaching.com\/de\/#website"},"primaryImageOfPage":{"@id":"https:\/\/bebest-coaching.com\/de\/services\/bebest-in-training\/#primaryimage"},"image":{"@id":"https:\/\/bebest-coaching.com\/de\/services\/bebest-in-training\/#primaryimage"},"thumbnailUrl":"https:\/\/bebest-coaching.com\/wp-content\/uploads\/2025\/09\/bebest-training.jpg","datePublished":"2025-07-06T19:32:32+00:00","dateModified":"2026-01-14T10:17:25+00:00","description":"Leadership Training f\u00fcr Unternehmen mit Fokus auf Kommunikation, Management, Feedback und kollektive Leistung. Praxisnahe und wirkungsvolle Workshops.","breadcrumb":{"@id":"https:\/\/bebest-coaching.com\/de\/services\/bebest-in-training\/#breadcrumb"},"inLanguage":"de","potentialAction":[{"@type":"ReadAction","target":["https:\/\/bebest-coaching.com\/de\/services\/bebest-in-training\/"]}]},{"@type":"ImageObject","inLanguage":"de","@id":"https:\/\/bebest-coaching.com\/de\/services\/bebest-in-training\/#primaryimage","url":"https:\/\/bebest-coaching.com\/wp-content\/uploads\/2025\/09\/bebest-training.jpg","contentUrl":"https:\/\/bebest-coaching.com\/wp-content\/uploads\/2025\/09\/bebest-training.jpg","width":1200,"height":1200,"caption":"bebest-training"},{"@type":"BreadcrumbList","@id":"https:\/\/bebest-coaching.com\/de\/services\/bebest-in-training\/#breadcrumb","itemListElement":[{"@type":"ListItem","position":1,"name":"Startseite","item":"https:\/\/bebest-coaching.com\/de\/"},{"@type":"ListItem","position":2,"name":"Leistungen","item":"https:\/\/bebest-coaching.com\/de\/services\/"},{"@type":"ListItem","position":3,"name":"BeBest in Training"}]},{"@type":"WebSite","@id":"https:\/\/bebest-coaching.com\/de\/#website","url":"https:\/\/bebest-coaching.com\/de\/","name":"Bebest Coaching","description":"Au del\u00e0 du coaching business, une m\u00e9thode et une transformation.","publisher":{"@id":"https:\/\/bebest-coaching.com\/de\/#organization"},"potentialAction":[{"@type":"SearchAction","target":{"@type":"EntryPoint","urlTemplate":"https:\/\/bebest-coaching.com\/de\/?s={search_term_string}"},"query-input":{"@type":"PropertyValueSpecification","valueRequired":true,"valueName":"search_term_string"}}],"inLanguage":"de"},{"@type":"Organization","@id":"https:\/\/bebest-coaching.com\/de\/#organization","name":"Bebest Coaching","url":"https:\/\/bebest-coaching.com\/de\/","logo":{"@type":"ImageObject","inLanguage":"de","@id":"https:\/\/bebest-coaching.com\/de\/#\/schema\/logo\/image\/","url":"https:\/\/bebest-coaching.com\/wp-content\/uploads\/2025\/12\/logo-bebest.png","contentUrl":"https:\/\/bebest-coaching.com\/wp-content\/uploads\/2025\/12\/logo-bebest.png","width":220,"height":218,"caption":"Bebest Coaching"},"image":{"@id":"https:\/\/bebest-coaching.com\/de\/#\/schema\/logo\/image\/"},"sameAs":["https:\/\/www.linkedin.com\/in\/audrey-jeanrond\/","https:\/\/www.instagram.com\/audreyjeanrond\/"]}]}},"_links":{"self":[{"href":"https:\/\/bebest-coaching.com\/de\/wp-json\/wp\/v2\/pages\/1349","targetHints":{"allow":["GET"]}}],"collection":[{"href":"https:\/\/bebest-coaching.com\/de\/wp-json\/wp\/v2\/pages"}],"about":[{"href":"https:\/\/bebest-coaching.com\/de\/wp-json\/wp\/v2\/types\/page"}],"author":[{"embeddable":true,"href":"https:\/\/bebest-coaching.com\/de\/wp-json\/wp\/v2\/users\/1"}],"replies":[{"embeddable":true,"href":"https:\/\/bebest-coaching.com\/de\/wp-json\/wp\/v2\/comments?post=1349"}],"version-history":[{"count":7,"href":"https:\/\/bebest-coaching.com\/de\/wp-json\/wp\/v2\/pages\/1349\/revisions"}],"predecessor-version":[{"id":1399,"href":"https:\/\/bebest-coaching.com\/de\/wp-json\/wp\/v2\/pages\/1349\/revisions\/1399"}],"up":[{"embeddable":true,"href":"https:\/\/bebest-coaching.com\/de\/wp-json\/wp\/v2\/pages\/1336"}],"wp:featuredmedia":[{"embeddable":true,"href":"https:\/\/bebest-coaching.com\/de\/wp-json\/wp\/v2\/media\/872"}],"wp:attachment":[{"href":"https:\/\/bebest-coaching.com\/de\/wp-json\/wp\/v2\/media?parent=1349"}],"curies":[{"name":"wp","href":"https:\/\/api.w.org\/{rel}","templated":true}]}}