{"id":1358,"date":"2025-07-06T19:19:25","date_gmt":"2025-07-06T19:19:25","guid":{"rendered":"https:\/\/bebest-coaching.com\/services\/bebest-for-executives\/"},"modified":"2026-01-14T10:47:18","modified_gmt":"2026-01-14T10:47:18","slug":"bebest-for-executives","status":"publish","type":"page","link":"https:\/\/bebest-coaching.com\/de\/services\/bebest-for-executives\/","title":{"rendered":"BeBest for Executives"},"content":{"rendered":"\n<section class=\"wp-block-group wrap_top_page wrap_top_page_image mb100\"><div class=\"wp-block-group__inner-container is-layout-constrained wp-block-group-is-layout-constrained\">\n<figure class=\"wp-block-image size-full\"><img loading=\"lazy\" decoding=\"async\" width=\"2500\" height=\"1563\" src=\"https:\/\/bebest-coaching.com\/wp-content\/uploads\/2025\/09\/service-bebest-executive.jpg\" alt=\"service-bebest-executive\" class=\"wp-image-923\" srcset=\"https:\/\/bebest-coaching.com\/wp-content\/uploads\/2025\/09\/service-bebest-executive.jpg 2500w, https:\/\/bebest-coaching.com\/wp-content\/uploads\/2025\/09\/service-bebest-executive-650x406.jpg 650w, https:\/\/bebest-coaching.com\/wp-content\/uploads\/2025\/09\/service-bebest-executive-1400x875.jpg 1400w, https:\/\/bebest-coaching.com\/wp-content\/uploads\/2025\/09\/service-bebest-executive-768x480.jpg 768w, https:\/\/bebest-coaching.com\/wp-content\/uploads\/2025\/09\/service-bebest-executive-1536x960.jpg 1536w, https:\/\/bebest-coaching.com\/wp-content\/uploads\/2025\/09\/service-bebest-executive-2048x1280.jpg 2048w\" sizes=\"auto, (max-width: 2500px) 100vw, 2500px\" \/><\/figure>\n\n\n\n<div class=\"wp-block-group wrap_content\"><div class=\"wp-block-group__inner-container is-layout-constrained wp-block-group-is-layout-constrained\"><div class=\"yoast-breadcrumbs\"><span><span><a href=\"https:\/\/bebest-coaching.com\/de\/\">Startseite<\/a><\/span> \/ <span><a href=\"https:\/\/bebest-coaching.com\/de\/services\/\">Leistungen<\/a><\/span> \/ <span class=\"breadcrumb_last\" aria-current=\"page\">BeBest for Executives<\/span><\/span><\/div>\n\n\n<h1 class=\"wp-block-heading\">BeBest for Executives<\/h1>\n\n\n\n<p>Ma\u00dfgeschneidertes strategisches Coaching f\u00fcr F\u00fchrungskr\u00e4fte, Top-Management und Leader in Transition. Ein vertraulicher, anspruchsvoller und kraftvoller Raum, um Haltung, Entscheidungen und Ambition auszurichten.<\/p>\n\n\n\n<div class=\"arrow-down-top\"><i class=\"fa-solid fa-arrow-down-long\"><\/i><\/div>\n<\/div><\/div>\n<\/div><\/section>\n\n\n\n<div class=\"wp-block-media-text is-stacked-on-mobile wrap_content mb100\" id=\"pour-vous\"><figure class=\"wp-block-media-text__media\"><img loading=\"lazy\" decoding=\"async\" width=\"1400\" height=\"933\" src=\"https:\/\/bebest-coaching.com\/wp-content\/uploads\/2025\/07\/bebest-for-executive-2-1400x933.jpg\" alt=\"bebest-for-executive-2\" class=\"wp-image-729 size-full\" srcset=\"https:\/\/bebest-coaching.com\/wp-content\/uploads\/2025\/07\/bebest-for-executive-2-1400x933.jpg 1400w, https:\/\/bebest-coaching.com\/wp-content\/uploads\/2025\/07\/bebest-for-executive-2-650x433.jpg 650w, https:\/\/bebest-coaching.com\/wp-content\/uploads\/2025\/07\/bebest-for-executive-2-768x512.jpg 768w, https:\/\/bebest-coaching.com\/wp-content\/uploads\/2025\/07\/bebest-for-executive-2-1536x1024.jpg 1536w, https:\/\/bebest-coaching.com\/wp-content\/uploads\/2025\/07\/bebest-for-executive-2.jpg 2000w\" sizes=\"auto, (max-width: 1400px) 100vw, 1400px\" \/><\/figure><div class=\"wp-block-media-text__content\">\n<h2 class=\"wp-block-heading\">Geeignet f\u00fcr Sie, wenn\u2026<\/h2>\n\n\n\n<ul class=\"wp-block-list liste-ok\">\n<li>Sie F\u00fchrungskraft, Top-Executive oder High-Potential sind \u2013 in Transformation, neuer Rolle, M&amp;A, Wachstum oder Repositionierung<\/li>\n\n\n\n<li>Sie strategischen Abstand, ehrliches Sparring und einen Partner ben\u00f6tigen, der sowohl Ihre Business-Sprache als auch Ihre innere Sprache versteht.<\/li>\n<\/ul>\n\n\n\n<div class=\"wp-block-group focus mt40\"><div class=\"wp-block-group__inner-container is-layout-constrained wp-block-group-is-layout-constrained\">\n<p>Unsere Klient:innen sind u. a. ein COO in komplexer Fusion, eine CHRO in kultureller Transformation oder ein VP vor \u00dcbernahme einer General-Management-Rolle.<\/p>\n<\/div><\/div>\n<\/div><\/div>\n\n\n\n<div class=\"wp-block-media-text has-media-on-the-right is-stacked-on-mobile wrap_content mb120\" id=\"pas-pour-vous\"><div class=\"wp-block-media-text__content\">\n<h2 class=\"wp-block-heading\">Nicht geeignet f\u00fcr Sie, wenn\u2026<\/h2>\n\n\n\n<ul class=\"wp-block-list liste-wrong\">\n<li>Sie lediglich wohlwollendes Zuh\u00f6ren ohne Konfrontation erwarten oder fertige L\u00f6sungen ohne pers\u00f6nliche Beteiligung.<\/li>\n\n\n\n<li>Dieses Coaching passt nicht, wenn Sie Ihre Komfortzone nicht verlassen oder Leadership-Automatismen nicht hinterfragen wollen.<\/li>\n<\/ul>\n<\/div><figure class=\"wp-block-media-text__media\"><img loading=\"lazy\" decoding=\"async\" width=\"1400\" height=\"933\" src=\"https:\/\/bebest-coaching.com\/wp-content\/uploads\/2025\/07\/bebest-for-executive-3-1400x933.jpg\" alt=\"bebest-for-executive-3\" class=\"wp-image-732 size-full\" srcset=\"https:\/\/bebest-coaching.com\/wp-content\/uploads\/2025\/07\/bebest-for-executive-3-1400x933.jpg 1400w, https:\/\/bebest-coaching.com\/wp-content\/uploads\/2025\/07\/bebest-for-executive-3-650x433.jpg 650w, https:\/\/bebest-coaching.com\/wp-content\/uploads\/2025\/07\/bebest-for-executive-3-768x512.jpg 768w, https:\/\/bebest-coaching.com\/wp-content\/uploads\/2025\/07\/bebest-for-executive-3-1536x1024.jpg 1536w, https:\/\/bebest-coaching.com\/wp-content\/uploads\/2025\/07\/bebest-for-executive-3.jpg 2000w\" sizes=\"auto, (max-width: 1400px) 100vw, 1400px\" \/><\/figure><\/div>\n\n\n\n<section class=\"wp-block-group pt100 pb100 mt120 has-background\" style=\"background-color:#152948\"><div class=\"wp-block-group__inner-container is-layout-constrained wp-block-group-is-layout-constrained\">\n<div class=\"wp-block-group wrap_content\"><div class=\"wp-block-group__inner-container is-layout-constrained wp-block-group-is-layout-constrained\">\n<h2 class=\"wp-block-heading has-white-color has-text-color has-link-color wp-elements-4415e1937d6505dda3c39a086b9672f4\">Die Praxis<\/h2>\n\n\n\n<div class=\"wp-block-group wrap_accordion mt40 has-white-color has-text-color has-link-color wp-elements-9ab7b6112bf747ef447c100e83229d58\"><div class=\"wp-block-group__inner-container is-layout-constrained wp-block-group-is-layout-constrained\">\n<div class=\"wp-block-group accordion active\"><div class=\"wp-block-group__inner-container is-layout-constrained wp-block-group-is-layout-constrained\">\n<h3 class=\"wp-block-heading\" id=\"lumiere-naturelle\"><strong>Die BeBest-Methode f\u00fcr Executives<\/strong><\/h3>\n\n\n\n<div class=\"wp-block-group contenu_accordion\"><div class=\"wp-block-group__inner-container is-layout-constrained wp-block-group-is-layout-constrained\">\n<p>Unser Ansatz ist einzigartig, weil er authentisch verk\u00f6rpert ist.<\/p>\n\n\n\n<p><strong>Wir kombinieren:<\/strong><\/p>\n\n\n\n<ul class=\"wp-block-list\">\n<li>Tiefenwirksames Coaching (PCC ICF), anspruchsvoll und transformativ<\/li>\n\n\n\n<li>Feld- und Praxiserfahrung: Aus dem Corporate kommend war ich Managerin, F\u00fchrungskraft und Unternehmerin \u2013 ich kenne Ihren Alltag und spreche Ihre Sprache.<\/li>\n\n\n\n<li>Moderne Tools mit strategischer Strenge: KI, Business-Apps, Neurowissenschaften.<\/li>\n\n\n\n<li>Strategische Perspektive: Jede Session ist darauf ausgerichtet, Leadership zu erm\u00f6glichen, das Dinge bewegt.<\/li>\n<\/ul>\n<\/div><\/div>\n<\/div><\/div>\n\n\n\n<div class=\"wp-block-group accordion\"><div class=\"wp-block-group__inner-container is-layout-constrained wp-block-group-is-layout-constrained\">\n<h3 class=\"wp-block-heading\" id=\"details-soignes\"><strong>Die BeBest-Plattform zur Unterst\u00fctzung der Umsetzung<\/strong><\/h3>\n\n\n\n<div class=\"wp-block-group contenu_accordion\"><div class=\"wp-block-group__inner-container is-layout-constrained wp-block-group-is-layout-constrained\">\n<p>J ede Begleitung wird durch die BeBest-Plattform unterst\u00fctzt \u2013 ein vertraulicher digitaler Raum f\u00fcr Ziele, Reflexion und Fortschritt.<\/p>\n\n\n\n<p>Sie behalten Aktionspl\u00e4ne, Ressourcen und individuelle Insights jederzeit im Blick.F<\/p>\n\n\n\n<p>F\u00fcr Sponsoren (HR, Vorgesetzte, Mentoren) bietet die Plattform eine strukturierte, vertrauliche und kontrollierte Sicht auf Fortschritte.<\/p>\n\n\n\n<figure class=\"wp-block-gallery has-nested-images columns-default mt20 wp-block-gallery-1 is-layout-flex wp-block-gallery-is-layout-flex\">\n<figure class=\"wp-block-image size-large\"><a href=\"https:\/\/bebest-coaching.com\/wp-content\/uploads\/2025\/09\/plateforme-print-screen-1.png\"><img loading=\"lazy\" decoding=\"async\" width=\"1324\" height=\"494\" data-id=\"934\" src=\"https:\/\/bebest-coaching.com\/wp-content\/uploads\/2025\/09\/plateforme-print-screen-1.png\" alt=\"plateforme-print-screen-1\" class=\"wp-image-934\" srcset=\"https:\/\/bebest-coaching.com\/wp-content\/uploads\/2025\/09\/plateforme-print-screen-1.png 1324w, https:\/\/bebest-coaching.com\/wp-content\/uploads\/2025\/09\/plateforme-print-screen-1-650x243.png 650w, https:\/\/bebest-coaching.com\/wp-content\/uploads\/2025\/09\/plateforme-print-screen-1-768x287.png 768w\" sizes=\"auto, (max-width: 1324px) 100vw, 1324px\" \/><\/a><\/figure>\n\n\n\n<figure class=\"wp-block-image size-large\"><a href=\"https:\/\/bebest-coaching.com\/wp-content\/uploads\/2025\/09\/plateforme-print-screen-2.png\"><img loading=\"lazy\" decoding=\"async\" width=\"1400\" height=\"949\" data-id=\"937\" src=\"https:\/\/bebest-coaching.com\/wp-content\/uploads\/2025\/09\/plateforme-print-screen-2-1400x949.png\" alt=\"plateforme-print-screen-2\" class=\"wp-image-937\" srcset=\"https:\/\/bebest-coaching.com\/wp-content\/uploads\/2025\/09\/plateforme-print-screen-2-1400x949.png 1400w, https:\/\/bebest-coaching.com\/wp-content\/uploads\/2025\/09\/plateforme-print-screen-2-650x440.png 650w, https:\/\/bebest-coaching.com\/wp-content\/uploads\/2025\/09\/plateforme-print-screen-2-768x520.png 768w, https:\/\/bebest-coaching.com\/wp-content\/uploads\/2025\/09\/plateforme-print-screen-2-1536x1041.png 1536w, https:\/\/bebest-coaching.com\/wp-content\/uploads\/2025\/09\/plateforme-print-screen-2-2048x1388.png 2048w\" sizes=\"auto, (max-width: 1400px) 100vw, 1400px\" \/><\/a><\/figure>\n\n\n\n<figure class=\"wp-block-image size-large\"><a href=\"https:\/\/bebest-coaching.com\/wp-content\/uploads\/2025\/09\/plateforme-print-screen-3.png\"><img loading=\"lazy\" decoding=\"async\" width=\"1400\" height=\"1021\" data-id=\"940\" src=\"https:\/\/bebest-coaching.com\/wp-content\/uploads\/2025\/09\/plateforme-print-screen-3-1400x1021.png\" alt=\"plateforme-print-screen-3\" class=\"wp-image-940\" srcset=\"https:\/\/bebest-coaching.com\/wp-content\/uploads\/2025\/09\/plateforme-print-screen-3-1400x1021.png 1400w, https:\/\/bebest-coaching.com\/wp-content\/uploads\/2025\/09\/plateforme-print-screen-3-650x474.png 650w, https:\/\/bebest-coaching.com\/wp-content\/uploads\/2025\/09\/plateforme-print-screen-3-768x560.png 768w, https:\/\/bebest-coaching.com\/wp-content\/uploads\/2025\/09\/plateforme-print-screen-3-1536x1120.png 1536w, https:\/\/bebest-coaching.com\/wp-content\/uploads\/2025\/09\/plateforme-print-screen-3.png 1957w\" sizes=\"auto, (max-width: 1400px) 100vw, 1400px\" \/><\/a><\/figure>\n<\/figure>\n<\/div><\/div>\n<\/div><\/div>\n\n\n\n<div class=\"wp-block-group accordion\"><div class=\"wp-block-group__inner-container is-layout-constrained wp-block-group-is-layout-constrained\">\n<h3 class=\"wp-block-heading\" id=\"lumiere-naturelle\"><strong>F\u00fcr mehr Tiefgang<\/strong><\/h3>\n\n\n\n<div class=\"wp-block-group contenu_accordion\"><div class=\"wp-block-group__inner-container is-layout-constrained wp-block-group-is-layout-constrained\">\n<p>F\u00fcr tiefere Arbeit k\u00f6nnen Deep Coaching und Hypnotherapie integriert werden \u2013 zur Transformation limitierender Glaubenss\u00e4tze und zur Entfaltung Ihres Potenzials.<\/p>\n\n\n\n<div class=\"wp-block-buttons is-layout-flex wp-block-buttons-is-layout-flex\">\n<div class=\"wp-block-button\"><a class=\"wp-block-button__link wp-element-button\" href=\"https:\/\/bebest-coaching.com\/de\/hypnotherapie\/\">Hypnotherapie entdecken<\/a><\/div>\n<\/div>\n<\/div><\/div>\n<\/div><\/div>\n<\/div><\/div>\n<\/div><\/div>\n<\/div><\/section>\n\n\n\n<div class=\"wp-block-group wrap_cta_bottom\"><div class=\"wp-block-group__inner-container is-layout-constrained wp-block-group-is-layout-constrained\">\n<div class=\"wp-block-group wrap_content\"><div class=\"wp-block-group__inner-container is-layout-constrained wp-block-group-is-layout-constrained\">\n<a href=\"https:\/\/bebest-coaching.com\/de\/contact-us\/\">\n\n\n\n<figure class=\"wp-block-image size-full\"><img loading=\"lazy\" decoding=\"async\" width=\"2000\" height=\"901\" src=\"https:\/\/bebest-coaching.com\/wp-content\/uploads\/2025\/09\/creer-votre-leadership.jpg\" alt=\"creer-votre-leadership\" class=\"wp-image-927\" srcset=\"https:\/\/bebest-coaching.com\/wp-content\/uploads\/2025\/09\/creer-votre-leadership.jpg 2000w, https:\/\/bebest-coaching.com\/wp-content\/uploads\/2025\/09\/creer-votre-leadership-650x293.jpg 650w, https:\/\/bebest-coaching.com\/wp-content\/uploads\/2025\/09\/creer-votre-leadership-1400x631.jpg 1400w, https:\/\/bebest-coaching.com\/wp-content\/uploads\/2025\/09\/creer-votre-leadership-768x346.jpg 768w, https:\/\/bebest-coaching.com\/wp-content\/uploads\/2025\/09\/creer-votre-leadership-1536x692.jpg 1536w\" sizes=\"auto, (max-width: 2000px) 100vw, 2000px\" \/><\/figure>\n\n\n\n<div class=\"content_cta\">\n<span class=\"reserver\">Bereit, Ihr eigenes Leadership zu gestalten?<\/span>\n<span>Kontaktieren Sie uns<\/span>\n<\/div>\n\n\n\n<\/a>\n<\/div><\/div>\n<\/div><\/div>\n","protected":false},"excerpt":{"rendered":"<p>Ma\u00dfgeschneidertes strategisches Executive Coaching.<\/p>\n","protected":false},"author":1,"featured_media":862,"parent":1336,"menu_order":44,"comment_status":"closed","ping_status":"closed","template":"","meta":{"_acf_changed":false,"footnotes":""},"class_list":["post-1358","page","type-page","status-publish","has-post-thumbnail","hentry"],"acf":[],"yoast_head":"<!-- This site is optimized with the Yoast SEO plugin v27.4 - https:\/\/yoast.com\/product\/yoast-seo-wordpress\/ -->\n<title>Vertrauliches Executive Coaching f\u00fcr F\u00fchrungskr\u00e4fte | BeBest<\/title>\n<meta name=\"description\" content=\"Strategisches und vertrauliches Executive Coaching f\u00fcr F\u00fchrungskr\u00e4fte und Top-Manager. Klarheit, wichtige Entscheidungen, F\u00fchrungshaltung und ausgerichtete Ambition.\" \/>\n<meta name=\"robots\" content=\"index, follow, max-snippet:-1, max-image-preview:large, max-video-preview:-1\" \/>\n<link rel=\"canonical\" href=\"https:\/\/bebest-coaching.com\/de\/services\/bebest-for-executives\/\" \/>\n<meta property=\"og:locale\" content=\"de_DE\" \/>\n<meta property=\"og:type\" content=\"article\" \/>\n<meta property=\"og:title\" content=\"Vertrauliches Executive Coaching f\u00fcr F\u00fchrungskr\u00e4fte | BeBest\" \/>\n<meta property=\"og:description\" content=\"Strategisches und vertrauliches Executive Coaching f\u00fcr F\u00fchrungskr\u00e4fte und Top-Manager. Klarheit, wichtige Entscheidungen, F\u00fchrungshaltung und ausgerichtete Ambition.\" \/>\n<meta property=\"og:url\" content=\"https:\/\/bebest-coaching.com\/de\/services\/bebest-for-executives\/\" \/>\n<meta property=\"og:site_name\" content=\"Bebest Coaching\" \/>\n<meta property=\"article:modified_time\" content=\"2026-01-14T10:47:18+00:00\" \/>\n<meta property=\"og:image\" content=\"https:\/\/bebest-coaching.com\/wp-content\/uploads\/2025\/09\/bebest-coach-executive.jpg\" \/>\n\t<meta property=\"og:image:width\" content=\"1200\" \/>\n\t<meta property=\"og:image:height\" content=\"750\" \/>\n\t<meta property=\"og:image:type\" content=\"image\/jpeg\" \/>\n<meta name=\"twitter:card\" content=\"summary_large_image\" \/>\n<meta name=\"twitter:label1\" content=\"Gesch\u00e4tzte Lesezeit\" \/>\n\t<meta name=\"twitter:data1\" content=\"4\u00a0Minuten\" \/>\n<script type=\"application\/ld+json\" class=\"yoast-schema-graph\">{\"@context\":\"https:\\\/\\\/schema.org\",\"@graph\":[{\"@type\":\"WebPage\",\"@id\":\"https:\\\/\\\/bebest-coaching.com\\\/de\\\/services\\\/bebest-for-executives\\\/\",\"url\":\"https:\\\/\\\/bebest-coaching.com\\\/de\\\/services\\\/bebest-for-executives\\\/\",\"name\":\"Vertrauliches Executive Coaching f\u00fcr F\u00fchrungskr\u00e4fte | BeBest\",\"isPartOf\":{\"@id\":\"https:\\\/\\\/bebest-coaching.com\\\/de\\\/#website\"},\"primaryImageOfPage\":{\"@id\":\"https:\\\/\\\/bebest-coaching.com\\\/de\\\/services\\\/bebest-for-executives\\\/#primaryimage\"},\"image\":{\"@id\":\"https:\\\/\\\/bebest-coaching.com\\\/de\\\/services\\\/bebest-for-executives\\\/#primaryimage\"},\"thumbnailUrl\":\"https:\\\/\\\/bebest-coaching.com\\\/wp-content\\\/uploads\\\/2025\\\/09\\\/bebest-coach-executive.jpg\",\"datePublished\":\"2025-07-06T19:19:25+00:00\",\"dateModified\":\"2026-01-14T10:47:18+00:00\",\"description\":\"Strategisches und vertrauliches Executive Coaching f\u00fcr F\u00fchrungskr\u00e4fte und Top-Manager. Klarheit, wichtige Entscheidungen, F\u00fchrungshaltung und ausgerichtete Ambition.\",\"breadcrumb\":{\"@id\":\"https:\\\/\\\/bebest-coaching.com\\\/de\\\/services\\\/bebest-for-executives\\\/#breadcrumb\"},\"inLanguage\":\"de\",\"potentialAction\":[{\"@type\":\"ReadAction\",\"target\":[\"https:\\\/\\\/bebest-coaching.com\\\/de\\\/services\\\/bebest-for-executives\\\/\"]}]},{\"@type\":\"ImageObject\",\"inLanguage\":\"de\",\"@id\":\"https:\\\/\\\/bebest-coaching.com\\\/de\\\/services\\\/bebest-for-executives\\\/#primaryimage\",\"url\":\"https:\\\/\\\/bebest-coaching.com\\\/wp-content\\\/uploads\\\/2025\\\/09\\\/bebest-coach-executive.jpg\",\"contentUrl\":\"https:\\\/\\\/bebest-coaching.com\\\/wp-content\\\/uploads\\\/2025\\\/09\\\/bebest-coach-executive.jpg\",\"width\":1200,\"height\":750,\"caption\":\"bebest-coach-executive\"},{\"@type\":\"BreadcrumbList\",\"@id\":\"https:\\\/\\\/bebest-coaching.com\\\/de\\\/services\\\/bebest-for-executives\\\/#breadcrumb\",\"itemListElement\":[{\"@type\":\"ListItem\",\"position\":1,\"name\":\"Startseite\",\"item\":\"https:\\\/\\\/bebest-coaching.com\\\/de\\\/\"},{\"@type\":\"ListItem\",\"position\":2,\"name\":\"Leistungen\",\"item\":\"https:\\\/\\\/bebest-coaching.com\\\/de\\\/services\\\/\"},{\"@type\":\"ListItem\",\"position\":3,\"name\":\"BeBest for Executives\"}]},{\"@type\":\"WebSite\",\"@id\":\"https:\\\/\\\/bebest-coaching.com\\\/de\\\/#website\",\"url\":\"https:\\\/\\\/bebest-coaching.com\\\/de\\\/\",\"name\":\"Bebest Coaching\",\"description\":\"Au del\u00e0 du coaching business, une m\u00e9thode et une transformation.\",\"publisher\":{\"@id\":\"https:\\\/\\\/bebest-coaching.com\\\/de\\\/#organization\"},\"potentialAction\":[{\"@type\":\"SearchAction\",\"target\":{\"@type\":\"EntryPoint\",\"urlTemplate\":\"https:\\\/\\\/bebest-coaching.com\\\/de\\\/?s={search_term_string}\"},\"query-input\":{\"@type\":\"PropertyValueSpecification\",\"valueRequired\":true,\"valueName\":\"search_term_string\"}}],\"inLanguage\":\"de\"},{\"@type\":\"Organization\",\"@id\":\"https:\\\/\\\/bebest-coaching.com\\\/de\\\/#organization\",\"name\":\"Bebest Coaching\",\"url\":\"https:\\\/\\\/bebest-coaching.com\\\/de\\\/\",\"logo\":{\"@type\":\"ImageObject\",\"inLanguage\":\"de\",\"@id\":\"https:\\\/\\\/bebest-coaching.com\\\/de\\\/#\\\/schema\\\/logo\\\/image\\\/\",\"url\":\"https:\\\/\\\/bebest-coaching.com\\\/wp-content\\\/uploads\\\/2025\\\/12\\\/logo-bebest.png\",\"contentUrl\":\"https:\\\/\\\/bebest-coaching.com\\\/wp-content\\\/uploads\\\/2025\\\/12\\\/logo-bebest.png\",\"width\":220,\"height\":218,\"caption\":\"Bebest Coaching\"},\"image\":{\"@id\":\"https:\\\/\\\/bebest-coaching.com\\\/de\\\/#\\\/schema\\\/logo\\\/image\\\/\"},\"sameAs\":[\"https:\\\/\\\/www.linkedin.com\\\/in\\\/audrey-jeanrond\\\/\",\"https:\\\/\\\/www.instagram.com\\\/audreyjeanrond\\\/\"]}]}<\/script>\n<!-- \/ Yoast SEO plugin. -->","yoast_head_json":{"title":"Vertrauliches Executive Coaching f\u00fcr F\u00fchrungskr\u00e4fte | BeBest","description":"Strategisches und vertrauliches Executive Coaching f\u00fcr F\u00fchrungskr\u00e4fte und Top-Manager. Klarheit, wichtige Entscheidungen, F\u00fchrungshaltung und ausgerichtete Ambition.","robots":{"index":"index","follow":"follow","max-snippet":"max-snippet:-1","max-image-preview":"max-image-preview:large","max-video-preview":"max-video-preview:-1"},"canonical":"https:\/\/bebest-coaching.com\/de\/services\/bebest-for-executives\/","og_locale":"de_DE","og_type":"article","og_title":"Vertrauliches Executive Coaching f\u00fcr F\u00fchrungskr\u00e4fte | BeBest","og_description":"Strategisches und vertrauliches Executive Coaching f\u00fcr F\u00fchrungskr\u00e4fte und Top-Manager. Klarheit, wichtige Entscheidungen, F\u00fchrungshaltung und ausgerichtete Ambition.","og_url":"https:\/\/bebest-coaching.com\/de\/services\/bebest-for-executives\/","og_site_name":"Bebest Coaching","article_modified_time":"2026-01-14T10:47:18+00:00","og_image":[{"width":1200,"height":750,"url":"https:\/\/bebest-coaching.com\/wp-content\/uploads\/2025\/09\/bebest-coach-executive.jpg","type":"image\/jpeg"}],"twitter_card":"summary_large_image","twitter_misc":{"Gesch\u00e4tzte Lesezeit":"4\u00a0Minuten"},"schema":{"@context":"https:\/\/schema.org","@graph":[{"@type":"WebPage","@id":"https:\/\/bebest-coaching.com\/de\/services\/bebest-for-executives\/","url":"https:\/\/bebest-coaching.com\/de\/services\/bebest-for-executives\/","name":"Vertrauliches Executive Coaching f\u00fcr F\u00fchrungskr\u00e4fte | BeBest","isPartOf":{"@id":"https:\/\/bebest-coaching.com\/de\/#website"},"primaryImageOfPage":{"@id":"https:\/\/bebest-coaching.com\/de\/services\/bebest-for-executives\/#primaryimage"},"image":{"@id":"https:\/\/bebest-coaching.com\/de\/services\/bebest-for-executives\/#primaryimage"},"thumbnailUrl":"https:\/\/bebest-coaching.com\/wp-content\/uploads\/2025\/09\/bebest-coach-executive.jpg","datePublished":"2025-07-06T19:19:25+00:00","dateModified":"2026-01-14T10:47:18+00:00","description":"Strategisches und vertrauliches Executive Coaching f\u00fcr F\u00fchrungskr\u00e4fte und Top-Manager. Klarheit, wichtige Entscheidungen, F\u00fchrungshaltung und ausgerichtete Ambition.","breadcrumb":{"@id":"https:\/\/bebest-coaching.com\/de\/services\/bebest-for-executives\/#breadcrumb"},"inLanguage":"de","potentialAction":[{"@type":"ReadAction","target":["https:\/\/bebest-coaching.com\/de\/services\/bebest-for-executives\/"]}]},{"@type":"ImageObject","inLanguage":"de","@id":"https:\/\/bebest-coaching.com\/de\/services\/bebest-for-executives\/#primaryimage","url":"https:\/\/bebest-coaching.com\/wp-content\/uploads\/2025\/09\/bebest-coach-executive.jpg","contentUrl":"https:\/\/bebest-coaching.com\/wp-content\/uploads\/2025\/09\/bebest-coach-executive.jpg","width":1200,"height":750,"caption":"bebest-coach-executive"},{"@type":"BreadcrumbList","@id":"https:\/\/bebest-coaching.com\/de\/services\/bebest-for-executives\/#breadcrumb","itemListElement":[{"@type":"ListItem","position":1,"name":"Startseite","item":"https:\/\/bebest-coaching.com\/de\/"},{"@type":"ListItem","position":2,"name":"Leistungen","item":"https:\/\/bebest-coaching.com\/de\/services\/"},{"@type":"ListItem","position":3,"name":"BeBest for Executives"}]},{"@type":"WebSite","@id":"https:\/\/bebest-coaching.com\/de\/#website","url":"https:\/\/bebest-coaching.com\/de\/","name":"Bebest Coaching","description":"Au del\u00e0 du coaching business, une m\u00e9thode et une transformation.","publisher":{"@id":"https:\/\/bebest-coaching.com\/de\/#organization"},"potentialAction":[{"@type":"SearchAction","target":{"@type":"EntryPoint","urlTemplate":"https:\/\/bebest-coaching.com\/de\/?s={search_term_string}"},"query-input":{"@type":"PropertyValueSpecification","valueRequired":true,"valueName":"search_term_string"}}],"inLanguage":"de"},{"@type":"Organization","@id":"https:\/\/bebest-coaching.com\/de\/#organization","name":"Bebest Coaching","url":"https:\/\/bebest-coaching.com\/de\/","logo":{"@type":"ImageObject","inLanguage":"de","@id":"https:\/\/bebest-coaching.com\/de\/#\/schema\/logo\/image\/","url":"https:\/\/bebest-coaching.com\/wp-content\/uploads\/2025\/12\/logo-bebest.png","contentUrl":"https:\/\/bebest-coaching.com\/wp-content\/uploads\/2025\/12\/logo-bebest.png","width":220,"height":218,"caption":"Bebest Coaching"},"image":{"@id":"https:\/\/bebest-coaching.com\/de\/#\/schema\/logo\/image\/"},"sameAs":["https:\/\/www.linkedin.com\/in\/audrey-jeanrond\/","https:\/\/www.instagram.com\/audreyjeanrond\/"]}]}},"_links":{"self":[{"href":"https:\/\/bebest-coaching.com\/de\/wp-json\/wp\/v2\/pages\/1358","targetHints":{"allow":["GET"]}}],"collection":[{"href":"https:\/\/bebest-coaching.com\/de\/wp-json\/wp\/v2\/pages"}],"about":[{"href":"https:\/\/bebest-coaching.com\/de\/wp-json\/wp\/v2\/types\/page"}],"author":[{"embeddable":true,"href":"https:\/\/bebest-coaching.com\/de\/wp-json\/wp\/v2\/users\/1"}],"replies":[{"embeddable":true,"href":"https:\/\/bebest-coaching.com\/de\/wp-json\/wp\/v2\/comments?post=1358"}],"version-history":[{"count":8,"href":"https:\/\/bebest-coaching.com\/de\/wp-json\/wp\/v2\/pages\/1358\/revisions"}],"predecessor-version":[{"id":1406,"href":"https:\/\/bebest-coaching.com\/de\/wp-json\/wp\/v2\/pages\/1358\/revisions\/1406"}],"up":[{"embeddable":true,"href":"https:\/\/bebest-coaching.com\/de\/wp-json\/wp\/v2\/pages\/1336"}],"wp:featuredmedia":[{"embeddable":true,"href":"https:\/\/bebest-coaching.com\/de\/wp-json\/wp\/v2\/media\/862"}],"wp:attachment":[{"href":"https:\/\/bebest-coaching.com\/de\/wp-json\/wp\/v2\/media?parent=1358"}],"curies":[{"name":"wp","href":"https:\/\/api.w.org\/{rel}","templated":true}]}}