{"id":1365,"date":"2025-07-06T19:31:07","date_gmt":"2025-07-06T19:31:07","guid":{"rendered":"https:\/\/bebest-coaching.com\/services\/bebest-for-teams\/"},"modified":"2026-04-17T09:38:22","modified_gmt":"2026-04-17T09:38:22","slug":"bebest-for-teams","status":"publish","type":"page","link":"https:\/\/bebest-coaching.com\/de\/services\/bebest-for-teams\/","title":{"rendered":"BeBest for Teams"},"content":{"rendered":"\n<section class=\"wp-block-group wrap_top_page wrap_top_page_image mb100\"><div class=\"wp-block-group__inner-container is-layout-constrained wp-block-group-is-layout-constrained\">\n<figure class=\"wp-block-image size-full\"><img loading=\"lazy\" decoding=\"async\" width=\"2500\" height=\"1406\" src=\"https:\/\/bebest-coaching.com\/wp-content\/uploads\/2025\/09\/bebest-teams-coaching.jpg\" alt=\"bebest-teams-coaching\" class=\"wp-image-1008\" srcset=\"https:\/\/bebest-coaching.com\/wp-content\/uploads\/2025\/09\/bebest-teams-coaching.jpg 2500w, https:\/\/bebest-coaching.com\/wp-content\/uploads\/2025\/09\/bebest-teams-coaching-650x366.jpg 650w, https:\/\/bebest-coaching.com\/wp-content\/uploads\/2025\/09\/bebest-teams-coaching-1400x787.jpg 1400w, https:\/\/bebest-coaching.com\/wp-content\/uploads\/2025\/09\/bebest-teams-coaching-768x432.jpg 768w, https:\/\/bebest-coaching.com\/wp-content\/uploads\/2025\/09\/bebest-teams-coaching-1536x864.jpg 1536w, https:\/\/bebest-coaching.com\/wp-content\/uploads\/2025\/09\/bebest-teams-coaching-2048x1152.jpg 2048w\" sizes=\"auto, (max-width: 2500px) 100vw, 2500px\" \/><\/figure>\n\n\n\n<div class=\"wp-block-group wrap_content\"><div class=\"wp-block-group__inner-container is-layout-constrained wp-block-group-is-layout-constrained\"><div class=\"yoast-breadcrumbs\"><span><span><a href=\"https:\/\/bebest-coaching.com\/de\/\">Startseite<\/a><\/span> \/ <span><a href=\"https:\/\/bebest-coaching.com\/de\/services\/\">Leistungen<\/a><\/span> \/ <span class=\"breadcrumb_last\" aria-current=\"page\">BeBest for Teams<\/span><\/span><\/div>\n\n\n<h1 class=\"wp-block-heading\">Teamcoaching im Unternehmen zur St\u00e4rkung von Ausrichtung, Zusammenarbeit und Leistung<\/h1>\n\n\n\n<div class=\"arrow-down-top\"><i class=\"fa-solid fa-arrow-down-long\"><\/i><\/div>\n<\/div><\/div>\n<\/div><\/section>\n\n\n\n<div class=\"wp-block-group intro_single wrap_content\"><div class=\"wp-block-group__inner-container is-layout-constrained wp-block-group-is-layout-constrained\">\n<p>Ein kompetentes Team wird nicht automatisch zu einem ausgerichteten, reibungslos funktionierenden und leistungsstarken Team.<\/p>\n\n\n\n<p>Wenn Kommunikation unklar wird, Entscheidungen sich verlangsamen oder jeder in seinem eigenen Bereich arbeitet, sind die Auswirkungen sofort sp\u00fcrbar: auf die Teamdynamik, die Qualit\u00e4t der Zusammenarbeit und die Gesamtleistung.<\/p>\n\n\n\n<p>Bei BeBest begleiten <a href=\"https:\/\/bebest-coaching.com\/de\/fuehrungsteam-ausrichtung\/\" type=\"post\" id=\"1624\">wir Teams und F\u00fchrungsteams<\/a>, die besser zusammenarbeiten m\u00f6chten, ihre kollektive F\u00fchrung st\u00e4rken und wieder Klarheit, Ausrichtung und eine nachhaltige Dynamik entwickeln wollen.<\/p>\n<\/div><\/div>\n\n\n\n<div class=\"wp-block-group mb100 wrap_content\"><div class=\"wp-block-group__inner-container is-layout-constrained wp-block-group-is-layout-constrained\">\n<h2 class=\"wp-block-heading\">Warum Teamcoaching im Unternehmen sinnvoll ist<\/h2>\n\n\n\n<p>In vielen Organisationen entstehen Herausforderungen nicht durch fehlende individuelle Kompetenzen, sondern durch <a href=\"https:\/\/bebest-coaching.com\/de\/fuehrungsteam-ausrichtung\/\" type=\"post\" id=\"1624\">mangelnde kollektive Ausrichtung<\/a>.<\/p>\n\n\n\n<p>Unausgesprochene Spannungen, unklare Verantwortlichkeiten, Missverst\u00e4ndnisse zwischen Funktionen oder Entscheidungen, die nicht umgesetzt werden, k\u00f6nnen die gesamte Teamdynamik schrittweise schw\u00e4chen.<\/p>\n\n\n\n<p><strong>Teamcoaching wird besonders relevant, wenn ein Team sich in folgenden Situationen befindet:<\/strong><\/p>\n\n\n\n<ul class=\"wp-block-list mt20\">\n<li>Wachstums- oder Transformationsphase,<\/li>\n\n\n\n<li>Reorganisation,<\/li>\n\n\n\n<li>zwischenmenschliche Spannungen,<\/li>\n\n\n\n<li>fehlende Koh\u00e4sion,<\/li>\n\n\n\n<li>oder Schwierigkeiten, gemeinsam zu entscheiden und voranzukommen.<\/li>\n<\/ul>\n<\/div><\/div>\n\n\n\n<blockquote class=\"wp-block-quote big_quote wrap_small_content mb120 is-layout-flow wp-block-quote-is-layout-flow\">\n<p>Teamcoaching bringt Bewegung dorthin, wo Austausch blockiert ist, schafft Klarheit, wo Rollen unklar sind, und erm\u00f6glicht eine ges\u00fcndere, reifere und effektivere Zusammenarbeit.<\/p>\n<\/blockquote>\n\n\n\n<div class=\"wp-block-media-text is-stacked-on-mobile wrap_content mb100\" id=\"pour-vous\"><figure class=\"wp-block-media-text__media\"><img loading=\"lazy\" decoding=\"async\" width=\"1400\" height=\"933\" src=\"https:\/\/bebest-coaching.com\/wp-content\/uploads\/2025\/07\/services-bebest-teams-2-1400x933.jpg\" alt=\"services-bebest-teams-2\" class=\"wp-image-750 size-full\" srcset=\"https:\/\/bebest-coaching.com\/wp-content\/uploads\/2025\/07\/services-bebest-teams-2-1400x933.jpg 1400w, https:\/\/bebest-coaching.com\/wp-content\/uploads\/2025\/07\/services-bebest-teams-2-650x433.jpg 650w, https:\/\/bebest-coaching.com\/wp-content\/uploads\/2025\/07\/services-bebest-teams-2-768x512.jpg 768w, https:\/\/bebest-coaching.com\/wp-content\/uploads\/2025\/07\/services-bebest-teams-2-1536x1024.jpg 1536w, https:\/\/bebest-coaching.com\/wp-content\/uploads\/2025\/07\/services-bebest-teams-2.jpg 2000w\" sizes=\"auto, (max-width: 1400px) 100vw, 1400px\" \/><\/figure><div class=\"wp-block-media-text__content\">\n<h2 class=\"wp-block-heading\">Das ist f\u00fcr Sie, wenn\u2026<\/h2>\n\n\n\n<ul class=\"wp-block-list liste-ok\">\n<li>Sie ein Team oder Kollektiv f\u00fchren, das mit Herausforderungen in den Bereichen Zusammenarbeit, Ausrichtung oder Leistung konfrontiert ist (neue Organisation, Motivationsverlust, unterschwellige Konflikte, Silos\u2026).<\/li>\n\n\n\n<li>Sie bereit sind, Ihr Team in einen strukturierten, anspruchsvollen, aber zutiefst menschlichen Prozess einzubinden.<\/li>\n\n\n\n<li>Sie ein Team in einer Transformationsphase f\u00fchren (Ver\u00e4nderung, neue Organisation, hybrides Modell\u2026).<\/li>\n\n\n\n<li>Sie eine starke kollektive F\u00fchrung entwickeln m\u00f6chten \u2014 nicht isolierte Einzelakteure.<\/li>\n\n\n\n<li>Sie eine nachhaltige Kultur von Vertrauen und Verantwortung etablieren wollen \u2014 nicht nur oberfl\u00e4chliche Ver\u00e4nderungen.<\/li>\n<\/ul>\n\n\n\n<div class=\"wp-block-group focus mt40\"><div class=\"wp-block-group__inner-container is-layout-constrained wp-block-group-is-layout-constrained\">\n<p>Unsere Kunden sind typischerweise: ein Managementteam in Silostrukturen, eine Gesch\u00e4ftsleitung ohne gemeinsame Vision oder ein Bereich in umfassender Reorganisation.<\/p>\n<\/div><\/div>\n<\/div><\/div>\n\n\n\n<div class=\"wp-block-media-text has-media-on-the-right is-stacked-on-mobile wrap_content\" id=\"pas-pour-vous\"><div class=\"wp-block-media-text__content\">\n<h2 class=\"wp-block-heading\">Das ist nicht f\u00fcr Sie, wenn\u2026<\/h2>\n\n\n\n<ul class=\"wp-block-list liste-wrong\">\n<li>Sie sichtbare Zeichen von Zusammenhalt ohne strukturelle Ver\u00e4nderungen suchen.<\/li>\n\n\n\n<li>Sie nicht bereit sind, an den tieferliegenden Dynamiken des Teams zu arbeiten und den Status quo beibehalten m\u00f6chten.<\/li>\n\n\n\n<li>Sie eine klassische Top-down-Schulung oder eine schnelle \u201eTeambuilding\u201c-L\u00f6sung erwarten.<\/li>\n<\/ul>\n\n\n\n<div class=\"wp-block-group focus mt20\"><div class=\"wp-block-group__inner-container is-layout-constrained wp-block-group-is-layout-constrained\">\n<p>Systemische Arbeit erfordert Zeit, kollektives Engagement und den echten Willen, grundlegende Dynamiken zu ver\u00e4ndern \u2014 nicht nur die Oberfl\u00e4che.<\/p>\n<\/div><\/div>\n<\/div><figure class=\"wp-block-media-text__media\"><img loading=\"lazy\" decoding=\"async\" width=\"1400\" height=\"933\" src=\"https:\/\/bebest-coaching.com\/wp-content\/uploads\/2025\/07\/services-bebest-teams-3-1400x933.jpg\" alt=\"services-bebest-teams-3\" class=\"wp-image-742 size-full\" srcset=\"https:\/\/bebest-coaching.com\/wp-content\/uploads\/2025\/07\/services-bebest-teams-3-1400x933.jpg 1400w, https:\/\/bebest-coaching.com\/wp-content\/uploads\/2025\/07\/services-bebest-teams-3-650x433.jpg 650w, https:\/\/bebest-coaching.com\/wp-content\/uploads\/2025\/07\/services-bebest-teams-3-768x512.jpg 768w, https:\/\/bebest-coaching.com\/wp-content\/uploads\/2025\/07\/services-bebest-teams-3-1536x1024.jpg 1536w, https:\/\/bebest-coaching.com\/wp-content\/uploads\/2025\/07\/services-bebest-teams-3.jpg 2000w\" sizes=\"auto, (max-width: 1400px) 100vw, 1400px\" \/><\/figure><\/div>\n\n\n\n<section class=\"wp-block-group pt100 pb100 mt120 has-background\" style=\"background-color:#152948\"><div class=\"wp-block-group__inner-container is-layout-constrained wp-block-group-is-layout-constrained\">\n<div class=\"wp-block-group wrap_content\"><div class=\"wp-block-group__inner-container is-layout-constrained wp-block-group-is-layout-constrained\">\n<h2 class=\"wp-block-heading has-text-align-center has-white-color has-text-color has-link-color wp-elements-3dea0f840db77885aca9d8be85b25195\">Das BeBest-Modell: <br>Ihre Roadmap in 3 Phasen<\/h2>\n\n\n\n<div class=\"wrap_timeline mb30\">\n\t<div class=\"item-timeline\">\n\t\t<span>1<\/span>\n\t\t<h3>Systemische Diagnose &#038; Psychometrie<\/h3>\n\t\t<p>Analyse der Teamdynamiken, Identifikation von Blockaden und tiefes Verst\u00e4ndnis des Systems.<\/p>\n\t<\/div>\n\t<div class=\"item-timeline\">\n\t\t<span>2<\/span>\n\t\t<h3>Bewusstseins- &#038; Strukturierungs-Workshops<\/h3>\n\t\t<p>Gemeinsame Sessions zur Entwicklung einer kollektiven Identit\u00e4t, zur Zielausrichtung und zur Einf\u00fchrung klarer Governance-Strukturen und Rituale.<\/p>\n\t<\/div>\n\t<div class=\"item-timeline\">\n\t\t<span>3<\/span>\n\t\t<h3>Kontinuierliches Coaching &#038; Bef\u00e4higung<\/h3>\n\t\t<p>Regelm\u00e4\u00dfige Begleitung zur Verankerung neuer Praktiken, zur St\u00e4rkung der kollektiven Resilienz und zur Entwicklung von Selbststeuerung im Team.<\/p>\n\t<\/div>\n<\/div>\n<\/div><\/div>\n<\/div><\/section>\n\n\n\n<div class=\"wp-block-group mb100 wrap_content mt100\"><div class=\"wp-block-group__inner-container is-layout-constrained wp-block-group-is-layout-constrained\">\n<h2 class=\"wp-block-heading\">Ein Ansatz, der in der Unternehmensrealit\u00e4t verankert ist<\/h2>\n\n\n\n<p>Bei BeBest verstehen wir Teamcoaching nicht als einmalige Gruppenaktivit\u00e4t oder kurzfristigen Teammoment.<\/p>\n\n\n\n<p>Unser Ansatz zielt auf echte Wirkung in der Art und Weise ab, wie Teams funktionieren, interagieren, Entscheidungen treffen und gemeinsam vorankommen.<\/p>\n\n\n\n<p class=\"mb20\"><strong>Wir arbeiten insbesondere an:<\/strong><\/p>\n\n\n\n<ul class=\"wp-block-list\">\n<li>menschlichen Dynamiken,<\/li>\n\n\n\n<li>Beziehungsverhalten,<\/li>\n\n\n\n<li>F\u00fchrungsqualit\u00e4t,<\/li>\n\n\n\n<li>Kommunikationsmechanismen,<\/li>\n\n\n\n<li>und der F\u00e4higkeit des Teams, sich langfristig an einer gemeinsamen Richtung auszurichten.<\/li>\n<\/ul>\n\n\n\n<div class=\"wp-block-group focus mt20\"><div class=\"wp-block-group__inner-container is-layout-constrained wp-block-group-is-layout-constrained\">\n<p>Das Ziel ist nicht, einen \u201eguten Moment\u201c zu schaffen, sondern das Team nachhaltig in Reife, Klarheit und kollektiver Wirksamkeit zu entwickeln.<\/p>\n<\/div><\/div>\n<\/div><\/div>\n\n\n\n<div class=\"wp-block-group wrap_small_content pt100 mb100\"><div class=\"wp-block-group__inner-container is-layout-constrained wp-block-group-is-layout-constrained\">\n<h2 class=\"wp-block-heading has-text-align-center\">H\u00e4ufig gestellte Fragen zum Teamcoaching im Unternehmen<\/h2>\n\n\n\n<div class=\"wp-block-group wrap_accordion mt40\"><div class=\"wp-block-group__inner-container is-layout-constrained wp-block-group-is-layout-constrained\">\n<div class=\"wp-block-group accordion active\"><div class=\"wp-block-group__inner-container is-layout-constrained wp-block-group-is-layout-constrained\">\n<h3 class=\"wp-block-heading\" id=\"lumiere-naturelle\"><strong><strong>Was ist der Unterschied zwischen Teamcoaching und Teambuilding?<\/strong><\/strong><\/h3>\n\n\n\n<div class=\"wp-block-group contenu_accordion\"><div class=\"wp-block-group__inner-container is-layout-constrained wp-block-group-is-layout-constrained\">\n<p>Teambuilding zielt h\u00e4ufig auf kurzfristige Verbesserung von Zusammenhalt oder Stimmung ab.<br>Teamcoaching hingegen arbeitet tiefergehend an Beziehungen, Kommunikation, Entscheidungsprozessen und der kollektiven Funktionsweise.<\/p>\n<\/div><\/div>\n<\/div><\/div>\n\n\n\n<div class=\"wp-block-group accordion\"><div class=\"wp-block-group__inner-container is-layout-constrained wp-block-group-is-layout-constrained\">\n<h3 class=\"wp-block-heading\" id=\"details-soignes\"><strong><strong>Wann ist Teamcoaching sinnvoll?<\/strong><\/strong><\/h3>\n\n\n\n<div class=\"wp-block-group contenu_accordion\"><div class=\"wp-block-group__inner-container is-layout-constrained wp-block-group-is-layout-constrained\">\n<p>Teamcoaching ist besonders relevant bei Spannungen, fehlender Ausrichtung, Wachstumsphasen oder strukturellen Ver\u00e4nderungen.<\/p>\n<\/div><\/div>\n<\/div><\/div>\n\n\n\n<div class=\"wp-block-group accordion\"><div class=\"wp-block-group__inner-container is-layout-constrained wp-block-group-is-layout-constrained\">\n<h3 class=\"wp-block-heading\" id=\"details-soignes\"><strong><strong>Ist Teamcoaching auch f\u00fcr F\u00fchrungsteams geeignet?<\/strong><\/strong><\/h3>\n\n\n\n<div class=\"wp-block-group contenu_accordion\"><div class=\"wp-block-group__inner-container is-layout-constrained wp-block-group-is-layout-constrained\">\n<p>Ja. Es ist besonders wertvoll f\u00fcr <a href=\"https:\/\/bebest-coaching.com\/de\/services\/bebest-for-executives\/\" type=\"page\" id=\"1358\">F\u00fchrungsteams<\/a>, die sich besser ausrichten, klarer entscheiden und ihre kollektive F\u00fchrung st\u00e4rken m\u00f6chten.<\/p>\n<\/div><\/div>\n<\/div><\/div>\n<\/div><\/div>\n<\/div><\/div>\n\n\n\n<div class=\"wp-block-group wrap_cta_bottom\"><div class=\"wp-block-group__inner-container is-layout-constrained wp-block-group-is-layout-constrained\">\n<div class=\"wp-block-group wrap_content\"><div class=\"wp-block-group__inner-container is-layout-constrained wp-block-group-is-layout-constrained\">\n<a href=\"https:\/\/bebest-coaching.com\/de\/contact-us\/\">\n\n\n\n<figure class=\"wp-block-image size-full\"><img loading=\"lazy\" decoding=\"async\" width=\"2000\" height=\"1079\" src=\"https:\/\/bebest-coaching.com\/wp-content\/uploads\/2025\/07\/contact-bebest-teams.jpg\" alt=\"contact-bebest-teams\" class=\"wp-image-739\" srcset=\"https:\/\/bebest-coaching.com\/wp-content\/uploads\/2025\/07\/contact-bebest-teams.jpg 2000w, https:\/\/bebest-coaching.com\/wp-content\/uploads\/2025\/07\/contact-bebest-teams-650x351.jpg 650w, https:\/\/bebest-coaching.com\/wp-content\/uploads\/2025\/07\/contact-bebest-teams-1400x755.jpg 1400w, https:\/\/bebest-coaching.com\/wp-content\/uploads\/2025\/07\/contact-bebest-teams-768x414.jpg 768w, https:\/\/bebest-coaching.com\/wp-content\/uploads\/2025\/07\/contact-bebest-teams-1536x829.jpg 1536w\" sizes=\"auto, (max-width: 2000px) 100vw, 2000px\" \/><\/figure>\n\n\n\n<div class=\"content_cta\">\n<span class=\"reserver\">Starten Sie jetzt mit BeBest for Teams<\/span>\n<span>Kontaktieren Sie uns<\/span>\n<\/div>\n\n\n\n<\/a>\n<\/div><\/div>\n<\/div><\/div>\n","protected":false},"excerpt":{"rendered":"<p>Systemisches Teamcoaching &#038; Transformation.<\/p>\n","protected":false},"author":1,"featured_media":869,"parent":1336,"menu_order":48,"comment_status":"closed","ping_status":"closed","template":"","meta":{"_acf_changed":false,"footnotes":""},"class_list":["post-1365","page","type-page","status-publish","has-post-thumbnail","hentry"],"acf":[],"yoast_head":"<!-- This site is optimized with the Yoast SEO plugin v27.4 - https:\/\/yoast.com\/product\/yoast-seo-wordpress\/ -->\n<title>Team Coaching f\u00fcr Unternehmen | Zusammenhalt &amp; Leistung<\/title>\n<meta name=\"description\" content=\"Team Coaching zur Ausrichtung von Vision, Vertrauen und kollektiver Leistung. Ein systemischer Ansatz mit messbaren Ergebnissen.\" \/>\n<meta name=\"robots\" content=\"index, follow, max-snippet:-1, max-image-preview:large, max-video-preview:-1\" \/>\n<link rel=\"canonical\" href=\"https:\/\/bebest-coaching.com\/de\/services\/bebest-for-teams\/\" \/>\n<meta property=\"og:locale\" content=\"de_DE\" \/>\n<meta property=\"og:type\" content=\"article\" \/>\n<meta property=\"og:title\" content=\"Team Coaching f\u00fcr Unternehmen | Zusammenhalt &amp; Leistung\" \/>\n<meta property=\"og:description\" content=\"Team Coaching zur Ausrichtung von Vision, Vertrauen und kollektiver Leistung. Ein systemischer Ansatz mit messbaren Ergebnissen.\" \/>\n<meta property=\"og:url\" content=\"https:\/\/bebest-coaching.com\/de\/services\/bebest-for-teams\/\" \/>\n<meta property=\"og:site_name\" content=\"Bebest Coaching\" \/>\n<meta property=\"article:modified_time\" content=\"2026-04-17T09:38:22+00:00\" \/>\n<meta property=\"og:image\" content=\"https:\/\/bebest-coaching.com\/wp-content\/uploads\/2025\/09\/bebest-teams.jpg\" \/>\n\t<meta property=\"og:image:width\" content=\"1200\" \/>\n\t<meta property=\"og:image:height\" content=\"675\" \/>\n\t<meta property=\"og:image:type\" content=\"image\/jpeg\" \/>\n<meta name=\"twitter:card\" content=\"summary_large_image\" \/>\n<meta name=\"twitter:label1\" content=\"Gesch\u00e4tzte Lesezeit\" \/>\n\t<meta name=\"twitter:data1\" content=\"4\u00a0Minuten\" \/>\n<script type=\"application\/ld+json\" class=\"yoast-schema-graph\">{\"@context\":\"https:\\\/\\\/schema.org\",\"@graph\":[{\"@type\":\"WebPage\",\"@id\":\"https:\\\/\\\/bebest-coaching.com\\\/de\\\/services\\\/bebest-for-teams\\\/\",\"url\":\"https:\\\/\\\/bebest-coaching.com\\\/de\\\/services\\\/bebest-for-teams\\\/\",\"name\":\"Team Coaching f\u00fcr Unternehmen | Zusammenhalt & Leistung\",\"isPartOf\":{\"@id\":\"https:\\\/\\\/bebest-coaching.com\\\/de\\\/#website\"},\"primaryImageOfPage\":{\"@id\":\"https:\\\/\\\/bebest-coaching.com\\\/de\\\/services\\\/bebest-for-teams\\\/#primaryimage\"},\"image\":{\"@id\":\"https:\\\/\\\/bebest-coaching.com\\\/de\\\/services\\\/bebest-for-teams\\\/#primaryimage\"},\"thumbnailUrl\":\"https:\\\/\\\/bebest-coaching.com\\\/wp-content\\\/uploads\\\/2025\\\/09\\\/bebest-teams.jpg\",\"datePublished\":\"2025-07-06T19:31:07+00:00\",\"dateModified\":\"2026-04-17T09:38:22+00:00\",\"description\":\"Team Coaching zur Ausrichtung von Vision, Vertrauen und kollektiver Leistung. Ein systemischer Ansatz mit messbaren Ergebnissen.\",\"breadcrumb\":{\"@id\":\"https:\\\/\\\/bebest-coaching.com\\\/de\\\/services\\\/bebest-for-teams\\\/#breadcrumb\"},\"inLanguage\":\"de\",\"potentialAction\":[{\"@type\":\"ReadAction\",\"target\":[\"https:\\\/\\\/bebest-coaching.com\\\/de\\\/services\\\/bebest-for-teams\\\/\"]}]},{\"@type\":\"ImageObject\",\"inLanguage\":\"de\",\"@id\":\"https:\\\/\\\/bebest-coaching.com\\\/de\\\/services\\\/bebest-for-teams\\\/#primaryimage\",\"url\":\"https:\\\/\\\/bebest-coaching.com\\\/wp-content\\\/uploads\\\/2025\\\/09\\\/bebest-teams.jpg\",\"contentUrl\":\"https:\\\/\\\/bebest-coaching.com\\\/wp-content\\\/uploads\\\/2025\\\/09\\\/bebest-teams.jpg\",\"width\":1200,\"height\":675,\"caption\":\"bebest-teams\"},{\"@type\":\"BreadcrumbList\",\"@id\":\"https:\\\/\\\/bebest-coaching.com\\\/de\\\/services\\\/bebest-for-teams\\\/#breadcrumb\",\"itemListElement\":[{\"@type\":\"ListItem\",\"position\":1,\"name\":\"Startseite\",\"item\":\"https:\\\/\\\/bebest-coaching.com\\\/de\\\/\"},{\"@type\":\"ListItem\",\"position\":2,\"name\":\"Leistungen\",\"item\":\"https:\\\/\\\/bebest-coaching.com\\\/de\\\/services\\\/\"},{\"@type\":\"ListItem\",\"position\":3,\"name\":\"BeBest for Teams\"}]},{\"@type\":\"WebSite\",\"@id\":\"https:\\\/\\\/bebest-coaching.com\\\/de\\\/#website\",\"url\":\"https:\\\/\\\/bebest-coaching.com\\\/de\\\/\",\"name\":\"Bebest Coaching\",\"description\":\"Au del\u00e0 du coaching business, une m\u00e9thode et une transformation.\",\"publisher\":{\"@id\":\"https:\\\/\\\/bebest-coaching.com\\\/de\\\/#organization\"},\"potentialAction\":[{\"@type\":\"SearchAction\",\"target\":{\"@type\":\"EntryPoint\",\"urlTemplate\":\"https:\\\/\\\/bebest-coaching.com\\\/de\\\/?s={search_term_string}\"},\"query-input\":{\"@type\":\"PropertyValueSpecification\",\"valueRequired\":true,\"valueName\":\"search_term_string\"}}],\"inLanguage\":\"de\"},{\"@type\":\"Organization\",\"@id\":\"https:\\\/\\\/bebest-coaching.com\\\/de\\\/#organization\",\"name\":\"Bebest Coaching\",\"url\":\"https:\\\/\\\/bebest-coaching.com\\\/de\\\/\",\"logo\":{\"@type\":\"ImageObject\",\"inLanguage\":\"de\",\"@id\":\"https:\\\/\\\/bebest-coaching.com\\\/de\\\/#\\\/schema\\\/logo\\\/image\\\/\",\"url\":\"https:\\\/\\\/bebest-coaching.com\\\/wp-content\\\/uploads\\\/2025\\\/12\\\/logo-bebest.png\",\"contentUrl\":\"https:\\\/\\\/bebest-coaching.com\\\/wp-content\\\/uploads\\\/2025\\\/12\\\/logo-bebest.png\",\"width\":220,\"height\":218,\"caption\":\"Bebest Coaching\"},\"image\":{\"@id\":\"https:\\\/\\\/bebest-coaching.com\\\/de\\\/#\\\/schema\\\/logo\\\/image\\\/\"},\"sameAs\":[\"https:\\\/\\\/www.linkedin.com\\\/in\\\/audrey-jeanrond\\\/\",\"https:\\\/\\\/www.instagram.com\\\/audreyjeanrond\\\/\"]}]}<\/script>\n<!-- \/ Yoast SEO plugin. -->","yoast_head_json":{"title":"Team Coaching f\u00fcr Unternehmen | Zusammenhalt & Leistung","description":"Team Coaching zur Ausrichtung von Vision, Vertrauen und kollektiver Leistung. Ein systemischer Ansatz mit messbaren Ergebnissen.","robots":{"index":"index","follow":"follow","max-snippet":"max-snippet:-1","max-image-preview":"max-image-preview:large","max-video-preview":"max-video-preview:-1"},"canonical":"https:\/\/bebest-coaching.com\/de\/services\/bebest-for-teams\/","og_locale":"de_DE","og_type":"article","og_title":"Team Coaching f\u00fcr Unternehmen | Zusammenhalt & Leistung","og_description":"Team Coaching zur Ausrichtung von Vision, Vertrauen und kollektiver Leistung. Ein systemischer Ansatz mit messbaren Ergebnissen.","og_url":"https:\/\/bebest-coaching.com\/de\/services\/bebest-for-teams\/","og_site_name":"Bebest Coaching","article_modified_time":"2026-04-17T09:38:22+00:00","og_image":[{"width":1200,"height":675,"url":"https:\/\/bebest-coaching.com\/wp-content\/uploads\/2025\/09\/bebest-teams.jpg","type":"image\/jpeg"}],"twitter_card":"summary_large_image","twitter_misc":{"Gesch\u00e4tzte Lesezeit":"4\u00a0Minuten"},"schema":{"@context":"https:\/\/schema.org","@graph":[{"@type":"WebPage","@id":"https:\/\/bebest-coaching.com\/de\/services\/bebest-for-teams\/","url":"https:\/\/bebest-coaching.com\/de\/services\/bebest-for-teams\/","name":"Team Coaching f\u00fcr Unternehmen | Zusammenhalt & Leistung","isPartOf":{"@id":"https:\/\/bebest-coaching.com\/de\/#website"},"primaryImageOfPage":{"@id":"https:\/\/bebest-coaching.com\/de\/services\/bebest-for-teams\/#primaryimage"},"image":{"@id":"https:\/\/bebest-coaching.com\/de\/services\/bebest-for-teams\/#primaryimage"},"thumbnailUrl":"https:\/\/bebest-coaching.com\/wp-content\/uploads\/2025\/09\/bebest-teams.jpg","datePublished":"2025-07-06T19:31:07+00:00","dateModified":"2026-04-17T09:38:22+00:00","description":"Team Coaching zur Ausrichtung von Vision, Vertrauen und kollektiver Leistung. Ein systemischer Ansatz mit messbaren Ergebnissen.","breadcrumb":{"@id":"https:\/\/bebest-coaching.com\/de\/services\/bebest-for-teams\/#breadcrumb"},"inLanguage":"de","potentialAction":[{"@type":"ReadAction","target":["https:\/\/bebest-coaching.com\/de\/services\/bebest-for-teams\/"]}]},{"@type":"ImageObject","inLanguage":"de","@id":"https:\/\/bebest-coaching.com\/de\/services\/bebest-for-teams\/#primaryimage","url":"https:\/\/bebest-coaching.com\/wp-content\/uploads\/2025\/09\/bebest-teams.jpg","contentUrl":"https:\/\/bebest-coaching.com\/wp-content\/uploads\/2025\/09\/bebest-teams.jpg","width":1200,"height":675,"caption":"bebest-teams"},{"@type":"BreadcrumbList","@id":"https:\/\/bebest-coaching.com\/de\/services\/bebest-for-teams\/#breadcrumb","itemListElement":[{"@type":"ListItem","position":1,"name":"Startseite","item":"https:\/\/bebest-coaching.com\/de\/"},{"@type":"ListItem","position":2,"name":"Leistungen","item":"https:\/\/bebest-coaching.com\/de\/services\/"},{"@type":"ListItem","position":3,"name":"BeBest for Teams"}]},{"@type":"WebSite","@id":"https:\/\/bebest-coaching.com\/de\/#website","url":"https:\/\/bebest-coaching.com\/de\/","name":"Bebest Coaching","description":"Au del\u00e0 du coaching business, une m\u00e9thode et une transformation.","publisher":{"@id":"https:\/\/bebest-coaching.com\/de\/#organization"},"potentialAction":[{"@type":"SearchAction","target":{"@type":"EntryPoint","urlTemplate":"https:\/\/bebest-coaching.com\/de\/?s={search_term_string}"},"query-input":{"@type":"PropertyValueSpecification","valueRequired":true,"valueName":"search_term_string"}}],"inLanguage":"de"},{"@type":"Organization","@id":"https:\/\/bebest-coaching.com\/de\/#organization","name":"Bebest Coaching","url":"https:\/\/bebest-coaching.com\/de\/","logo":{"@type":"ImageObject","inLanguage":"de","@id":"https:\/\/bebest-coaching.com\/de\/#\/schema\/logo\/image\/","url":"https:\/\/bebest-coaching.com\/wp-content\/uploads\/2025\/12\/logo-bebest.png","contentUrl":"https:\/\/bebest-coaching.com\/wp-content\/uploads\/2025\/12\/logo-bebest.png","width":220,"height":218,"caption":"Bebest Coaching"},"image":{"@id":"https:\/\/bebest-coaching.com\/de\/#\/schema\/logo\/image\/"},"sameAs":["https:\/\/www.linkedin.com\/in\/audrey-jeanrond\/","https:\/\/www.instagram.com\/audreyjeanrond\/"]}]}},"_links":{"self":[{"href":"https:\/\/bebest-coaching.com\/de\/wp-json\/wp\/v2\/pages\/1365","targetHints":{"allow":["GET"]}}],"collection":[{"href":"https:\/\/bebest-coaching.com\/de\/wp-json\/wp\/v2\/pages"}],"about":[{"href":"https:\/\/bebest-coaching.com\/de\/wp-json\/wp\/v2\/types\/page"}],"author":[{"embeddable":true,"href":"https:\/\/bebest-coaching.com\/de\/wp-json\/wp\/v2\/users\/1"}],"replies":[{"embeddable":true,"href":"https:\/\/bebest-coaching.com\/de\/wp-json\/wp\/v2\/comments?post=1365"}],"version-history":[{"count":7,"href":"https:\/\/bebest-coaching.com\/de\/wp-json\/wp\/v2\/pages\/1365\/revisions"}],"predecessor-version":[{"id":1637,"href":"https:\/\/bebest-coaching.com\/de\/wp-json\/wp\/v2\/pages\/1365\/revisions\/1637"}],"up":[{"embeddable":true,"href":"https:\/\/bebest-coaching.com\/de\/wp-json\/wp\/v2\/pages\/1336"}],"wp:featuredmedia":[{"embeddable":true,"href":"https:\/\/bebest-coaching.com\/de\/wp-json\/wp\/v2\/media\/869"}],"wp:attachment":[{"href":"https:\/\/bebest-coaching.com\/de\/wp-json\/wp\/v2\/media?parent=1365"}],"curies":[{"name":"wp","href":"https:\/\/api.w.org\/{rel}","templated":true}]}}