{"id":1371,"date":"2025-04-04T21:14:31","date_gmt":"2025-04-04T21:14:31","guid":{"rendered":"https:\/\/bebest-coaching.com\/podcast\/"},"modified":"2026-01-14T10:02:24","modified_gmt":"2026-01-14T10:02:24","slug":"podcast","status":"publish","type":"page","link":"https:\/\/bebest-coaching.com\/de\/podcast\/","title":{"rendered":"Podcast"},"content":{"rendered":"\n<section class=\"wp-block-group wrap_top_page wrap_top_page_image mb120\"><div class=\"wp-block-group__inner-container is-layout-constrained wp-block-group-is-layout-constrained\">\n<figure class=\"wp-block-image size-full\"><img loading=\"lazy\" decoding=\"async\" width=\"2500\" height=\"1079\" src=\"https:\/\/bebest-coaching.com\/wp-content\/uploads\/2025\/06\/podcast-bebest-coaching-1.jpg\" alt=\"podcast-bebest-coaching\" class=\"wp-image-415\" srcset=\"https:\/\/bebest-coaching.com\/wp-content\/uploads\/2025\/06\/podcast-bebest-coaching-1.jpg 2500w, https:\/\/bebest-coaching.com\/wp-content\/uploads\/2025\/06\/podcast-bebest-coaching-1-650x281.jpg 650w, https:\/\/bebest-coaching.com\/wp-content\/uploads\/2025\/06\/podcast-bebest-coaching-1-1400x604.jpg 1400w, https:\/\/bebest-coaching.com\/wp-content\/uploads\/2025\/06\/podcast-bebest-coaching-1-768x331.jpg 768w, https:\/\/bebest-coaching.com\/wp-content\/uploads\/2025\/06\/podcast-bebest-coaching-1-1536x663.jpg 1536w, https:\/\/bebest-coaching.com\/wp-content\/uploads\/2025\/06\/podcast-bebest-coaching-1-2048x884.jpg 2048w\" sizes=\"auto, (max-width: 2500px) 100vw, 2500px\" \/><\/figure>\n\n\n<div class=\"yoast-breadcrumbs\"><span><span><a href=\"https:\/\/bebest-coaching.com\/de\/\">Startseite<\/a><\/span> \/ <span class=\"breadcrumb_last\" aria-current=\"page\">Podcast<\/span><\/span><\/div>\n\n\n<div class=\"wp-block-group wrap_content\"><div class=\"wp-block-group__inner-container is-layout-constrained wp-block-group-is-layout-constrained\">\n<h1 class=\"wp-block-heading\">Question de Coach<\/h1>\n\n\n\n<p>Der Podcast, der Ihre F\u00fchrungskompetenz weckt.<\/p>\n\n\n\n<div class=\"arrow-down-top\"><i class=\"fa-solid fa-arrow-down-long\"><\/i><\/div>\n<\/div><\/div>\n<\/div><\/section>\n\n\n\n<div class=\"wp-block-group mb60 wrap_small_content\"><div class=\"wp-block-group__inner-container is-layout-constrained wp-block-group-is-layout-constrained\">\n<p class=\"has-text-align-center\"><strong>In jeder Episode analysiere ich eine zentrale Frage, die in meinen Coaching-Sessions mit F\u00fchrungskr\u00e4ften auf der ganzen Welt h\u00e4ufig gestellt wird. In nur wenigen Minuten erhalten Sie konkrete Antworten, praxisnahe Tools und eine Portion Inspiration, um Ihren F\u00fchrungsstil zu st\u00e4rken und Ihren Alltag nachhaltig zu ver\u00e4ndern.<\/strong><\/p>\n<\/div><\/div>\n","protected":false},"excerpt":{"rendered":"<p>Question de Coach Der Podcast, der Ihre F\u00fchrungskompetenz weckt. In [&hellip;]<\/p>\n","protected":false},"author":1,"featured_media":0,"parent":0,"menu_order":26,"comment_status":"closed","ping_status":"closed","template":"templates\/page-podcast.php","meta":{"_acf_changed":false,"footnotes":""},"class_list":["post-1371","page","type-page","status-publish","hentry"],"acf":[],"yoast_head":"<!-- This site is optimized with the Yoast SEO plugin v27.4 - https:\/\/yoast.com\/product\/yoast-seo-wordpress\/ -->\n<title>Leadership Podcast: Fragen eines Coaches | BeBest Coaching<\/title>\n<meta name=\"description\" content=\"Ein kurzer und praxisnaher Leadership Podcast f\u00fcr F\u00fchrungskr\u00e4fte und Manager. Starke Fragen, praktische Tools und neue Perspektiven.\" \/>\n<meta name=\"robots\" content=\"index, follow, max-snippet:-1, max-image-preview:large, max-video-preview:-1\" \/>\n<link rel=\"canonical\" href=\"https:\/\/bebest-coaching.com\/de\/podcast\/\" \/>\n<meta property=\"og:locale\" content=\"de_DE\" \/>\n<meta property=\"og:type\" content=\"article\" \/>\n<meta property=\"og:title\" content=\"Leadership Podcast: Fragen eines Coaches | BeBest Coaching\" \/>\n<meta property=\"og:description\" content=\"Ein kurzer und praxisnaher Leadership Podcast f\u00fcr F\u00fchrungskr\u00e4fte und Manager. Starke Fragen, praktische Tools und neue Perspektiven.\" \/>\n<meta property=\"og:url\" content=\"https:\/\/bebest-coaching.com\/de\/podcast\/\" \/>\n<meta property=\"og:site_name\" content=\"Bebest Coaching\" \/>\n<meta property=\"article:modified_time\" content=\"2026-01-14T10:02:24+00:00\" \/>\n<meta property=\"og:image\" content=\"https:\/\/bebest-coaching.com\/wp-content\/uploads\/2025\/06\/podcast-bebest-coaching-1-1400x604.jpg\" \/>\n\t<meta property=\"og:image:width\" content=\"1400\" \/>\n\t<meta property=\"og:image:height\" content=\"604\" \/>\n\t<meta property=\"og:image:type\" content=\"image\/jpeg\" \/>\n<meta name=\"twitter:card\" content=\"summary_large_image\" \/>\n<meta name=\"twitter:label1\" content=\"Gesch\u00e4tzte Lesezeit\" \/>\n\t<meta name=\"twitter:data1\" content=\"1\u00a0Minute\" \/>\n<script type=\"application\/ld+json\" class=\"yoast-schema-graph\">{\"@context\":\"https:\\\/\\\/schema.org\",\"@graph\":[{\"@type\":\"WebPage\",\"@id\":\"https:\\\/\\\/bebest-coaching.com\\\/de\\\/podcast\\\/\",\"url\":\"https:\\\/\\\/bebest-coaching.com\\\/de\\\/podcast\\\/\",\"name\":\"Leadership Podcast: Fragen eines Coaches | BeBest Coaching\",\"isPartOf\":{\"@id\":\"https:\\\/\\\/bebest-coaching.com\\\/de\\\/#website\"},\"primaryImageOfPage\":{\"@id\":\"https:\\\/\\\/bebest-coaching.com\\\/de\\\/podcast\\\/#primaryimage\"},\"image\":{\"@id\":\"https:\\\/\\\/bebest-coaching.com\\\/de\\\/podcast\\\/#primaryimage\"},\"thumbnailUrl\":\"https:\\\/\\\/bebest-coaching.com\\\/wp-content\\\/uploads\\\/2025\\\/06\\\/podcast-bebest-coaching-1.jpg\",\"datePublished\":\"2025-04-04T21:14:31+00:00\",\"dateModified\":\"2026-01-14T10:02:24+00:00\",\"description\":\"Ein kurzer und praxisnaher Leadership Podcast f\u00fcr F\u00fchrungskr\u00e4fte und Manager. Starke Fragen, praktische Tools und neue Perspektiven.\",\"breadcrumb\":{\"@id\":\"https:\\\/\\\/bebest-coaching.com\\\/de\\\/podcast\\\/#breadcrumb\"},\"inLanguage\":\"de\",\"potentialAction\":[{\"@type\":\"ReadAction\",\"target\":[\"https:\\\/\\\/bebest-coaching.com\\\/de\\\/podcast\\\/\"]}]},{\"@type\":\"ImageObject\",\"inLanguage\":\"de\",\"@id\":\"https:\\\/\\\/bebest-coaching.com\\\/de\\\/podcast\\\/#primaryimage\",\"url\":\"https:\\\/\\\/bebest-coaching.com\\\/wp-content\\\/uploads\\\/2025\\\/06\\\/podcast-bebest-coaching-1.jpg\",\"contentUrl\":\"https:\\\/\\\/bebest-coaching.com\\\/wp-content\\\/uploads\\\/2025\\\/06\\\/podcast-bebest-coaching-1.jpg\"},{\"@type\":\"BreadcrumbList\",\"@id\":\"https:\\\/\\\/bebest-coaching.com\\\/de\\\/podcast\\\/#breadcrumb\",\"itemListElement\":[{\"@type\":\"ListItem\",\"position\":1,\"name\":\"Startseite\",\"item\":\"https:\\\/\\\/bebest-coaching.com\\\/de\\\/\"},{\"@type\":\"ListItem\",\"position\":2,\"name\":\"Podcast\"}]},{\"@type\":\"WebSite\",\"@id\":\"https:\\\/\\\/bebest-coaching.com\\\/de\\\/#website\",\"url\":\"https:\\\/\\\/bebest-coaching.com\\\/de\\\/\",\"name\":\"Bebest Coaching\",\"description\":\"Au del\u00e0 du coaching business, une m\u00e9thode et une transformation.\",\"publisher\":{\"@id\":\"https:\\\/\\\/bebest-coaching.com\\\/de\\\/#organization\"},\"potentialAction\":[{\"@type\":\"SearchAction\",\"target\":{\"@type\":\"EntryPoint\",\"urlTemplate\":\"https:\\\/\\\/bebest-coaching.com\\\/de\\\/?s={search_term_string}\"},\"query-input\":{\"@type\":\"PropertyValueSpecification\",\"valueRequired\":true,\"valueName\":\"search_term_string\"}}],\"inLanguage\":\"de\"},{\"@type\":\"Organization\",\"@id\":\"https:\\\/\\\/bebest-coaching.com\\\/de\\\/#organization\",\"name\":\"Bebest Coaching\",\"url\":\"https:\\\/\\\/bebest-coaching.com\\\/de\\\/\",\"logo\":{\"@type\":\"ImageObject\",\"inLanguage\":\"de\",\"@id\":\"https:\\\/\\\/bebest-coaching.com\\\/de\\\/#\\\/schema\\\/logo\\\/image\\\/\",\"url\":\"https:\\\/\\\/bebest-coaching.com\\\/wp-content\\\/uploads\\\/2025\\\/12\\\/logo-bebest.png\",\"contentUrl\":\"https:\\\/\\\/bebest-coaching.com\\\/wp-content\\\/uploads\\\/2025\\\/12\\\/logo-bebest.png\",\"width\":220,\"height\":218,\"caption\":\"Bebest Coaching\"},\"image\":{\"@id\":\"https:\\\/\\\/bebest-coaching.com\\\/de\\\/#\\\/schema\\\/logo\\\/image\\\/\"},\"sameAs\":[\"https:\\\/\\\/www.linkedin.com\\\/in\\\/audrey-jeanrond\\\/\",\"https:\\\/\\\/www.instagram.com\\\/audreyjeanrond\\\/\"]}]}<\/script>\n<!-- \/ Yoast SEO plugin. -->","yoast_head_json":{"title":"Leadership Podcast: Fragen eines Coaches | BeBest Coaching","description":"Ein kurzer und praxisnaher Leadership Podcast f\u00fcr F\u00fchrungskr\u00e4fte und Manager. Starke Fragen, praktische Tools und neue Perspektiven.","robots":{"index":"index","follow":"follow","max-snippet":"max-snippet:-1","max-image-preview":"max-image-preview:large","max-video-preview":"max-video-preview:-1"},"canonical":"https:\/\/bebest-coaching.com\/de\/podcast\/","og_locale":"de_DE","og_type":"article","og_title":"Leadership Podcast: Fragen eines Coaches | BeBest Coaching","og_description":"Ein kurzer und praxisnaher Leadership Podcast f\u00fcr F\u00fchrungskr\u00e4fte und Manager. Starke Fragen, praktische Tools und neue Perspektiven.","og_url":"https:\/\/bebest-coaching.com\/de\/podcast\/","og_site_name":"Bebest Coaching","article_modified_time":"2026-01-14T10:02:24+00:00","og_image":[{"width":1400,"height":604,"url":"https:\/\/bebest-coaching.com\/wp-content\/uploads\/2025\/06\/podcast-bebest-coaching-1-1400x604.jpg","type":"image\/jpeg"}],"twitter_card":"summary_large_image","twitter_misc":{"Gesch\u00e4tzte Lesezeit":"1\u00a0Minute"},"schema":{"@context":"https:\/\/schema.org","@graph":[{"@type":"WebPage","@id":"https:\/\/bebest-coaching.com\/de\/podcast\/","url":"https:\/\/bebest-coaching.com\/de\/podcast\/","name":"Leadership Podcast: Fragen eines Coaches | BeBest Coaching","isPartOf":{"@id":"https:\/\/bebest-coaching.com\/de\/#website"},"primaryImageOfPage":{"@id":"https:\/\/bebest-coaching.com\/de\/podcast\/#primaryimage"},"image":{"@id":"https:\/\/bebest-coaching.com\/de\/podcast\/#primaryimage"},"thumbnailUrl":"https:\/\/bebest-coaching.com\/wp-content\/uploads\/2025\/06\/podcast-bebest-coaching-1.jpg","datePublished":"2025-04-04T21:14:31+00:00","dateModified":"2026-01-14T10:02:24+00:00","description":"Ein kurzer und praxisnaher Leadership Podcast f\u00fcr F\u00fchrungskr\u00e4fte und Manager. Starke Fragen, praktische Tools und neue Perspektiven.","breadcrumb":{"@id":"https:\/\/bebest-coaching.com\/de\/podcast\/#breadcrumb"},"inLanguage":"de","potentialAction":[{"@type":"ReadAction","target":["https:\/\/bebest-coaching.com\/de\/podcast\/"]}]},{"@type":"ImageObject","inLanguage":"de","@id":"https:\/\/bebest-coaching.com\/de\/podcast\/#primaryimage","url":"https:\/\/bebest-coaching.com\/wp-content\/uploads\/2025\/06\/podcast-bebest-coaching-1.jpg","contentUrl":"https:\/\/bebest-coaching.com\/wp-content\/uploads\/2025\/06\/podcast-bebest-coaching-1.jpg"},{"@type":"BreadcrumbList","@id":"https:\/\/bebest-coaching.com\/de\/podcast\/#breadcrumb","itemListElement":[{"@type":"ListItem","position":1,"name":"Startseite","item":"https:\/\/bebest-coaching.com\/de\/"},{"@type":"ListItem","position":2,"name":"Podcast"}]},{"@type":"WebSite","@id":"https:\/\/bebest-coaching.com\/de\/#website","url":"https:\/\/bebest-coaching.com\/de\/","name":"Bebest Coaching","description":"Au del\u00e0 du coaching business, une m\u00e9thode et une transformation.","publisher":{"@id":"https:\/\/bebest-coaching.com\/de\/#organization"},"potentialAction":[{"@type":"SearchAction","target":{"@type":"EntryPoint","urlTemplate":"https:\/\/bebest-coaching.com\/de\/?s={search_term_string}"},"query-input":{"@type":"PropertyValueSpecification","valueRequired":true,"valueName":"search_term_string"}}],"inLanguage":"de"},{"@type":"Organization","@id":"https:\/\/bebest-coaching.com\/de\/#organization","name":"Bebest Coaching","url":"https:\/\/bebest-coaching.com\/de\/","logo":{"@type":"ImageObject","inLanguage":"de","@id":"https:\/\/bebest-coaching.com\/de\/#\/schema\/logo\/image\/","url":"https:\/\/bebest-coaching.com\/wp-content\/uploads\/2025\/12\/logo-bebest.png","contentUrl":"https:\/\/bebest-coaching.com\/wp-content\/uploads\/2025\/12\/logo-bebest.png","width":220,"height":218,"caption":"Bebest Coaching"},"image":{"@id":"https:\/\/bebest-coaching.com\/de\/#\/schema\/logo\/image\/"},"sameAs":["https:\/\/www.linkedin.com\/in\/audrey-jeanrond\/","https:\/\/www.instagram.com\/audreyjeanrond\/"]}]}},"_links":{"self":[{"href":"https:\/\/bebest-coaching.com\/de\/wp-json\/wp\/v2\/pages\/1371","targetHints":{"allow":["GET"]}}],"collection":[{"href":"https:\/\/bebest-coaching.com\/de\/wp-json\/wp\/v2\/pages"}],"about":[{"href":"https:\/\/bebest-coaching.com\/de\/wp-json\/wp\/v2\/types\/page"}],"author":[{"embeddable":true,"href":"https:\/\/bebest-coaching.com\/de\/wp-json\/wp\/v2\/users\/1"}],"replies":[{"embeddable":true,"href":"https:\/\/bebest-coaching.com\/de\/wp-json\/wp\/v2\/comments?post=1371"}],"version-history":[{"count":1,"href":"https:\/\/bebest-coaching.com\/de\/wp-json\/wp\/v2\/pages\/1371\/revisions"}],"predecessor-version":[{"id":1372,"href":"https:\/\/bebest-coaching.com\/de\/wp-json\/wp\/v2\/pages\/1371\/revisions\/1372"}],"wp:attachment":[{"href":"https:\/\/bebest-coaching.com\/de\/wp-json\/wp\/v2\/media?parent=1371"}],"curies":[{"name":"wp","href":"https:\/\/api.w.org\/{rel}","templated":true}]}}