{"id":65,"date":"2025-04-04T21:03:24","date_gmt":"2025-04-04T21:03:24","guid":{"rendered":"https:\/\/bebest-coaching.com\/coaching\/"},"modified":"2026-01-14T09:45:00","modified_gmt":"2026-01-14T09:45:00","slug":"coaching-bebest","status":"publish","type":"page","link":"https:\/\/bebest-coaching.com\/de\/coaching-bebest\/","title":{"rendered":"Bebest"},"content":{"rendered":"\n<section class=\"wp-block-group wrap_top_page has-background\" style=\"background-color:#152948\"><div class=\"wp-block-group__inner-container is-layout-constrained wp-block-group-is-layout-constrained\">\n<div class=\"wp-block-group wrap_content\"><div class=\"wp-block-group__inner-container is-layout-constrained wp-block-group-is-layout-constrained\"><div class=\"yoast-breadcrumbs\"><span><span><a href=\"https:\/\/bebest-coaching.com\/de\/\">Startseite<\/a><\/span> \/ <span class=\"breadcrumb_last\" aria-current=\"page\">Bebest<\/span><\/span><\/div>\n\n\n<h1 class=\"wp-block-heading has-white-color has-text-color has-link-color wp-elements-5255f2acd9cac1e3c5cc6e3568cfdafd\">Die BeBest-Methode<\/h1>\n\n\n\n<p class=\"has-white-color has-text-color has-link-color wp-elements-223980760b41369930b5e3f18ee24c9e\">Mehr als Coaching: Methode und Transformation.<\/p>\n\n\n\n<div class=\"arrow-down-top\"><i class=\"fa-solid fa-arrow-down-long\"><\/i><\/div>\n<\/div><\/div>\n<\/div><\/section>\n\n\n\n<div class=\"wp-block-media-text has-media-on-the-right is-stacked-on-mobile is-image-fill-element pt140 pb140 wrap_content\"><div class=\"wp-block-media-text__content\">\n<h2 class=\"wp-block-heading\">Bei BeBest machen wir nicht \u201enur Coaching\u201c \u2013 wir transformieren nachhaltig.<\/h2>\n\n\n\n<p>Wir kennen Ihre Welt. Wir waren selbst Manager:innen, F\u00fchrungskr\u00e4fte und Entscheider:innen. Wir kennen den Druck, die interne Politik und die st\u00e4ndige Ergebnisorientierung.<\/p>\n\n\n\n<p>Deshalb ist die BeBest-Methode anders: anspruchsvoll, vision\u00e4r und tief im Business verankert. Wir kombinieren modernste Leadership-Tools, systemisches Coaching, Neurowissenschaften und KI-gest\u00fctzte Methoden.<\/p>\n\n\n\n<p>Unsere Mission? Purpose, People und Performance ausrichten \u2013 f\u00fcr nachhaltige Ver\u00e4nderung.<\/p>\n<\/div><figure class=\"wp-block-media-text__media\"><img loading=\"lazy\" decoding=\"async\" width=\"1400\" height=\"1138\" src=\"https:\/\/bebest-coaching.com\/wp-content\/uploads\/2025\/09\/contacter-audrey-jeanrond-1400x1138.jpg\" alt=\"contacter-audrey-jeanrond\" class=\"wp-image-882 size-full\" style=\"object-position:50% 50%\" srcset=\"https:\/\/bebest-coaching.com\/wp-content\/uploads\/2025\/09\/contacter-audrey-jeanrond-1400x1138.jpg 1400w, https:\/\/bebest-coaching.com\/wp-content\/uploads\/2025\/09\/contacter-audrey-jeanrond-650x528.jpg 650w, https:\/\/bebest-coaching.com\/wp-content\/uploads\/2025\/09\/contacter-audrey-jeanrond-768x624.jpg 768w, https:\/\/bebest-coaching.com\/wp-content\/uploads\/2025\/09\/contacter-audrey-jeanrond-1536x1248.jpg 1536w, https:\/\/bebest-coaching.com\/wp-content\/uploads\/2025\/09\/contacter-audrey-jeanrond.jpg 2000w\" sizes=\"auto, (max-width: 1400px) 100vw, 1400px\" \/><\/figure><\/div>\n\n\n\n<section class=\"wp-block-group wrap_content mb100\"><div class=\"wp-block-group__inner-container is-layout-constrained wp-block-group-is-layout-constrained\">\n<h2 class=\"wp-block-heading titre_border\"><strong>Unser Ansatz beruht auf drei S\u00e4ulen:<\/strong><\/h2>\n\n\n\n<p>Bei BeBest Coaching glauben wir, dass die besten Leader jene sind, die Performance mit Sinn, strategische Vision mit emotionaler Intelligenz und Ambition mit Wohlbefinden vereinen.<\/p>\n\n\n\n<p><strong>Die 3 S\u00e4ulen:<\/strong><\/p>\n\n\n\n<ul class=\"wp-block-list mt20\">\n<li><strong><mark style=\"background-color:rgba(0, 0, 0, 0);color:#c8a45e\" class=\"has-inline-color\">PURPOSE :<\/mark><\/strong> Vision kl\u00e4ren und sich wieder mit dem eigenen Antrieb verbinden<\/li>\n\n\n\n<li><strong><mark style=\"background-color:rgba(0, 0, 0, 0);color:#c8a45e\" class=\"has-inline-color\">PEOPLE :<\/mark><\/strong> Beziehungen, Engagement und Team-Koh\u00e4sion st\u00e4rken<\/li>\n\n\n\n<li><strong><mark style=\"background-color:rgba(0, 0, 0, 0);color:#c8a45e\" class=\"has-inline-color\">PERFORMANCE :<\/mark><\/strong> Konkrete, ambitionierte und nachhaltige Ergebnisse erzielen<\/li>\n<\/ul>\n<\/div><\/section>\n\n\n\n<div class=\"wp-block-media-text is-stacked-on-mobile is-image-fill-element pt140 pb140 wrap_content\"><figure class=\"wp-block-media-text__media\"><img loading=\"lazy\" decoding=\"async\" width=\"1400\" height=\"933\" src=\"https:\/\/bebest-coaching.com\/wp-content\/uploads\/2025\/07\/methodologie-bebest-coaching-1400x933.jpg\" alt=\"methodologie-bebest-coaching\" class=\"wp-image-679 size-full\" style=\"object-position:56% 30%\" srcset=\"https:\/\/bebest-coaching.com\/wp-content\/uploads\/2025\/07\/methodologie-bebest-coaching-1400x933.jpg 1400w, https:\/\/bebest-coaching.com\/wp-content\/uploads\/2025\/07\/methodologie-bebest-coaching-650x433.jpg 650w, https:\/\/bebest-coaching.com\/wp-content\/uploads\/2025\/07\/methodologie-bebest-coaching-768x512.jpg 768w, https:\/\/bebest-coaching.com\/wp-content\/uploads\/2025\/07\/methodologie-bebest-coaching-1536x1024.jpg 1536w, https:\/\/bebest-coaching.com\/wp-content\/uploads\/2025\/07\/methodologie-bebest-coaching.jpg 2000w\" sizes=\"auto, (max-width: 1400px) 100vw, 1400px\" \/><\/figure><div class=\"wp-block-media-text__content\">\n<h2 class=\"wp-block-heading\">Unsere Methodik st\u00fctzt sich auf:<\/h2>\n\n\n\n<ul class=\"wp-block-list mb20\">\n<li>Bew\u00e4hrte Tools aus Executive-, systemischem und transformativen Coaching<\/li>\n\n\n\n<li>Angewandte Neurowissenschaften f\u00fcr Leadership<\/li>\n\n\n\n<li>Und \u2013 wo sinnvoll \u2013 strategische Hypnotherapie (RTT), um tiefe Blockaden zu l\u00f6sen.<\/li>\n<\/ul>\n\n\n\n<p>Hier gibt es keine Standardl\u00f6sungen, sondern ma\u00dfgeschneiderte Begleitung \u2013 anspruchsvoll, menschlich und strategisch.<\/p>\n<\/div><\/div>\n\n\n\n<blockquote class=\"wp-block-quote has-text-align-center big_quote wrap_small_content mt120 mb160 is-layout-flow wp-block-quote-is-layout-flow\">\n<p class=\"has-text-align-center\">Es ist nie zu sp\u00e4t, der Mensch zu werden, der man h\u00e4tte sein k\u00f6nnen. > George Eliot<\/p>\n<cite>George Eliot<\/cite><\/blockquote>\n\n\n\n<section class=\"wp-block-group wrap_content mb100\"><div class=\"wp-block-group__inner-container is-layout-constrained wp-block-group-is-layout-constrained\">\n<h2 class=\"wp-block-heading titre_border\"><strong>Die BeBest-Methode: Unser Weg mit Ihnen<\/strong><\/h2>\n\n\n\n<p>Was Sie nur bei BeBest finden: eine einzigartige Verbindung aus:<\/p>\n\n\n\n<div class=\"wp-block-columns wrap_colonne_presentation mt60 is-layout-flex wp-container-core-columns-is-layout-9d6595d7 wp-block-columns-is-layout-flex\">\n<div class=\"wp-block-column is-layout-flow wp-block-column-is-layout-flow\">\n<figure class=\"wp-block-image size-full\"><img loading=\"lazy\" decoding=\"async\" width=\"250\" height=\"250\" src=\"https:\/\/bebest-coaching.com\/wp-content\/uploads\/2025\/05\/clarte-strategique.png\" alt=\"clarte-strategique\" class=\"wp-image-262\" srcset=\"https:\/\/bebest-coaching.com\/wp-content\/uploads\/2025\/05\/clarte-strategique.png 250w, https:\/\/bebest-coaching.com\/wp-content\/uploads\/2025\/05\/clarte-strategique-150x150.png 150w\" sizes=\"auto, (max-width: 250px) 100vw, 250px\" \/><\/figure>\n\n\n\n<h3 class=\"wp-block-heading\">Business-Effektivit\u00e4t<\/h3>\n\n\n\n<p>Gepr\u00e4gt durch \u00fcber 20 Jahre in Kanzleien und Beratungsgesellschaften, davon 10 Jahre im Management und in Talententwicklung.<\/p>\n<\/div>\n\n\n\n<div class=\"wp-block-column is-layout-flow wp-block-column-is-layout-flow\">\n<figure class=\"wp-block-image size-full\"><img loading=\"lazy\" decoding=\"async\" width=\"250\" height=\"250\" src=\"https:\/\/bebest-coaching.com\/wp-content\/uploads\/2025\/05\/liberation-mentale.png\" alt=\"liberation-mentale\" class=\"wp-image-259\" srcset=\"https:\/\/bebest-coaching.com\/wp-content\/uploads\/2025\/05\/liberation-mentale.png 250w, https:\/\/bebest-coaching.com\/wp-content\/uploads\/2025\/05\/liberation-mentale-150x150.png 150w\" sizes=\"auto, (max-width: 250px) 100vw, 250px\" \/><\/figure>\n\n\n\n<h3 class=\"wp-block-heading\">Die Kraft transformativen Coachings<\/h3>\n\n\n\n<p>Basierend auf emotionaler Intelligenz, systemischem Denken und Co-Kreation.<\/p>\n<\/div>\n\n\n\n<div class=\"wp-block-column is-layout-flow wp-block-column-is-layout-flow\">\n<figure class=\"wp-block-image size-full\"><img loading=\"lazy\" decoding=\"async\" width=\"250\" height=\"250\" src=\"https:\/\/bebest-coaching.com\/wp-content\/uploads\/2025\/05\/passage-a-laction.png\" alt=\"passage-a-laction\" class=\"wp-image-256\" srcset=\"https:\/\/bebest-coaching.com\/wp-content\/uploads\/2025\/05\/passage-a-laction.png 250w, https:\/\/bebest-coaching.com\/wp-content\/uploads\/2025\/05\/passage-a-laction-150x150.png 150w\" sizes=\"auto, (max-width: 250px) 100vw, 250px\" \/><\/figure>\n\n\n\n<h3 class=\"wp-block-heading\">Methoden aus Neurowissenschaft und Hypnotherapie<\/h3>\n\n\n\n<p>Um unbewusste Blockaden zu l\u00f6sen, die Sie ausbremsen.<\/p>\n<\/div>\n<\/div>\n\n\n\n<blockquote class=\"wp-block-quote big_quote wrap_small_content mt120 mb160 is-layout-flow wp-block-quote-is-layout-flow\">\n<p class=\"has-text-align-center\">Bei BeBest bedeutet Coaching keine Ratschl\u00e4ge \u2013 sondern eine echte Allianz. Wir geben weder Anweisungen noch vorgefertigte L\u00f6sungen.<\/p>\n\n\n\n<p class=\"has-text-align-center\">Wir \u00f6ffnen einen anspruchsvollen und sicheren Raum, in dem Klarheit entsteht \u2013 und der Leader sichtbar wird, der in Ihnen steckt.<\/p>\n\n\n\n<p class=\"has-text-align-center\"><\/p>\n<\/blockquote>\n<\/div><\/section>\n\n\n\n<figure class=\"wp-block-image size-full img-full\"><img loading=\"lazy\" decoding=\"async\" width=\"2500\" height=\"1667\" src=\"https:\/\/bebest-coaching.com\/wp-content\/uploads\/2025\/09\/cover-bebest-coaching.jpg\" alt=\"cover-bebest-coaching\" class=\"wp-image-898\" srcset=\"https:\/\/bebest-coaching.com\/wp-content\/uploads\/2025\/09\/cover-bebest-coaching.jpg 2500w, https:\/\/bebest-coaching.com\/wp-content\/uploads\/2025\/09\/cover-bebest-coaching-650x433.jpg 650w, https:\/\/bebest-coaching.com\/wp-content\/uploads\/2025\/09\/cover-bebest-coaching-1400x934.jpg 1400w, https:\/\/bebest-coaching.com\/wp-content\/uploads\/2025\/09\/cover-bebest-coaching-768x512.jpg 768w, https:\/\/bebest-coaching.com\/wp-content\/uploads\/2025\/09\/cover-bebest-coaching-1536x1024.jpg 1536w, https:\/\/bebest-coaching.com\/wp-content\/uploads\/2025\/09\/cover-bebest-coaching-2048x1366.jpg 2048w\" sizes=\"auto, (max-width: 2500px) 100vw, 2500px\" \/><\/figure>\n\n\n\n<div class=\"wp-block-group pt100 pb100 wrap_content\"><div class=\"wp-block-group__inner-container is-layout-constrained wp-block-group-is-layout-constrained\">\n<h2 class=\"wp-block-heading has-text-align-center\"><strong>Warum BeBest?<\/strong><\/h2>\n\n\n\n<p class=\"has-text-align-center\">Weil wir kein \u201enettes Coaching\u201c anbieten. Sondern wirksames, klares und kraftvolles Coaching \u2013 f\u00fcr Leader, die ihre Rolle mit Klarheit, Mut und Gelassenheit verk\u00f6rpern wollen.<\/p>\n\n\n\n<p class=\"has-text-align-center\">Ich mache wirksames, klares und kraftvolles Coaching \u2013 f\u00fcr Leader, die ihre Rolle mit Klarheit, Mut und Gelassenheit leben wollen.<\/p>\n\n\n\n<div class=\"wp-block-columns wrap_content mb30 col_quote mt40 is-layout-flex wp-container-core-columns-is-layout-9d6595d7 wp-block-columns-is-layout-flex\">\n<div class=\"wp-block-column is-layout-flow wp-block-column-is-layout-flow\">\n<blockquote class=\"wp-block-quote is-layout-flow wp-block-quote-is-layout-flow\">\n<p><em>Sie sagte mir nicht, was ich tun soll. Sie half mir zu verstehen, warum ich es noch nicht tat.<\/em><\/p>\n<\/blockquote>\n<\/div>\n\n\n\n<div class=\"wp-block-column is-layout-flow wp-block-column-is-layout-flow\">\n<blockquote class=\"wp-block-quote is-layout-flow wp-block-quote-is-layout-flow\">\n<p><em>Ich dachte, ich h\u00e4tte ein Zeitmanagement-Problem\u2026 in Wirklichkeit fehlte mir Klarheit \u00fcber die wahren Priorit\u00e4ten.<\/em><\/p>\n<\/blockquote>\n<\/div>\n<\/div>\n\n\n\n<div class=\"wp-block-columns wrap_content mb100 col_quote is-layout-flex wp-container-core-columns-is-layout-9d6595d7 wp-block-columns-is-layout-flex\">\n<div class=\"wp-block-column is-layout-flow wp-block-column-is-layout-flow\">\n<blockquote class=\"wp-block-quote is-layout-flow wp-block-quote-is-layout-flow\">\n<p><em>Ich h\u00f6rte auf, es allen recht zu machen \u2013 und begann, klar und souver\u00e4n zu entscheiden.<\/em><\/p>\n<\/blockquote>\n<\/div>\n\n\n\n<div class=\"wp-block-column is-layout-flow wp-block-column-is-layout-flow\">\n<blockquote class=\"wp-block-quote is-layout-flow wp-block-quote-is-layout-flow\">\n<p><em>Im Team arbeiten wir nicht mehr als vorher \u2013 aber deutlich effektiver\u2026 und mit mehr Freude!<\/em><\/p>\n<\/blockquote>\n<\/div>\n<\/div>\n<\/div><\/div>\n\n\n\n<div class=\"wp-block-group wrap_cta_bottom\"><div class=\"wp-block-group__inner-container is-layout-constrained wp-block-group-is-layout-constrained\">\n<div class=\"wp-block-group wrap_content\"><div class=\"wp-block-group__inner-container is-layout-constrained wp-block-group-is-layout-constrained\">\n<a href=\"https:\/\/bebest-coaching.com\/de\/contact-us\/\">\n\n\n\n<figure class=\"wp-block-image size-full\"><img loading=\"lazy\" decoding=\"async\" width=\"2000\" height=\"1127\" src=\"https:\/\/bebest-coaching.com\/wp-content\/uploads\/2025\/09\/bebest-nous-contacter.jpg\" alt=\"bebest-nous-contacter\" class=\"wp-image-902\" srcset=\"https:\/\/bebest-coaching.com\/wp-content\/uploads\/2025\/09\/bebest-nous-contacter.jpg 2000w, https:\/\/bebest-coaching.com\/wp-content\/uploads\/2025\/09\/bebest-nous-contacter-650x366.jpg 650w, https:\/\/bebest-coaching.com\/wp-content\/uploads\/2025\/09\/bebest-nous-contacter-1400x789.jpg 1400w, https:\/\/bebest-coaching.com\/wp-content\/uploads\/2025\/09\/bebest-nous-contacter-768x433.jpg 768w, https:\/\/bebest-coaching.com\/wp-content\/uploads\/2025\/09\/bebest-nous-contacter-1536x866.jpg 1536w\" sizes=\"auto, (max-width: 2000px) 100vw, 2000px\" \/><\/figure>\n\n\n\n<div class=\"content_cta\">\n<span class=\"reserver\">Bereit f\u00fcr mehr Weitblick?<\/span>\n<span>Lassen Sie uns dar\u00fcber sprechen<\/span>\n<\/div>\n\n\n\n<\/a>\n<\/div><\/div>\n<\/div><\/div>\n","protected":false},"excerpt":{"rendered":"<p>Die BeBest-Methode Mehr als Coaching: Methode und Transformation. Bei BeBest [&hellip;]<\/p>\n","protected":false},"author":1,"featured_media":0,"parent":0,"menu_order":11,"comment_status":"closed","ping_status":"closed","template":"","meta":{"_acf_changed":false,"footnotes":""},"class_list":["post-65","page","type-page","status-publish","hentry"],"acf":[],"yoast_head":"<!-- This site is optimized with the Yoast SEO plugin v27.4 - https:\/\/yoast.com\/product\/yoast-seo-wordpress\/ -->\n<title>Leadership Coaching Methode 3P | Purpose, People, Performance<\/title>\n<meta name=\"description\" content=\"Die BeBest Leadership Coaching Methode 3P basiert auf drei S\u00e4ulen: Purpose, People und Performance \u2013 f\u00fcr eine nachhaltige Transformation.\" \/>\n<meta name=\"robots\" content=\"index, follow, max-snippet:-1, max-image-preview:large, max-video-preview:-1\" \/>\n<link rel=\"canonical\" href=\"https:\/\/bebest-coaching.com\/de\/coaching-bebest\/\" \/>\n<meta property=\"og:locale\" content=\"de_DE\" \/>\n<meta property=\"og:type\" content=\"article\" \/>\n<meta property=\"og:title\" content=\"Leadership Coaching Methode 3P | Purpose, People, Performance\" \/>\n<meta property=\"og:description\" content=\"Die BeBest Leadership Coaching Methode 3P basiert auf drei S\u00e4ulen: Purpose, People und Performance \u2013 f\u00fcr eine nachhaltige Transformation.\" \/>\n<meta property=\"og:url\" content=\"https:\/\/bebest-coaching.com\/de\/coaching-bebest\/\" \/>\n<meta property=\"og:site_name\" content=\"Bebest Coaching\" \/>\n<meta property=\"article:modified_time\" content=\"2026-01-14T09:45:00+00:00\" \/>\n<meta property=\"og:image\" content=\"https:\/\/bebest-coaching.com\/wp-content\/uploads\/2025\/09\/contacter-audrey-jeanrond-1400x1138.jpg\" \/>\n\t<meta property=\"og:image:width\" content=\"1400\" \/>\n\t<meta property=\"og:image:height\" content=\"1138\" \/>\n\t<meta property=\"og:image:type\" content=\"image\/jpeg\" \/>\n<meta name=\"twitter:card\" content=\"summary_large_image\" \/>\n<meta name=\"twitter:label1\" content=\"Gesch\u00e4tzte Lesezeit\" \/>\n\t<meta name=\"twitter:data1\" content=\"3\u00a0Minuten\" \/>\n<script type=\"application\/ld+json\" class=\"yoast-schema-graph\">{\"@context\":\"https:\\\/\\\/schema.org\",\"@graph\":[{\"@type\":\"WebPage\",\"@id\":\"https:\\\/\\\/bebest-coaching.com\\\/de\\\/coaching-bebest\\\/\",\"url\":\"https:\\\/\\\/bebest-coaching.com\\\/de\\\/coaching-bebest\\\/\",\"name\":\"Leadership Coaching Methode 3P | Purpose, People, Performance\",\"isPartOf\":{\"@id\":\"https:\\\/\\\/bebest-coaching.com\\\/de\\\/#website\"},\"primaryImageOfPage\":{\"@id\":\"https:\\\/\\\/bebest-coaching.com\\\/de\\\/coaching-bebest\\\/#primaryimage\"},\"image\":{\"@id\":\"https:\\\/\\\/bebest-coaching.com\\\/de\\\/coaching-bebest\\\/#primaryimage\"},\"thumbnailUrl\":\"https:\\\/\\\/bebest-coaching.com\\\/wp-content\\\/uploads\\\/2025\\\/09\\\/contacter-audrey-jeanrond-1400x1138.jpg\",\"datePublished\":\"2025-04-04T21:03:24+00:00\",\"dateModified\":\"2026-01-14T09:45:00+00:00\",\"description\":\"Die BeBest Leadership Coaching Methode 3P basiert auf drei S\u00e4ulen: Purpose, People und Performance \u2013 f\u00fcr eine nachhaltige Transformation.\",\"breadcrumb\":{\"@id\":\"https:\\\/\\\/bebest-coaching.com\\\/de\\\/coaching-bebest\\\/#breadcrumb\"},\"inLanguage\":\"de\",\"potentialAction\":[{\"@type\":\"ReadAction\",\"target\":[\"https:\\\/\\\/bebest-coaching.com\\\/de\\\/coaching-bebest\\\/\"]}]},{\"@type\":\"ImageObject\",\"inLanguage\":\"de\",\"@id\":\"https:\\\/\\\/bebest-coaching.com\\\/de\\\/coaching-bebest\\\/#primaryimage\",\"url\":\"https:\\\/\\\/bebest-coaching.com\\\/wp-content\\\/uploads\\\/2025\\\/09\\\/contacter-audrey-jeanrond-1400x1138.jpg\",\"contentUrl\":\"https:\\\/\\\/bebest-coaching.com\\\/wp-content\\\/uploads\\\/2025\\\/09\\\/contacter-audrey-jeanrond-1400x1138.jpg\"},{\"@type\":\"BreadcrumbList\",\"@id\":\"https:\\\/\\\/bebest-coaching.com\\\/de\\\/coaching-bebest\\\/#breadcrumb\",\"itemListElement\":[{\"@type\":\"ListItem\",\"position\":1,\"name\":\"Startseite\",\"item\":\"https:\\\/\\\/bebest-coaching.com\\\/de\\\/\"},{\"@type\":\"ListItem\",\"position\":2,\"name\":\"Bebest\"}]},{\"@type\":\"WebSite\",\"@id\":\"https:\\\/\\\/bebest-coaching.com\\\/de\\\/#website\",\"url\":\"https:\\\/\\\/bebest-coaching.com\\\/de\\\/\",\"name\":\"Bebest Coaching\",\"description\":\"Au del\u00e0 du coaching business, une m\u00e9thode et une transformation.\",\"publisher\":{\"@id\":\"https:\\\/\\\/bebest-coaching.com\\\/de\\\/#organization\"},\"potentialAction\":[{\"@type\":\"SearchAction\",\"target\":{\"@type\":\"EntryPoint\",\"urlTemplate\":\"https:\\\/\\\/bebest-coaching.com\\\/de\\\/?s={search_term_string}\"},\"query-input\":{\"@type\":\"PropertyValueSpecification\",\"valueRequired\":true,\"valueName\":\"search_term_string\"}}],\"inLanguage\":\"de\"},{\"@type\":\"Organization\",\"@id\":\"https:\\\/\\\/bebest-coaching.com\\\/de\\\/#organization\",\"name\":\"Bebest Coaching\",\"url\":\"https:\\\/\\\/bebest-coaching.com\\\/de\\\/\",\"logo\":{\"@type\":\"ImageObject\",\"inLanguage\":\"de\",\"@id\":\"https:\\\/\\\/bebest-coaching.com\\\/de\\\/#\\\/schema\\\/logo\\\/image\\\/\",\"url\":\"https:\\\/\\\/bebest-coaching.com\\\/wp-content\\\/uploads\\\/2025\\\/12\\\/logo-bebest.png\",\"contentUrl\":\"https:\\\/\\\/bebest-coaching.com\\\/wp-content\\\/uploads\\\/2025\\\/12\\\/logo-bebest.png\",\"width\":220,\"height\":218,\"caption\":\"Bebest Coaching\"},\"image\":{\"@id\":\"https:\\\/\\\/bebest-coaching.com\\\/de\\\/#\\\/schema\\\/logo\\\/image\\\/\"},\"sameAs\":[\"https:\\\/\\\/www.linkedin.com\\\/in\\\/audrey-jeanrond\\\/\",\"https:\\\/\\\/www.instagram.com\\\/audreyjeanrond\\\/\"]}]}<\/script>\n<!-- \/ Yoast SEO plugin. -->","yoast_head_json":{"title":"Leadership Coaching Methode 3P | Purpose, People, Performance","description":"Die BeBest Leadership Coaching Methode 3P basiert auf drei S\u00e4ulen: Purpose, People und Performance \u2013 f\u00fcr eine nachhaltige Transformation.","robots":{"index":"index","follow":"follow","max-snippet":"max-snippet:-1","max-image-preview":"max-image-preview:large","max-video-preview":"max-video-preview:-1"},"canonical":"https:\/\/bebest-coaching.com\/de\/coaching-bebest\/","og_locale":"de_DE","og_type":"article","og_title":"Leadership Coaching Methode 3P | Purpose, People, Performance","og_description":"Die BeBest Leadership Coaching Methode 3P basiert auf drei S\u00e4ulen: Purpose, People und Performance \u2013 f\u00fcr eine nachhaltige Transformation.","og_url":"https:\/\/bebest-coaching.com\/de\/coaching-bebest\/","og_site_name":"Bebest Coaching","article_modified_time":"2026-01-14T09:45:00+00:00","og_image":[{"width":1400,"height":1138,"url":"https:\/\/bebest-coaching.com\/wp-content\/uploads\/2025\/09\/contacter-audrey-jeanrond-1400x1138.jpg","type":"image\/jpeg"}],"twitter_card":"summary_large_image","twitter_misc":{"Gesch\u00e4tzte Lesezeit":"3\u00a0Minuten"},"schema":{"@context":"https:\/\/schema.org","@graph":[{"@type":"WebPage","@id":"https:\/\/bebest-coaching.com\/de\/coaching-bebest\/","url":"https:\/\/bebest-coaching.com\/de\/coaching-bebest\/","name":"Leadership Coaching Methode 3P | Purpose, People, Performance","isPartOf":{"@id":"https:\/\/bebest-coaching.com\/de\/#website"},"primaryImageOfPage":{"@id":"https:\/\/bebest-coaching.com\/de\/coaching-bebest\/#primaryimage"},"image":{"@id":"https:\/\/bebest-coaching.com\/de\/coaching-bebest\/#primaryimage"},"thumbnailUrl":"https:\/\/bebest-coaching.com\/wp-content\/uploads\/2025\/09\/contacter-audrey-jeanrond-1400x1138.jpg","datePublished":"2025-04-04T21:03:24+00:00","dateModified":"2026-01-14T09:45:00+00:00","description":"Die BeBest Leadership Coaching Methode 3P basiert auf drei S\u00e4ulen: Purpose, People und Performance \u2013 f\u00fcr eine nachhaltige Transformation.","breadcrumb":{"@id":"https:\/\/bebest-coaching.com\/de\/coaching-bebest\/#breadcrumb"},"inLanguage":"de","potentialAction":[{"@type":"ReadAction","target":["https:\/\/bebest-coaching.com\/de\/coaching-bebest\/"]}]},{"@type":"ImageObject","inLanguage":"de","@id":"https:\/\/bebest-coaching.com\/de\/coaching-bebest\/#primaryimage","url":"https:\/\/bebest-coaching.com\/wp-content\/uploads\/2025\/09\/contacter-audrey-jeanrond-1400x1138.jpg","contentUrl":"https:\/\/bebest-coaching.com\/wp-content\/uploads\/2025\/09\/contacter-audrey-jeanrond-1400x1138.jpg"},{"@type":"BreadcrumbList","@id":"https:\/\/bebest-coaching.com\/de\/coaching-bebest\/#breadcrumb","itemListElement":[{"@type":"ListItem","position":1,"name":"Startseite","item":"https:\/\/bebest-coaching.com\/de\/"},{"@type":"ListItem","position":2,"name":"Bebest"}]},{"@type":"WebSite","@id":"https:\/\/bebest-coaching.com\/de\/#website","url":"https:\/\/bebest-coaching.com\/de\/","name":"Bebest Coaching","description":"Au del\u00e0 du coaching business, une m\u00e9thode et une transformation.","publisher":{"@id":"https:\/\/bebest-coaching.com\/de\/#organization"},"potentialAction":[{"@type":"SearchAction","target":{"@type":"EntryPoint","urlTemplate":"https:\/\/bebest-coaching.com\/de\/?s={search_term_string}"},"query-input":{"@type":"PropertyValueSpecification","valueRequired":true,"valueName":"search_term_string"}}],"inLanguage":"de"},{"@type":"Organization","@id":"https:\/\/bebest-coaching.com\/de\/#organization","name":"Bebest Coaching","url":"https:\/\/bebest-coaching.com\/de\/","logo":{"@type":"ImageObject","inLanguage":"de","@id":"https:\/\/bebest-coaching.com\/de\/#\/schema\/logo\/image\/","url":"https:\/\/bebest-coaching.com\/wp-content\/uploads\/2025\/12\/logo-bebest.png","contentUrl":"https:\/\/bebest-coaching.com\/wp-content\/uploads\/2025\/12\/logo-bebest.png","width":220,"height":218,"caption":"Bebest Coaching"},"image":{"@id":"https:\/\/bebest-coaching.com\/de\/#\/schema\/logo\/image\/"},"sameAs":["https:\/\/www.linkedin.com\/in\/audrey-jeanrond\/","https:\/\/www.instagram.com\/audreyjeanrond\/"]}]}},"_links":{"self":[{"href":"https:\/\/bebest-coaching.com\/de\/wp-json\/wp\/v2\/pages\/65","targetHints":{"allow":["GET"]}}],"collection":[{"href":"https:\/\/bebest-coaching.com\/de\/wp-json\/wp\/v2\/pages"}],"about":[{"href":"https:\/\/bebest-coaching.com\/de\/wp-json\/wp\/v2\/types\/page"}],"author":[{"embeddable":true,"href":"https:\/\/bebest-coaching.com\/de\/wp-json\/wp\/v2\/users\/1"}],"replies":[{"embeddable":true,"href":"https:\/\/bebest-coaching.com\/de\/wp-json\/wp\/v2\/comments?post=65"}],"version-history":[{"count":3,"href":"https:\/\/bebest-coaching.com\/de\/wp-json\/wp\/v2\/pages\/65\/revisions"}],"predecessor-version":[{"id":1327,"href":"https:\/\/bebest-coaching.com\/de\/wp-json\/wp\/v2\/pages\/65\/revisions\/1327"}],"wp:attachment":[{"href":"https:\/\/bebest-coaching.com\/de\/wp-json\/wp\/v2\/media?parent=65"}],"curies":[{"name":"wp","href":"https:\/\/api.w.org\/{rel}","templated":true}]}}